{"id":123224,"date":"2026-05-06T12:07:04","date_gmt":"2026-05-06T15:07:04","guid":{"rendered":"https:\/\/www.hediyepazar.com\/?product=romantik-cift-figurlu-gece-lambasi-sandal-model-sevgiliye-ozel-hediye"},"modified":"2026-05-06T12:07:04","modified_gmt":"2026-05-06T15:07:04","slug":"romantik-cift-figurlu-gece-lambasi-sandal-model-sevgiliye-ozel-hediye","status":"publish","type":"product","link":"https:\/\/www.hediyepazar.com\/?product=romantik-cift-figurlu-gece-lambasi-sandal-model-sevgiliye-ozel-hediye","title":{"rendered":"Romantik \u00c7ift Fig\u00fcrl\u00fc Gece Lambas\u0131 Sandal Model Sevgiliye \u00d6zel Hediye"},"content":{"rendered":"<p>Romantik \u00c7ift Fig\u00fcrl\u00fc Gece Lambas\u0131, sevginin ve birlikteli\u011fin en zarif halini dekoratif bir tasar\u0131mla bulu\u015fturur. Sandal \u00fczerinde el ele tutu\u015fan \u00e7ift fig\u00fcr\u00fc, a\u015fk\u0131 ve ba\u011fl\u0131l\u0131\u011f\u0131 simgelerken bulundu\u011fu ortama s\u0131cak ve huzurlu bir ambiyans katar. Yumu\u015fak LED \u0131\u015f\u0131\u011f\u0131 sayesinde g\u00f6z yormadan ayd\u0131nlatma sa\u011flar ve gece lambas\u0131 olarak g\u00fcvenle kullan\u0131labilir.Komodin, masa, raf veya dekor k\u00f6\u015felerinde rahatl\u0131kla sergilenebilir. Romantik ve estetik tasar\u0131m\u0131 sayesinde ev dekorasyonuna anlam katar. Kaliteli ve dayan\u0131kl\u0131 re\u00e7ine malzemeden \u00fcretilmi\u015f olmas\u0131, \u00fcr\u00fcn\u00fc uzun \u00f6m\u00fcrl\u00fc ve sa\u011flam hale getirir. Sevgililer G\u00fcn\u00fc, do\u011fum g\u00fcn\u00fc veya y\u0131ld\u00f6n\u00fcm\u00fc gibi \u00f6zel g\u00fcnler i\u00e7in anlaml\u0131 ve duygusal bir hediye alternatifi sunar.<\/p>\n","protected":false},"excerpt":{"rendered":"<p>Romantik \u00c7ift Fig\u00fcrl\u00fc Gece Lambas\u0131, sevginin ve birlikteli\u011fin en zarif halini dekoratif bir tasar\u0131mla bulu\u015fturur. Sandal \u00fczerinde el ele tutu\u015fan \u00e7ift fig\u00fcr\u00fc, a\u015fk\u0131 ve ba\u011fl\u0131l\u0131\u011f\u0131 simgelerken bulundu\u011fu ortama s\u0131cak ve huzurlu bir ambiyans katar. Yumu\u015fak LED \u0131\u015f\u0131\u011f\u0131 sayesinde g\u00f6z yormadan ayd\u0131nlatma sa\u011flar ve gece lambas\u0131 olarak g\u00fcvenle kullan\u0131labilir.Komodin, masa, raf veya dekor k\u00f6\u015felerinde rahatl\u0131kla sergilenebilir&#8230;.<\/p>\n","protected":false},"featured_media":123223,"comment_status":"open","ping_status":"closed","template":"","meta":{"_kad_post_transparent":"","_kad_post_title":"","_kad_post_layout":"","_kad_post_sidebar_id":"","_kad_post_content_style":"","_kad_post_vertical_padding":"","_kad_post_feature":"","_kad_post_feature_position":"","_kad_post_header":false,"_kad_post_footer":false,"_kad_post_classname":""},"product_brand":[],"product_cat":[14967],"product_tag":[],"class_list":{"0":"post-123224","1":"product","2":"type-product","3":"status-publish","4":"has-post-thumbnail","6":"product_cat-gece-lambasi-gece-lambasi","8":"first","9":"instock","10":"purchasable","11":"product-type-simple","12":"entry","13":"content-bg","14":"loop-entry"},"_links":{"self":[{"href":"https:\/\/www.hediyepazar.com\/index.php?rest_route=\/wp\/v2\/product\/123224","targetHints":{"allow":["GET"]}}],"collection":[{"href":"https:\/\/www.hediyepazar.com\/index.php?rest_route=\/wp\/v2\/product"}],"about":[{"href":"https:\/\/www.hediyepazar.com\/index.php?rest_route=\/wp\/v2\/types\/product"}],"replies":[{"embeddable":true,"href":"https:\/\/www.hediyepazar.com\/index.php?rest_route=%2Fwp%2Fv2%2Fcomments&post=123224"}],"wp:featuredmedia":[{"embeddable":true,"href":"https:\/\/www.hediyepazar.com\/index.php?rest_route=\/wp\/v2\/media\/123223"}],"wp:attachment":[{"href":"https:\/\/www.hediyepazar.com\/index.php?rest_route=%2Fwp%2Fv2%2Fmedia&parent=123224"}],"wp:term":[{"taxonomy":"product_brand","embeddable":true,"href":"https:\/\/www.hediyepazar.com\/index.php?rest_route=%2Fwp%2Fv2%2Fproduct_brand&post=123224"},{"taxonomy":"product_cat","embeddable":true,"href":"https:\/\/www.hediyepazar.com\/index.php?rest_route=%2Fwp%2Fv2%2Fproduct_cat&post=123224"},{"taxonomy":"product_tag","embeddable":true,"href":"https:\/\/www.hediyepazar.com\/index.php?rest_route=%2Fwp%2Fv2%2Fproduct_tag&post=123224"}],"curies":[{"name":"wp","href":"https:\/\/api.w.org\/{rel}","templated":true}]}}