{"id":123225,"date":"2026-05-06T12:07:27","date_gmt":"2026-05-06T15:07:27","guid":{"rendered":"https:\/\/www.hediyepazar.com\/?product=3-fonksiyonlu-masaj-aleti-cilt-sikilastirici-ve-rahatlatici"},"modified":"2026-05-06T12:07:27","modified_gmt":"2026-05-06T15:07:27","slug":"3-fonksiyonlu-masaj-aleti-cilt-sikilastirici-ve-rahatlatici","status":"publish","type":"product","link":"https:\/\/www.hediyepazar.com\/?product=3-fonksiyonlu-masaj-aleti-cilt-sikilastirici-ve-rahatlatici","title":{"rendered":"3 Fonksiyonlu Masaj Aleti Cilt S\u0131k\u0131la\u015ft\u0131r\u0131c\u0131 ve Rahatlat\u0131c\u0131"},"content":{"rendered":"<p>USB \u015earjl\u0131 \u00c7ok Fonksiyonlu Masaj Aleti, evde kendi kendine bak\u0131m yapmak isteyenler i\u00e7in geli\u015ftirilmi\u015f pratik ve etkili bir \u00fcr\u00fcnd\u00fcr. Kupa terapisi, s\u0131cak kompres ve gua sha masaj\u0131n\u0131 tek bir cihazda sunarak farkl\u0131 ihtiya\u00e7lara tek \u00e7\u00f6z\u00fcm sa\u011flar. Bu sayede birden fazla masaj \u00fcr\u00fcn\u00fc kullanma gereklili\u011fini ortadan kald\u0131r\u0131r.Ta\u015f\u0131nabilir ve hafif yap\u0131s\u0131, \u00fcr\u00fcn\u00fc her ortamda rahat\u00e7a kullanabilmenize olanak tan\u0131r. USB ile \u015farj edilebilir olmas\u0131, priz ba\u011f\u0131ml\u0131l\u0131\u011f\u0131n\u0131 ortadan kald\u0131r\u0131r. Evde, ofiste veya seyahat s\u0131ras\u0131nda kolayca kullan\u0131labilir. Masaj salonlar\u0131na gitmeden profesyonel benzeri bir masaj deneyimi ya\u015famak isteyenler i\u00e7in idealdir.Kupa terapisi modu, vakum etkisiyle kaslar\u0131 gev\u015fetir ve cilt alt\u0131 dola\u015f\u0131m\u0131n\u0131 destekler. S\u0131cak kompres fonksiyonu, kas yorgunlu\u011funu azalt\u0131r ve rahatlama hissini art\u0131r\u0131r. Gua sha kaz\u0131ma fonksiyonu ise cilt y\u00fczeyini uyararak daha canl\u0131 ve p\u00fcr\u00fczs\u00fcz bir cilt g\u00f6r\u00fcn\u00fcm\u00fc elde edilmesine yard\u0131mc\u0131 olur.V\u00fccudun farkl\u0131 b\u00f6lgelerinde kullan\u0131ma uygun olmas\u0131, \u00fcr\u00fcn\u00fc son derece \u00e7ok y\u00f6nl\u00fc hale getirir. Bald\u0131r, uyluk, kal\u00e7a, kar\u0131n, kol ve s\u0131rt b\u00f6lgelerinde g\u00fcvenle kullan\u0131labilir. D\u00fczenli kullan\u0131mda cilt elastikiyetini destekler ve daha s\u0131k\u0131 bir g\u00f6r\u00fcn\u00fcm sa\u011flar. Fonksiyonelli\u011fi ve kullan\u0131m kolayl\u0131\u011f\u0131 sayesinde hem kendiniz hem de sevdikleriniz i\u00e7in ideal bir bak\u0131m \u00fcr\u00fcn\u00fcd\u00fcr.<\/p>\n","protected":false},"excerpt":{"rendered":"<p>USB \u015earjl\u0131 \u00c7ok Fonksiyonlu Masaj Aleti, evde kendi kendine bak\u0131m yapmak isteyenler i\u00e7in geli\u015ftirilmi\u015f pratik ve etkili bir \u00fcr\u00fcnd\u00fcr. Kupa terapisi, s\u0131cak kompres ve gua sha masaj\u0131n\u0131 tek bir cihazda sunarak farkl\u0131 ihtiya\u00e7lara tek \u00e7\u00f6z\u00fcm sa\u011flar. Bu sayede birden fazla masaj \u00fcr\u00fcn\u00fc kullanma gereklili\u011fini ortadan kald\u0131r\u0131r.Ta\u015f\u0131nabilir ve hafif yap\u0131s\u0131, \u00fcr\u00fcn\u00fc her ortamda rahat\u00e7a kullanabilmenize olanak&#8230;<\/p>\n","protected":false},"featured_media":0,"comment_status":"open","ping_status":"closed","template":"","meta":{"_kad_post_transparent":"","_kad_post_title":"","_kad_post_layout":"","_kad_post_sidebar_id":"","_kad_post_content_style":"","_kad_post_vertical_padding":"","_kad_post_feature":"","_kad_post_feature_position":"","_kad_post_header":false,"_kad_post_footer":false,"_kad_post_classname":""},"product_brand":[],"product_cat":[14939],"product_tag":[],"class_list":{"0":"post-123225","1":"product","2":"type-product","3":"status-publish","5":"product_cat-masaj-cihazi-masaj-cihazi","7":"first","8":"instock","9":"purchasable","10":"product-type-simple","11":"entry","12":"content-bg","13":"loop-entry"},"_links":{"self":[{"href":"https:\/\/www.hediyepazar.com\/index.php?rest_route=\/wp\/v2\/product\/123225","targetHints":{"allow":["GET"]}}],"collection":[{"href":"https:\/\/www.hediyepazar.com\/index.php?rest_route=\/wp\/v2\/product"}],"about":[{"href":"https:\/\/www.hediyepazar.com\/index.php?rest_route=\/wp\/v2\/types\/product"}],"replies":[{"embeddable":true,"href":"https:\/\/www.hediyepazar.com\/index.php?rest_route=%2Fwp%2Fv2%2Fcomments&post=123225"}],"wp:attachment":[{"href":"https:\/\/www.hediyepazar.com\/index.php?rest_route=%2Fwp%2Fv2%2Fmedia&parent=123225"}],"wp:term":[{"taxonomy":"product_brand","embeddable":true,"href":"https:\/\/www.hediyepazar.com\/index.php?rest_route=%2Fwp%2Fv2%2Fproduct_brand&post=123225"},{"taxonomy":"product_cat","embeddable":true,"href":"https:\/\/www.hediyepazar.com\/index.php?rest_route=%2Fwp%2Fv2%2Fproduct_cat&post=123225"},{"taxonomy":"product_tag","embeddable":true,"href":"https:\/\/www.hediyepazar.com\/index.php?rest_route=%2Fwp%2Fv2%2Fproduct_tag&post=123225"}],"curies":[{"name":"wp","href":"https:\/\/api.w.org\/{rel}","templated":true}]}}