{"id":123233,"date":"2026-05-06T12:12:03","date_gmt":"2026-05-06T15:12:03","guid":{"rendered":"https:\/\/www.hediyepazar.com\/?product=powerbank-hizli-sarj-solar-gunes-enerjili-cok-girisli"},"modified":"2026-05-06T12:12:03","modified_gmt":"2026-05-06T15:12:03","slug":"powerbank-hizli-sarj-solar-gunes-enerjili-cok-girisli","status":"publish","type":"product","link":"https:\/\/www.hediyepazar.com\/?product=powerbank-hizli-sarj-solar-gunes-enerjili-cok-girisli","title":{"rendered":"Powerbank H\u0131zl\u0131 \u015earj Solar G\u00fcne\u015f Enerjili \u00c7ok Giri\u015fli"},"content":{"rendered":"<p>80000 mAh Solar Powerbank, h\u0131zl\u0131 \u015farj deste\u011fi ve y\u00fcksek kapasitesiyle g\u00fcnl\u00fck hayat\u0131n vazge\u00e7ilmez aksesuarlar\u0131ndan biridir. G\u00fc\u00e7l\u00fc bataryas\u0131 sayesinde telefonunuzu defalarca \u015farj edebilir, uzun yolculuklarda ve do\u011fa aktivitelerinde kesintisiz enerji elde edebilirsiniz.\u00dczerinde bulunan \u00e7oklu kablolar sayesinde farkl\u0131 cihazlar i\u00e7in ekstra ekipman ta\u015f\u0131man\u0131za gerek kalmaz. Solar paneli, g\u00fcne\u015f enerjisinden destek alarak \u00e7evre dostu bir kullan\u0131m sunar. Dahili LED feneri, karanl\u0131k ortamlarda pratik bir ayd\u0131nlatma sa\u011flar.Ak\u0131ll\u0131 ak\u0131m koruma teknolojisi, cihazlar\u0131n\u0131z\u0131 g\u00fcvenle \u015farj etmenizi sa\u011flar. Dijital g\u00f6sterge, pil durumunu net \u015fekilde g\u00f6sterir. Kompakt yap\u0131s\u0131 ve dayan\u0131kl\u0131 tasar\u0131m\u0131yla uzun s\u00fcreli kullan\u0131m i\u00e7in uygundur.<\/p>\n","protected":false},"excerpt":{"rendered":"<p>80000 mAh Solar Powerbank, h\u0131zl\u0131 \u015farj deste\u011fi ve y\u00fcksek kapasitesiyle g\u00fcnl\u00fck hayat\u0131n vazge\u00e7ilmez aksesuarlar\u0131ndan biridir. G\u00fc\u00e7l\u00fc bataryas\u0131 sayesinde telefonunuzu defalarca \u015farj edebilir, uzun yolculuklarda ve do\u011fa aktivitelerinde kesintisiz enerji elde edebilirsiniz.\u00dczerinde bulunan \u00e7oklu kablolar sayesinde farkl\u0131 cihazlar i\u00e7in ekstra ekipman ta\u015f\u0131man\u0131za gerek kalmaz. Solar paneli, g\u00fcne\u015f enerjisinden destek alarak \u00e7evre dostu bir kullan\u0131m sunar. Dahili&#8230;<\/p>\n","protected":false},"featured_media":123232,"comment_status":"open","ping_status":"closed","template":"","meta":{"_kad_post_transparent":"","_kad_post_title":"","_kad_post_layout":"","_kad_post_sidebar_id":"","_kad_post_content_style":"","_kad_post_vertical_padding":"","_kad_post_feature":"","_kad_post_feature_position":"","_kad_post_header":false,"_kad_post_footer":false,"_kad_post_classname":""},"product_brand":[],"product_cat":[14937],"product_tag":[],"class_list":{"0":"post-123233","1":"product","2":"type-product","3":"status-publish","4":"has-post-thumbnail","6":"product_cat-powerbank-powerbank-2","8":"first","9":"instock","10":"purchasable","11":"product-type-simple","12":"entry","13":"content-bg","14":"loop-entry"},"_links":{"self":[{"href":"https:\/\/www.hediyepazar.com\/index.php?rest_route=\/wp\/v2\/product\/123233","targetHints":{"allow":["GET"]}}],"collection":[{"href":"https:\/\/www.hediyepazar.com\/index.php?rest_route=\/wp\/v2\/product"}],"about":[{"href":"https:\/\/www.hediyepazar.com\/index.php?rest_route=\/wp\/v2\/types\/product"}],"replies":[{"embeddable":true,"href":"https:\/\/www.hediyepazar.com\/index.php?rest_route=%2Fwp%2Fv2%2Fcomments&post=123233"}],"wp:featuredmedia":[{"embeddable":true,"href":"https:\/\/www.hediyepazar.com\/index.php?rest_route=\/wp\/v2\/media\/123232"}],"wp:attachment":[{"href":"https:\/\/www.hediyepazar.com\/index.php?rest_route=%2Fwp%2Fv2%2Fmedia&parent=123233"}],"wp:term":[{"taxonomy":"product_brand","embeddable":true,"href":"https:\/\/www.hediyepazar.com\/index.php?rest_route=%2Fwp%2Fv2%2Fproduct_brand&post=123233"},{"taxonomy":"product_cat","embeddable":true,"href":"https:\/\/www.hediyepazar.com\/index.php?rest_route=%2Fwp%2Fv2%2Fproduct_cat&post=123233"},{"taxonomy":"product_tag","embeddable":true,"href":"https:\/\/www.hediyepazar.com\/index.php?rest_route=%2Fwp%2Fv2%2Fproduct_tag&post=123233"}],"curies":[{"name":"wp","href":"https:\/\/api.w.org\/{rel}","templated":true}]}}