{"id":123243,"date":"2026-05-06T12:13:13","date_gmt":"2026-05-06T15:13:13","guid":{"rendered":"https:\/\/www.hediyepazar.com\/?product=spa-etkili-masaj-uclu-dus-basligi-ergonomik-tasarim"},"modified":"2026-05-06T12:13:13","modified_gmt":"2026-05-06T15:13:13","slug":"spa-etkili-masaj-uclu-dus-basligi-ergonomik-tasarim","status":"publish","type":"product","link":"https:\/\/www.hediyepazar.com\/?product=spa-etkili-masaj-uclu-dus-basligi-ergonomik-tasarim","title":{"rendered":"Spa Etkili Masaj U\u00e7lu Du\u015f Ba\u015fl\u0131\u011f\u0131 Ergonomik Tasar\u0131m"},"content":{"rendered":"<p>Spa etkili masaj u\u00e7lu du\u015f ba\u015fl\u0131\u011f\u0131, suyun g\u00fcc\u00fcn\u00fc masaj etkisiyle birle\u015ftirerek banyoda benzersiz bir deneyim sunar. Ritmik su ak\u0131\u015f\u0131 sayesinde cilt \u00fczerinde rahatlat\u0131c\u0131 bir masaj hissi olu\u015fturur ve kan dola\u015f\u0131m\u0131n\u0131 destekler. Bu \u00f6zellik, \u00f6zellikle yo\u011fun ge\u00e7en g\u00fcnlerin ard\u0131ndan rahatlamak isteyenler i\u00e7in idealdir.Ergonomik tutu\u015fu sayesinde kullan\u0131m s\u0131ras\u0131nda el yorgunlu\u011fu olu\u015fturmaz. Su tasarrufu sa\u011flayan \u00f6zel tasar\u0131m\u0131, \u00e7evreye duyarl\u0131 bir kullan\u0131m sunarken faturalar\u0131n\u0131z\u0131 d\u00fc\u015f\u00fcrmeye yard\u0131mc\u0131 olur. Dayan\u0131kl\u0131 malzemesi sayesinde uzun s\u00fcreli kullan\u0131m imk\u00e2n\u0131 sa\u011flar ve kolay temizlenebilir yap\u0131s\u0131yla hijyenik bir du\u015f deneyimi sunar.<\/p>\n","protected":false},"excerpt":{"rendered":"<p>Spa etkili masaj u\u00e7lu du\u015f ba\u015fl\u0131\u011f\u0131, suyun g\u00fcc\u00fcn\u00fc masaj etkisiyle birle\u015ftirerek banyoda benzersiz bir deneyim sunar. Ritmik su ak\u0131\u015f\u0131 sayesinde cilt \u00fczerinde rahatlat\u0131c\u0131 bir masaj hissi olu\u015fturur ve kan dola\u015f\u0131m\u0131n\u0131 destekler. Bu \u00f6zellik, \u00f6zellikle yo\u011fun ge\u00e7en g\u00fcnlerin ard\u0131ndan rahatlamak isteyenler i\u00e7in idealdir.Ergonomik tutu\u015fu sayesinde kullan\u0131m s\u0131ras\u0131nda el yorgunlu\u011fu olu\u015fturmaz. Su tasarrufu sa\u011flayan \u00f6zel tasar\u0131m\u0131, \u00e7evreye&#8230;<\/p>\n","protected":false},"featured_media":123242,"comment_status":"open","ping_status":"closed","template":"","meta":{"_kad_post_transparent":"","_kad_post_title":"","_kad_post_layout":"","_kad_post_sidebar_id":"","_kad_post_content_style":"","_kad_post_vertical_padding":"","_kad_post_feature":"","_kad_post_feature_position":"","_kad_post_header":false,"_kad_post_footer":false,"_kad_post_classname":""},"product_brand":[],"product_cat":[14915],"product_tag":[],"class_list":{"0":"post-123243","1":"product","2":"type-product","3":"status-publish","4":"has-post-thumbnail","6":"product_cat-dus-basligi-dus-basligi","8":"first","9":"instock","10":"purchasable","11":"product-type-simple","12":"entry","13":"content-bg","14":"loop-entry"},"_links":{"self":[{"href":"https:\/\/www.hediyepazar.com\/index.php?rest_route=\/wp\/v2\/product\/123243","targetHints":{"allow":["GET"]}}],"collection":[{"href":"https:\/\/www.hediyepazar.com\/index.php?rest_route=\/wp\/v2\/product"}],"about":[{"href":"https:\/\/www.hediyepazar.com\/index.php?rest_route=\/wp\/v2\/types\/product"}],"replies":[{"embeddable":true,"href":"https:\/\/www.hediyepazar.com\/index.php?rest_route=%2Fwp%2Fv2%2Fcomments&post=123243"}],"wp:featuredmedia":[{"embeddable":true,"href":"https:\/\/www.hediyepazar.com\/index.php?rest_route=\/wp\/v2\/media\/123242"}],"wp:attachment":[{"href":"https:\/\/www.hediyepazar.com\/index.php?rest_route=%2Fwp%2Fv2%2Fmedia&parent=123243"}],"wp:term":[{"taxonomy":"product_brand","embeddable":true,"href":"https:\/\/www.hediyepazar.com\/index.php?rest_route=%2Fwp%2Fv2%2Fproduct_brand&post=123243"},{"taxonomy":"product_cat","embeddable":true,"href":"https:\/\/www.hediyepazar.com\/index.php?rest_route=%2Fwp%2Fv2%2Fproduct_cat&post=123243"},{"taxonomy":"product_tag","embeddable":true,"href":"https:\/\/www.hediyepazar.com\/index.php?rest_route=%2Fwp%2Fv2%2Fproduct_tag&post=123243"}],"curies":[{"name":"wp","href":"https:\/\/api.w.org\/{rel}","templated":true}]}}