{"id":123245,"date":"2026-05-06T12:13:18","date_gmt":"2026-05-06T15:13:18","guid":{"rendered":"https:\/\/www.hediyepazar.com\/?product=yuksek-basincli-masajli-dus-basligi-su-tasarruflu"},"modified":"2026-05-06T12:13:18","modified_gmt":"2026-05-06T15:13:18","slug":"yuksek-basincli-masajli-dus-basligi-su-tasarruflu","status":"publish","type":"product","link":"https:\/\/www.hediyepazar.com\/?product=yuksek-basincli-masajli-dus-basligi-su-tasarruflu","title":{"rendered":"Y\u00fcksek Bas\u0131n\u00e7l\u0131 Masajl\u0131 Du\u015f Ba\u015fl\u0131\u011f\u0131 Su Tasarruflu"},"content":{"rendered":"<p>Masaj u\u00e7lu y\u00fcksek bas\u0131n\u00e7l\u0131 du\u015f ba\u015fl\u0131\u011f\u0131, du\u015f al\u0131rken hem cilt temizli\u011fini hem de rahatlamay\u0131 bir arada sunar. \u00d6zel masaj ba\u015fl\u0131klar\u0131, suyun cilde e\u015fit ve derinlemesine temas etmesini sa\u011flayarak etkili bir temizlik sunar. Ayn\u0131 zamanda kaslar\u0131 gev\u015fetmeye yard\u0131mc\u0131 olan masaj hissiyle g\u00fcn\u00fcn stresini azalt\u0131r.Y\u00fcksek bas\u0131n\u00e7l\u0131 su ak\u0131\u015f\u0131, d\u00fc\u015f\u00fck su t\u00fcketimiyle g\u00fc\u00e7l\u00fc performans sa\u011flar. Bu sayede su tasarrufu yaparken temizlik kalitesinden \u00f6d\u00fcn vermezsiniz. Ergonomik tasar\u0131m\u0131 sayesinde elde rahat tutulur ve uzun s\u00fcreli kullan\u0131mda bile konfor sa\u011flar. Kolay temizlenebilir yap\u0131s\u0131, kire\u00e7lenmeye kar\u015f\u0131 dayan\u0131kl\u0131d\u0131r ve ilk g\u00fcnk\u00fc performans\u0131n\u0131 uzun s\u00fcre korur.<\/p>\n","protected":false},"excerpt":{"rendered":"<p>Masaj u\u00e7lu y\u00fcksek bas\u0131n\u00e7l\u0131 du\u015f ba\u015fl\u0131\u011f\u0131, du\u015f al\u0131rken hem cilt temizli\u011fini hem de rahatlamay\u0131 bir arada sunar. \u00d6zel masaj ba\u015fl\u0131klar\u0131, suyun cilde e\u015fit ve derinlemesine temas etmesini sa\u011flayarak etkili bir temizlik sunar. Ayn\u0131 zamanda kaslar\u0131 gev\u015fetmeye yard\u0131mc\u0131 olan masaj hissiyle g\u00fcn\u00fcn stresini azalt\u0131r.Y\u00fcksek bas\u0131n\u00e7l\u0131 su ak\u0131\u015f\u0131, d\u00fc\u015f\u00fck su t\u00fcketimiyle g\u00fc\u00e7l\u00fc performans sa\u011flar. Bu sayede su&#8230;<\/p>\n","protected":false},"featured_media":123244,"comment_status":"open","ping_status":"closed","template":"","meta":{"_kad_post_transparent":"","_kad_post_title":"","_kad_post_layout":"","_kad_post_sidebar_id":"","_kad_post_content_style":"","_kad_post_vertical_padding":"","_kad_post_feature":"","_kad_post_feature_position":"","_kad_post_header":false,"_kad_post_footer":false,"_kad_post_classname":""},"product_brand":[],"product_cat":[14915],"product_tag":[],"class_list":{"0":"post-123245","1":"product","2":"type-product","3":"status-publish","4":"has-post-thumbnail","6":"product_cat-dus-basligi-dus-basligi","8":"first","9":"instock","10":"purchasable","11":"product-type-simple","12":"entry","13":"content-bg","14":"loop-entry"},"_links":{"self":[{"href":"https:\/\/www.hediyepazar.com\/index.php?rest_route=\/wp\/v2\/product\/123245","targetHints":{"allow":["GET"]}}],"collection":[{"href":"https:\/\/www.hediyepazar.com\/index.php?rest_route=\/wp\/v2\/product"}],"about":[{"href":"https:\/\/www.hediyepazar.com\/index.php?rest_route=\/wp\/v2\/types\/product"}],"replies":[{"embeddable":true,"href":"https:\/\/www.hediyepazar.com\/index.php?rest_route=%2Fwp%2Fv2%2Fcomments&post=123245"}],"wp:featuredmedia":[{"embeddable":true,"href":"https:\/\/www.hediyepazar.com\/index.php?rest_route=\/wp\/v2\/media\/123244"}],"wp:attachment":[{"href":"https:\/\/www.hediyepazar.com\/index.php?rest_route=%2Fwp%2Fv2%2Fmedia&parent=123245"}],"wp:term":[{"taxonomy":"product_brand","embeddable":true,"href":"https:\/\/www.hediyepazar.com\/index.php?rest_route=%2Fwp%2Fv2%2Fproduct_brand&post=123245"},{"taxonomy":"product_cat","embeddable":true,"href":"https:\/\/www.hediyepazar.com\/index.php?rest_route=%2Fwp%2Fv2%2Fproduct_cat&post=123245"},{"taxonomy":"product_tag","embeddable":true,"href":"https:\/\/www.hediyepazar.com\/index.php?rest_route=%2Fwp%2Fv2%2Fproduct_tag&post=123245"}],"curies":[{"name":"wp","href":"https:\/\/api.w.org\/{rel}","templated":true}]}}