{"id":123247,"date":"2026-05-06T12:14:01","date_gmt":"2026-05-06T15:14:01","guid":{"rendered":"https:\/\/www.hediyepazar.com\/?product=masaj-uclu-yuksek-basincli-dus-basligi-spa-etkili"},"modified":"2026-05-06T12:14:01","modified_gmt":"2026-05-06T15:14:01","slug":"masaj-uclu-yuksek-basincli-dus-basligi-spa-etkili","status":"publish","type":"product","link":"https:\/\/www.hediyepazar.com\/?product=masaj-uclu-yuksek-basincli-dus-basligi-spa-etkili","title":{"rendered":"Masaj U\u00e7lu Y\u00fcksek Bas\u0131n\u00e7l\u0131 Du\u015f Ba\u015fl\u0131\u011f\u0131 Spa Etkili"},"content":{"rendered":"<p>Yeni nesil masaj u\u00e7lu du\u015f ba\u015fl\u0131\u011f\u0131, banyoda ge\u00e7irdi\u011finiz zaman\u0131 s\u0131radan bir temizlik rutininden \u00e7\u0131kararak rahatlat\u0131c\u0131 bir spa deneyimine d\u00f6n\u00fc\u015ft\u00fcr\u00fcr. \u00d6zel olarak tasarlanm\u0131\u015f masaj u\u00e7lar\u0131 sayesinde su, cildinize daha derinlemesine n\u00fcfuz eder ve du\u015f s\u0131ras\u0131nda kaslar\u0131n\u0131z\u0131n gev\u015femesine yard\u0131mc\u0131 olur. Y\u00fcksek bas\u0131n\u00e7 teknolojisi, suyu g\u00fc\u00e7l\u00fc ama cilde zarar vermeyen bir \u015fekilde p\u00fcsk\u00fcrterek etkili ve keyifli bir temizlik sa\u011flar.Suyun ritmik ak\u0131\u015f\u0131 masaj etkisi yaratarak kan dola\u015f\u0131m\u0131n\u0131 h\u0131zland\u0131r\u0131r ve g\u00fcn boyu biriken yorgunlu\u011fun azalmas\u0131na katk\u0131 sa\u011flar. Ergonomik tutu\u015fu sayesinde du\u015f esnas\u0131nda rahat bir kullan\u0131m sunar. Su tasarrufu sa\u011flayan yap\u0131s\u0131 ile hem \u00e7evre dostudur hem de su t\u00fcketimini azaltarak b\u00fct\u00e7enize katk\u0131 sa\u011flar. Dayan\u0131kl\u0131 ve kolay temizlenebilir yap\u0131s\u0131 sayesinde uzun \u00f6m\u00fcrl\u00fc kullan\u0131m sunar.<\/p>\n","protected":false},"excerpt":{"rendered":"<p>Yeni nesil masaj u\u00e7lu du\u015f ba\u015fl\u0131\u011f\u0131, banyoda ge\u00e7irdi\u011finiz zaman\u0131 s\u0131radan bir temizlik rutininden \u00e7\u0131kararak rahatlat\u0131c\u0131 bir spa deneyimine d\u00f6n\u00fc\u015ft\u00fcr\u00fcr. \u00d6zel olarak tasarlanm\u0131\u015f masaj u\u00e7lar\u0131 sayesinde su, cildinize daha derinlemesine n\u00fcfuz eder ve du\u015f s\u0131ras\u0131nda kaslar\u0131n\u0131z\u0131n gev\u015femesine yard\u0131mc\u0131 olur. Y\u00fcksek bas\u0131n\u00e7 teknolojisi, suyu g\u00fc\u00e7l\u00fc ama cilde zarar vermeyen bir \u015fekilde p\u00fcsk\u00fcrterek etkili ve keyifli bir temizlik&#8230;<\/p>\n","protected":false},"featured_media":123246,"comment_status":"open","ping_status":"closed","template":"","meta":{"_kad_post_transparent":"","_kad_post_title":"","_kad_post_layout":"","_kad_post_sidebar_id":"","_kad_post_content_style":"","_kad_post_vertical_padding":"","_kad_post_feature":"","_kad_post_feature_position":"","_kad_post_header":false,"_kad_post_footer":false,"_kad_post_classname":""},"product_brand":[],"product_cat":[14915],"product_tag":[],"class_list":{"0":"post-123247","1":"product","2":"type-product","3":"status-publish","4":"has-post-thumbnail","6":"product_cat-dus-basligi-dus-basligi","8":"first","9":"instock","10":"purchasable","11":"product-type-simple","12":"entry","13":"content-bg","14":"loop-entry"},"_links":{"self":[{"href":"https:\/\/www.hediyepazar.com\/index.php?rest_route=\/wp\/v2\/product\/123247","targetHints":{"allow":["GET"]}}],"collection":[{"href":"https:\/\/www.hediyepazar.com\/index.php?rest_route=\/wp\/v2\/product"}],"about":[{"href":"https:\/\/www.hediyepazar.com\/index.php?rest_route=\/wp\/v2\/types\/product"}],"replies":[{"embeddable":true,"href":"https:\/\/www.hediyepazar.com\/index.php?rest_route=%2Fwp%2Fv2%2Fcomments&post=123247"}],"wp:featuredmedia":[{"embeddable":true,"href":"https:\/\/www.hediyepazar.com\/index.php?rest_route=\/wp\/v2\/media\/123246"}],"wp:attachment":[{"href":"https:\/\/www.hediyepazar.com\/index.php?rest_route=%2Fwp%2Fv2%2Fmedia&parent=123247"}],"wp:term":[{"taxonomy":"product_brand","embeddable":true,"href":"https:\/\/www.hediyepazar.com\/index.php?rest_route=%2Fwp%2Fv2%2Fproduct_brand&post=123247"},{"taxonomy":"product_cat","embeddable":true,"href":"https:\/\/www.hediyepazar.com\/index.php?rest_route=%2Fwp%2Fv2%2Fproduct_cat&post=123247"},{"taxonomy":"product_tag","embeddable":true,"href":"https:\/\/www.hediyepazar.com\/index.php?rest_route=%2Fwp%2Fv2%2Fproduct_tag&post=123247"}],"curies":[{"name":"wp","href":"https:\/\/api.w.org\/{rel}","templated":true}]}}