{"id":123263,"date":"2026-05-06T12:16:00","date_gmt":"2026-05-06T15:16:00","guid":{"rendered":"https:\/\/www.hediyepazar.com\/?product=mikro-akim-teknolojili-elektrikli-sac-masaj-fircasi-yag-uygulamali"},"modified":"2026-05-06T12:16:00","modified_gmt":"2026-05-06T15:16:00","slug":"mikro-akim-teknolojili-elektrikli-sac-masaj-fircasi-yag-uygulamali","status":"publish","type":"product","link":"https:\/\/www.hediyepazar.com\/?product=mikro-akim-teknolojili-elektrikli-sac-masaj-fircasi-yag-uygulamali","title":{"rendered":"Mikro Ak\u0131m Teknolojili Elektrikli Sa\u00e7 Masaj F\u0131r\u00e7as\u0131 Ya\u011f Uygulamal\u0131"},"content":{"rendered":"<p>Elektrikli sa\u00e7 derisi masaj f\u0131r\u00e7as\u0131, sa\u00e7 bak\u0131m rutinini daha etkili ve keyifli hale getirmek i\u00e7in tasarlanm\u0131\u015ft\u0131r. Mikro ak\u0131m teknolojisi, sa\u00e7 derisindeki kan dola\u015f\u0131m\u0131n\u0131 art\u0131rarak sa\u00e7 k\u00f6klerinin g\u00fc\u00e7lenmesine yard\u0131mc\u0131 olur ve sa\u00e7 d\u00f6k\u00fclmesini azaltmay\u0131 destekler.K\u0131rm\u0131z\u0131 \u0131\u015f\u0131k terapi \u00f6zelli\u011fi, sa\u00e7 derisinde h\u00fccre yenilenmesini te\u015fvik eder. 630 nm LED \u0131\u015f\u0131k, sa\u00e7 k\u00f6klerine derinlemesine etki ederek sa\u00e7 b\u00fcy\u00fcmesini destekler. 72 adet masaj di\u015fi, sa\u00e7 derisini nazik\u00e7e uyar\u0131rken rahatlat\u0131c\u0131 bir masaj deneyimi sunar.S\u0131v\u0131 ya\u011f aplikat\u00f6rl\u00fc tasar\u0131m, bak\u0131m \u00fcr\u00fcnlerinin sa\u00e7 derisine e\u015fit \u015fekilde da\u011f\u0131lmas\u0131n\u0131 sa\u011flar. 6 ml hazne ve 8 adet silindirli top sayesinde serum ve ya\u011flar israf edilmeden uygulan\u0131r. \u00dc\u00e7 farkl\u0131 masaj modu, farkl\u0131 ihtiya\u00e7lara g\u00f6re ayarlanabilir.IPX7 su ge\u00e7irmez yap\u0131s\u0131, \u00fcr\u00fcn\u00fc du\u015fta ve \u0131slak sa\u00e7ta kullan\u0131ma uygun hale getirir. 1400mAh \u015farjl\u0131 pili, uzun s\u00fcreli kullan\u0131m sunar. Hafif ve ergonomik yap\u0131s\u0131 ile evde ve seyahatte rahatl\u0131kla kullan\u0131labilir.<\/p>\n","protected":false},"excerpt":{"rendered":"<p>Elektrikli sa\u00e7 derisi masaj f\u0131r\u00e7as\u0131, sa\u00e7 bak\u0131m rutinini daha etkili ve keyifli hale getirmek i\u00e7in tasarlanm\u0131\u015ft\u0131r. Mikro ak\u0131m teknolojisi, sa\u00e7 derisindeki kan dola\u015f\u0131m\u0131n\u0131 art\u0131rarak sa\u00e7 k\u00f6klerinin g\u00fc\u00e7lenmesine yard\u0131mc\u0131 olur ve sa\u00e7 d\u00f6k\u00fclmesini azaltmay\u0131 destekler.K\u0131rm\u0131z\u0131 \u0131\u015f\u0131k terapi \u00f6zelli\u011fi, sa\u00e7 derisinde h\u00fccre yenilenmesini te\u015fvik eder. 630 nm LED \u0131\u015f\u0131k, sa\u00e7 k\u00f6klerine derinlemesine etki ederek sa\u00e7 b\u00fcy\u00fcmesini destekler&#8230;.<\/p>\n","protected":false},"featured_media":123262,"comment_status":"open","ping_status":"closed","template":"","meta":{"_kad_post_transparent":"","_kad_post_title":"","_kad_post_layout":"","_kad_post_sidebar_id":"","_kad_post_content_style":"","_kad_post_vertical_padding":"","_kad_post_feature":"","_kad_post_feature_position":"","_kad_post_header":false,"_kad_post_footer":false,"_kad_post_classname":""},"product_brand":[],"product_cat":[15088],"product_tag":[],"class_list":{"0":"post-123263","1":"product","2":"type-product","3":"status-publish","4":"has-post-thumbnail","6":"product_cat-sac-bakim-cihazi-sac-bakim-cihazi","8":"first","9":"instock","10":"purchasable","11":"product-type-simple","12":"entry","13":"content-bg","14":"loop-entry"},"_links":{"self":[{"href":"https:\/\/www.hediyepazar.com\/index.php?rest_route=\/wp\/v2\/product\/123263","targetHints":{"allow":["GET"]}}],"collection":[{"href":"https:\/\/www.hediyepazar.com\/index.php?rest_route=\/wp\/v2\/product"}],"about":[{"href":"https:\/\/www.hediyepazar.com\/index.php?rest_route=\/wp\/v2\/types\/product"}],"replies":[{"embeddable":true,"href":"https:\/\/www.hediyepazar.com\/index.php?rest_route=%2Fwp%2Fv2%2Fcomments&post=123263"}],"wp:featuredmedia":[{"embeddable":true,"href":"https:\/\/www.hediyepazar.com\/index.php?rest_route=\/wp\/v2\/media\/123262"}],"wp:attachment":[{"href":"https:\/\/www.hediyepazar.com\/index.php?rest_route=%2Fwp%2Fv2%2Fmedia&parent=123263"}],"wp:term":[{"taxonomy":"product_brand","embeddable":true,"href":"https:\/\/www.hediyepazar.com\/index.php?rest_route=%2Fwp%2Fv2%2Fproduct_brand&post=123263"},{"taxonomy":"product_cat","embeddable":true,"href":"https:\/\/www.hediyepazar.com\/index.php?rest_route=%2Fwp%2Fv2%2Fproduct_cat&post=123263"},{"taxonomy":"product_tag","embeddable":true,"href":"https:\/\/www.hediyepazar.com\/index.php?rest_route=%2Fwp%2Fv2%2Fproduct_tag&post=123263"}],"curies":[{"name":"wp","href":"https:\/\/api.w.org\/{rel}","templated":true}]}}