{"id":123267,"date":"2026-05-06T12:16:14","date_gmt":"2026-05-06T15:16:14","guid":{"rendered":"https:\/\/www.hediyepazar.com\/?product=mavi-isikli-lcd-ekranli-hassas-tarti-terazisi"},"modified":"2026-05-06T12:16:14","modified_gmt":"2026-05-06T15:16:14","slug":"mavi-isikli-lcd-ekranli-hassas-tarti-terazisi","status":"publish","type":"product","link":"https:\/\/www.hediyepazar.com\/?product=mavi-isikli-lcd-ekranli-hassas-tarti-terazisi","title":{"rendered":"Mavi I\u015f\u0131kl\u0131 LCD Ekranl\u0131 Hassas Tart\u0131 Terazisi"},"content":{"rendered":"<p>Bu dijital cep terazisi, k\u00fc\u00e7\u00fck boyutlar\u0131na ra\u011fmen geli\u015fmi\u015f \u00f6zellikler sunar. 300 gram kapasitesi ile hassas \u00f6l\u00e7\u00fcm gerektiren \u00fcr\u00fcnler i\u00e7in uygundur. Mavi \u0131\u015f\u0131kl\u0131 LCD ekran\u0131 sayesinde karanl\u0131k ortamlarda kullan\u0131m kolayl\u0131\u011f\u0131 sa\u011flar.Be\u015f \u00f6l\u00e7\u00fcm birimi deste\u011fi ile \u00e7ok y\u00f6nl\u00fc kullan\u0131m sunar. \u201cTARE\u201d fonksiyonu net tart\u0131m yapman\u0131za yard\u0131mc\u0131 olur. Sayma modu ile k\u00fc\u00e7\u00fck par\u00e7alar\u0131n adet hesab\u0131 yap\u0131labilir.Otomatik kapanma \u00f6zelli\u011fi pil \u00f6mr\u00fcn\u00fc uzat\u0131r. Kalibrasyon yap\u0131labilir yap\u0131s\u0131 sayesinde \u00f6l\u00e7\u00fcm do\u011frulu\u011fu korunur. Kapakl\u0131 tasar\u0131m\u0131 hem koruyucu hem de i\u015flevseldir. 2 adet AAA pil ile \u00e7al\u0131\u015f\u0131r.<\/p>\n","protected":false},"excerpt":{"rendered":"<p>Bu dijital cep terazisi, k\u00fc\u00e7\u00fck boyutlar\u0131na ra\u011fmen geli\u015fmi\u015f \u00f6zellikler sunar. 300 gram kapasitesi ile hassas \u00f6l\u00e7\u00fcm gerektiren \u00fcr\u00fcnler i\u00e7in uygundur. Mavi \u0131\u015f\u0131kl\u0131 LCD ekran\u0131 sayesinde karanl\u0131k ortamlarda kullan\u0131m kolayl\u0131\u011f\u0131 sa\u011flar.Be\u015f \u00f6l\u00e7\u00fcm birimi deste\u011fi ile \u00e7ok y\u00f6nl\u00fc kullan\u0131m sunar. \u201cTARE\u201d fonksiyonu net tart\u0131m yapman\u0131za yard\u0131mc\u0131 olur. Sayma modu ile k\u00fc\u00e7\u00fck par\u00e7alar\u0131n adet hesab\u0131 yap\u0131labilir.Otomatik kapanma \u00f6zelli\u011fi&#8230;<\/p>\n","protected":false},"featured_media":123266,"comment_status":"open","ping_status":"closed","template":"","meta":{"_kad_post_transparent":"","_kad_post_title":"","_kad_post_layout":"","_kad_post_sidebar_id":"","_kad_post_content_style":"","_kad_post_vertical_padding":"","_kad_post_feature":"","_kad_post_feature_position":"","_kad_post_header":false,"_kad_post_footer":false,"_kad_post_classname":""},"product_brand":[],"product_cat":[15031],"product_tag":[],"class_list":{"0":"post-123267","1":"product","2":"type-product","3":"status-publish","4":"has-post-thumbnail","6":"product_cat-mutfak-tartisi-mutfak-tartisi","8":"first","9":"instock","10":"purchasable","11":"product-type-simple","12":"entry","13":"content-bg","14":"loop-entry"},"_links":{"self":[{"href":"https:\/\/www.hediyepazar.com\/index.php?rest_route=\/wp\/v2\/product\/123267","targetHints":{"allow":["GET"]}}],"collection":[{"href":"https:\/\/www.hediyepazar.com\/index.php?rest_route=\/wp\/v2\/product"}],"about":[{"href":"https:\/\/www.hediyepazar.com\/index.php?rest_route=\/wp\/v2\/types\/product"}],"replies":[{"embeddable":true,"href":"https:\/\/www.hediyepazar.com\/index.php?rest_route=%2Fwp%2Fv2%2Fcomments&post=123267"}],"wp:featuredmedia":[{"embeddable":true,"href":"https:\/\/www.hediyepazar.com\/index.php?rest_route=\/wp\/v2\/media\/123266"}],"wp:attachment":[{"href":"https:\/\/www.hediyepazar.com\/index.php?rest_route=%2Fwp%2Fv2%2Fmedia&parent=123267"}],"wp:term":[{"taxonomy":"product_brand","embeddable":true,"href":"https:\/\/www.hediyepazar.com\/index.php?rest_route=%2Fwp%2Fv2%2Fproduct_brand&post=123267"},{"taxonomy":"product_cat","embeddable":true,"href":"https:\/\/www.hediyepazar.com\/index.php?rest_route=%2Fwp%2Fv2%2Fproduct_cat&post=123267"},{"taxonomy":"product_tag","embeddable":true,"href":"https:\/\/www.hediyepazar.com\/index.php?rest_route=%2Fwp%2Fv2%2Fproduct_tag&post=123267"}],"curies":[{"name":"wp","href":"https:\/\/api.w.org\/{rel}","templated":true}]}}