{"id":123273,"date":"2026-05-06T12:17:07","date_gmt":"2026-05-06T15:17:07","guid":{"rendered":"https:\/\/www.hediyepazar.com\/?product=kapakli-dijital-cep-terazisi-hassasiyet-300-gr"},"modified":"2026-05-06T12:17:07","modified_gmt":"2026-05-06T15:17:07","slug":"kapakli-dijital-cep-terazisi-hassasiyet-300-gr","status":"publish","type":"product","link":"https:\/\/www.hediyepazar.com\/?product=kapakli-dijital-cep-terazisi-hassasiyet-300-gr","title":{"rendered":"Kapakl\u0131 Dijital Cep Terazisi Hassasiyet 300 Gr"},"content":{"rendered":"<p>Hassas \u00f6l\u00e7\u00fcm gerektiren i\u015fler i\u00e7in tasarlanan bu dijital cep terazisi, kompakt boyutlar\u0131 sayesinde her yerde rahatl\u0131kla ta\u015f\u0131nabilir. 300 grama kadar \u00f6l\u00e7\u00fcm yapabilen cihaz, k\u00fc\u00e7\u00fck \u00fcr\u00fcnlerin tart\u0131m\u0131nda y\u00fcksek do\u011fruluk sa\u011flar.Arka ayd\u0131nlatmal\u0131 LCD ekran\u0131, d\u00fc\u015f\u00fck \u0131\u015f\u0131kl\u0131 ortamlarda net g\u00f6r\u00fc\u015f sunar. \u201cLIGHT\u201d tu\u015fu ile ekran \u0131\u015f\u0131\u011f\u0131 aktif hale getirilebilir. Otomatik kapanma fonksiyonu, pil \u00f6mr\u00fcn\u00fc uzatarak enerji tasarrufu sa\u011flar.Be\u015f farkl\u0131 \u00f6l\u00e7\u00fcm birimi deste\u011fi sunmas\u0131 sayesinde \u00e7ok y\u00f6nl\u00fc kullan\u0131m sa\u011flar. \u201cUNIT\u201d tu\u015fu ile birimler aras\u0131nda h\u0131zl\u0131 ge\u00e7i\u015f yap\u0131labilir. \u201cTARE\u201d fonksiyonu, kap a\u011f\u0131rl\u0131\u011f\u0131n\u0131 s\u0131f\u0131rlayarak net \u00f6l\u00e7\u00fcm yapman\u0131za olanak tan\u0131r.Sayma modu \u00f6zelli\u011fi, k\u00fc\u00e7\u00fck ve seri \u00fcr\u00fcnlerin adet hesab\u0131n\u0131 kolayla\u015ft\u0131r\u0131r. Kalibrasyon \u00f6zelli\u011fi sayesinde zamanla olu\u015fabilecek \u00f6l\u00e7\u00fcm sapmalar\u0131 giderilebilir. Kapakl\u0131 yap\u0131s\u0131 hem koruma sa\u011flar hem de \u00e7\u0131kar\u0131larak geni\u015f kefe olarak kullan\u0131labilir. 2 adet AAA pil ile \u00e7al\u0131\u015f\u0131r.<\/p>\n","protected":false},"excerpt":{"rendered":"<p>Hassas \u00f6l\u00e7\u00fcm gerektiren i\u015fler i\u00e7in tasarlanan bu dijital cep terazisi, kompakt boyutlar\u0131 sayesinde her yerde rahatl\u0131kla ta\u015f\u0131nabilir. 300 grama kadar \u00f6l\u00e7\u00fcm yapabilen cihaz, k\u00fc\u00e7\u00fck \u00fcr\u00fcnlerin tart\u0131m\u0131nda y\u00fcksek do\u011fruluk sa\u011flar.Arka ayd\u0131nlatmal\u0131 LCD ekran\u0131, d\u00fc\u015f\u00fck \u0131\u015f\u0131kl\u0131 ortamlarda net g\u00f6r\u00fc\u015f sunar. \u201cLIGHT\u201d tu\u015fu ile ekran \u0131\u015f\u0131\u011f\u0131 aktif hale getirilebilir. Otomatik kapanma fonksiyonu, pil \u00f6mr\u00fcn\u00fc uzatarak enerji tasarrufu sa\u011flar.Be\u015f&#8230;<\/p>\n","protected":false},"featured_media":123272,"comment_status":"open","ping_status":"closed","template":"","meta":{"_kad_post_transparent":"","_kad_post_title":"","_kad_post_layout":"","_kad_post_sidebar_id":"","_kad_post_content_style":"","_kad_post_vertical_padding":"","_kad_post_feature":"","_kad_post_feature_position":"","_kad_post_header":false,"_kad_post_footer":false,"_kad_post_classname":""},"product_brand":[],"product_cat":[15031],"product_tag":[],"class_list":{"0":"post-123273","1":"product","2":"type-product","3":"status-publish","4":"has-post-thumbnail","6":"product_cat-mutfak-tartisi-mutfak-tartisi","8":"first","9":"instock","10":"purchasable","11":"product-type-simple","12":"entry","13":"content-bg","14":"loop-entry"},"_links":{"self":[{"href":"https:\/\/www.hediyepazar.com\/index.php?rest_route=\/wp\/v2\/product\/123273","targetHints":{"allow":["GET"]}}],"collection":[{"href":"https:\/\/www.hediyepazar.com\/index.php?rest_route=\/wp\/v2\/product"}],"about":[{"href":"https:\/\/www.hediyepazar.com\/index.php?rest_route=\/wp\/v2\/types\/product"}],"replies":[{"embeddable":true,"href":"https:\/\/www.hediyepazar.com\/index.php?rest_route=%2Fwp%2Fv2%2Fcomments&post=123273"}],"wp:featuredmedia":[{"embeddable":true,"href":"https:\/\/www.hediyepazar.com\/index.php?rest_route=\/wp\/v2\/media\/123272"}],"wp:attachment":[{"href":"https:\/\/www.hediyepazar.com\/index.php?rest_route=%2Fwp%2Fv2%2Fmedia&parent=123273"}],"wp:term":[{"taxonomy":"product_brand","embeddable":true,"href":"https:\/\/www.hediyepazar.com\/index.php?rest_route=%2Fwp%2Fv2%2Fproduct_brand&post=123273"},{"taxonomy":"product_cat","embeddable":true,"href":"https:\/\/www.hediyepazar.com\/index.php?rest_route=%2Fwp%2Fv2%2Fproduct_cat&post=123273"},{"taxonomy":"product_tag","embeddable":true,"href":"https:\/\/www.hediyepazar.com\/index.php?rest_route=%2Fwp%2Fv2%2Fproduct_tag&post=123273"}],"curies":[{"name":"wp","href":"https:\/\/api.w.org\/{rel}","templated":true}]}}