{"id":123275,"date":"2026-05-06T12:17:15","date_gmt":"2026-05-06T15:17:15","guid":{"rendered":"https:\/\/www.hediyepazar.com\/?product=300-gr-hassas-cep-terazisi-mavi-isikli-lcd-ekranli"},"modified":"2026-05-06T12:17:15","modified_gmt":"2026-05-06T15:17:15","slug":"300-gr-hassas-cep-terazisi-mavi-isikli-lcd-ekranli","status":"publish","type":"product","link":"https:\/\/www.hediyepazar.com\/?product=300-gr-hassas-cep-terazisi-mavi-isikli-lcd-ekranli","title":{"rendered":"300 Gr Hassas Cep Terazisi Mavi I\u015f\u0131kl\u0131 LCD Ekranl\u0131"},"content":{"rendered":"<p>Bu dijital cep terazisi, k\u00fc\u00e7\u00fck ebatlar\u0131 sayesinde kolay ta\u015f\u0131nabilir yap\u0131ya sahiptir ve g\u00fcnl\u00fck kullan\u0131mdan profesyonel \u00f6l\u00e7\u00fcmlere kadar geni\u015f bir kullan\u0131m alan\u0131 sunar. Maksimum 300 gram kapasitesi ile k\u00fc\u00e7\u00fck ve hassas \u00f6l\u00e7\u00fcmlerde y\u00fcksek do\u011fruluk sa\u011flar. Hassas tart\u0131m gerektiren i\u015flemler i\u00e7in ideal bir \u00e7\u00f6z\u00fcmd\u00fcr.Mavi arka \u0131\u015f\u0131kl\u0131 LCD ekran\u0131 sayesinde karanl\u0131k ortamlarda bile rahatl\u0131kla \u00f6l\u00e7\u00fcm yap\u0131labilir. \u201cLIGHT\u201d butonu ile ekran \u0131\u015f\u0131\u011f\u0131 manuel olarak a\u00e7\u0131labilir. Otomatik kapanma \u00f6zelli\u011fi sayesinde kullan\u0131lmad\u0131\u011f\u0131 zaman kendini kapatarak pil tasarrufu sa\u011flar.Be\u015f farkl\u0131 \u00f6l\u00e7\u00fcm birimi ile tart\u0131m yapma imk\u00e2n\u0131 sunar: gram (gr), ons (oz), grain (gn), karat (ct) ve tola (tl). \u00d6l\u00e7\u00fcm birimleri aras\u0131nda ge\u00e7i\u015f yapmak i\u00e7in \u201cUNIT\u201d tu\u015fu kullan\u0131l\u0131r. \u201cTARE\u201d butonu ile kap veya ambalaj daras\u0131 kolayca al\u0131nabilir.Sayma modu \u00f6zelli\u011fi sayesinde k\u00fc\u00e7\u00fck \u00fcr\u00fcnlerin adet hesab\u0131 yap\u0131labilir. \u201cPCS\u201d tu\u015funa 2 saniye bas\u0131l\u0131 tutularak sayma moduna ge\u00e7ilir ve 25, 50, 75 veya 100 adet referans al\u0131narak ortalama hesaplan\u0131r. Harici a\u011f\u0131rl\u0131klarla kalibrasyon yap\u0131labilir. Kapa\u011f\u0131 \u00e7\u0131kar\u0131larak geni\u015f kefe olarak da kullan\u0131labilir. 2 adet AAA pil ile \u00e7al\u0131\u015f\u0131r.<\/p>\n","protected":false},"excerpt":{"rendered":"<p>Bu dijital cep terazisi, k\u00fc\u00e7\u00fck ebatlar\u0131 sayesinde kolay ta\u015f\u0131nabilir yap\u0131ya sahiptir ve g\u00fcnl\u00fck kullan\u0131mdan profesyonel \u00f6l\u00e7\u00fcmlere kadar geni\u015f bir kullan\u0131m alan\u0131 sunar. Maksimum 300 gram kapasitesi ile k\u00fc\u00e7\u00fck ve hassas \u00f6l\u00e7\u00fcmlerde y\u00fcksek do\u011fruluk sa\u011flar. Hassas tart\u0131m gerektiren i\u015flemler i\u00e7in ideal bir \u00e7\u00f6z\u00fcmd\u00fcr.Mavi arka \u0131\u015f\u0131kl\u0131 LCD ekran\u0131 sayesinde karanl\u0131k ortamlarda bile rahatl\u0131kla \u00f6l\u00e7\u00fcm yap\u0131labilir. \u201cLIGHT\u201d butonu&#8230;<\/p>\n","protected":false},"featured_media":123274,"comment_status":"open","ping_status":"closed","template":"","meta":{"_kad_post_transparent":"","_kad_post_title":"","_kad_post_layout":"","_kad_post_sidebar_id":"","_kad_post_content_style":"","_kad_post_vertical_padding":"","_kad_post_feature":"","_kad_post_feature_position":"","_kad_post_header":false,"_kad_post_footer":false,"_kad_post_classname":""},"product_brand":[],"product_cat":[15031],"product_tag":[],"class_list":{"0":"post-123275","1":"product","2":"type-product","3":"status-publish","4":"has-post-thumbnail","6":"product_cat-mutfak-tartisi-mutfak-tartisi","8":"first","9":"instock","10":"purchasable","11":"product-type-simple","12":"entry","13":"content-bg","14":"loop-entry"},"_links":{"self":[{"href":"https:\/\/www.hediyepazar.com\/index.php?rest_route=\/wp\/v2\/product\/123275","targetHints":{"allow":["GET"]}}],"collection":[{"href":"https:\/\/www.hediyepazar.com\/index.php?rest_route=\/wp\/v2\/product"}],"about":[{"href":"https:\/\/www.hediyepazar.com\/index.php?rest_route=\/wp\/v2\/types\/product"}],"replies":[{"embeddable":true,"href":"https:\/\/www.hediyepazar.com\/index.php?rest_route=%2Fwp%2Fv2%2Fcomments&post=123275"}],"wp:featuredmedia":[{"embeddable":true,"href":"https:\/\/www.hediyepazar.com\/index.php?rest_route=\/wp\/v2\/media\/123274"}],"wp:attachment":[{"href":"https:\/\/www.hediyepazar.com\/index.php?rest_route=%2Fwp%2Fv2%2Fmedia&parent=123275"}],"wp:term":[{"taxonomy":"product_brand","embeddable":true,"href":"https:\/\/www.hediyepazar.com\/index.php?rest_route=%2Fwp%2Fv2%2Fproduct_brand&post=123275"},{"taxonomy":"product_cat","embeddable":true,"href":"https:\/\/www.hediyepazar.com\/index.php?rest_route=%2Fwp%2Fv2%2Fproduct_cat&post=123275"},{"taxonomy":"product_tag","embeddable":true,"href":"https:\/\/www.hediyepazar.com\/index.php?rest_route=%2Fwp%2Fv2%2Fproduct_tag&post=123275"}],"curies":[{"name":"wp","href":"https:\/\/api.w.org\/{rel}","templated":true}]}}