{"id":123277,"date":"2026-05-06T12:17:22","date_gmt":"2026-05-06T15:17:22","guid":{"rendered":"https:\/\/www.hediyepazar.com\/?product=gece-kosusu-icin-led-kafa-lambasi-el-sensorlu"},"modified":"2026-05-06T12:17:22","modified_gmt":"2026-05-06T15:17:22","slug":"gece-kosusu-icin-led-kafa-lambasi-el-sensorlu","status":"publish","type":"product","link":"https:\/\/www.hediyepazar.com\/?product=gece-kosusu-icin-led-kafa-lambasi-el-sensorlu","title":{"rendered":"Gece Ko\u015fusu \u0130\u00e7in LED Kafa Lambas\u0131 El Sens\u00f6rl\u00fc"},"content":{"rendered":"<p>Sens\u00f6rl\u00fc LED kafa lambas\u0131, 300 l\u00fcmen parlakl\u0131k seviyesi ile gece aktivitelerinde g\u00fcvenli ayd\u0131nlatma sa\u011flar. Be\u015f farkl\u0131 ayd\u0131nlatma modu sayesinde hem g\u00fc\u00e7l\u00fc hem de tasarruflu kullan\u0131m sunar. El hareketiyle kontrol \u00f6zelli\u011fi, kullan\u0131m kolayl\u0131\u011f\u0131n\u0131 art\u0131r\u0131r.USB \u015farj sistemi, pratik ve ta\u015f\u0131nabilir kullan\u0131m sa\u011flar. Ayarlanabilir kafa band\u0131, farkl\u0131 aktivitelerde rahat bir deneyim sunar. K\u0131rm\u0131z\u0131 SOS modu, \u00f6zellikle kamp ve do\u011fa y\u00fcr\u00fcy\u00fc\u015flerinde g\u00fcvenlik a\u00e7\u0131s\u0131ndan \u00f6nemli bir avantajd\u0131r.<\/p>\n","protected":false},"excerpt":{"rendered":"<p>Sens\u00f6rl\u00fc LED kafa lambas\u0131, 300 l\u00fcmen parlakl\u0131k seviyesi ile gece aktivitelerinde g\u00fcvenli ayd\u0131nlatma sa\u011flar. Be\u015f farkl\u0131 ayd\u0131nlatma modu sayesinde hem g\u00fc\u00e7l\u00fc hem de tasarruflu kullan\u0131m sunar. El hareketiyle kontrol \u00f6zelli\u011fi, kullan\u0131m kolayl\u0131\u011f\u0131n\u0131 art\u0131r\u0131r.USB \u015farj sistemi, pratik ve ta\u015f\u0131nabilir kullan\u0131m sa\u011flar. Ayarlanabilir kafa band\u0131, farkl\u0131 aktivitelerde rahat bir deneyim sunar. K\u0131rm\u0131z\u0131 SOS modu, \u00f6zellikle kamp ve&#8230;<\/p>\n","protected":false},"featured_media":123276,"comment_status":"open","ping_status":"closed","template":"","meta":{"_kad_post_transparent":"","_kad_post_title":"","_kad_post_layout":"","_kad_post_sidebar_id":"","_kad_post_content_style":"","_kad_post_vertical_padding":"","_kad_post_feature":"","_kad_post_feature_position":"","_kad_post_header":false,"_kad_post_footer":false,"_kad_post_classname":""},"product_brand":[],"product_cat":[14979],"product_tag":[],"class_list":{"0":"post-123277","1":"product","2":"type-product","3":"status-publish","4":"has-post-thumbnail","6":"product_cat-kafa-lambasi-kafa-lambasi","8":"first","9":"instock","10":"purchasable","11":"product-type-simple","12":"entry","13":"content-bg","14":"loop-entry"},"_links":{"self":[{"href":"https:\/\/www.hediyepazar.com\/index.php?rest_route=\/wp\/v2\/product\/123277","targetHints":{"allow":["GET"]}}],"collection":[{"href":"https:\/\/www.hediyepazar.com\/index.php?rest_route=\/wp\/v2\/product"}],"about":[{"href":"https:\/\/www.hediyepazar.com\/index.php?rest_route=\/wp\/v2\/types\/product"}],"replies":[{"embeddable":true,"href":"https:\/\/www.hediyepazar.com\/index.php?rest_route=%2Fwp%2Fv2%2Fcomments&post=123277"}],"wp:featuredmedia":[{"embeddable":true,"href":"https:\/\/www.hediyepazar.com\/index.php?rest_route=\/wp\/v2\/media\/123276"}],"wp:attachment":[{"href":"https:\/\/www.hediyepazar.com\/index.php?rest_route=%2Fwp%2Fv2%2Fmedia&parent=123277"}],"wp:term":[{"taxonomy":"product_brand","embeddable":true,"href":"https:\/\/www.hediyepazar.com\/index.php?rest_route=%2Fwp%2Fv2%2Fproduct_brand&post=123277"},{"taxonomy":"product_cat","embeddable":true,"href":"https:\/\/www.hediyepazar.com\/index.php?rest_route=%2Fwp%2Fv2%2Fproduct_cat&post=123277"},{"taxonomy":"product_tag","embeddable":true,"href":"https:\/\/www.hediyepazar.com\/index.php?rest_route=%2Fwp%2Fv2%2Fproduct_tag&post=123277"}],"curies":[{"name":"wp","href":"https:\/\/api.w.org\/{rel}","templated":true}]}}