{"id":123279,"date":"2026-05-06T12:18:56","date_gmt":"2026-05-06T15:18:56","guid":{"rendered":"https:\/\/www.hediyepazar.com\/?product=kamp-ve-trekking-icin-sensorlu-led-kafa-lambasi"},"modified":"2026-05-06T12:18:56","modified_gmt":"2026-05-06T15:18:56","slug":"kamp-ve-trekking-icin-sensorlu-led-kafa-lambasi","status":"publish","type":"product","link":"https:\/\/www.hediyepazar.com\/?product=kamp-ve-trekking-icin-sensorlu-led-kafa-lambasi","title":{"rendered":"Kamp ve Trekking \u0130\u00e7in Sens\u00f6rl\u00fc LED Kafa Lambas\u0131"},"content":{"rendered":"<p>300 l\u00fcmen LED kafa lambas\u0131, kompakt tasar\u0131m\u0131 ve \u00e7ok y\u00f6nl\u00fc kullan\u0131m \u00f6zellikleriyle \u00f6ne \u00e7\u0131kar. 5 farkl\u0131 \u0131\u015f\u0131k modu, farkl\u0131 ayd\u0131nlatma ihtiya\u00e7lar\u0131n\u0131 kar\u015f\u0131lar. El hareket sens\u00f6r\u00fc, eller serbest kullan\u0131m imk\u00e2n\u0131 sunar ve \u00f6zellikle a\u00e7\u0131k hava aktivitelerinde b\u00fcy\u00fck kolayl\u0131k sa\u011flar.USB \u015farj edilebilir bataryas\u0131 sayesinde s\u00fcrekli pil masraf\u0131n\u0131 ortadan kald\u0131r\u0131r. Pil g\u00f6stergesi ile kullan\u0131m s\u00fcresi kontrol alt\u0131nda tutulur. Ayarlanabilir kay\u0131\u015f\u0131 sayesinde uzun s\u00fcreli kullan\u0131mlarda bile konfor sunar. K\u0131rm\u0131z\u0131 SOS modu, acil durumlarda g\u00f6r\u00fcn\u00fcrl\u00fc\u011f\u00fc art\u0131r\u0131r.<\/p>\n","protected":false},"excerpt":{"rendered":"<p>300 l\u00fcmen LED kafa lambas\u0131, kompakt tasar\u0131m\u0131 ve \u00e7ok y\u00f6nl\u00fc kullan\u0131m \u00f6zellikleriyle \u00f6ne \u00e7\u0131kar. 5 farkl\u0131 \u0131\u015f\u0131k modu, farkl\u0131 ayd\u0131nlatma ihtiya\u00e7lar\u0131n\u0131 kar\u015f\u0131lar. El hareket sens\u00f6r\u00fc, eller serbest kullan\u0131m imk\u00e2n\u0131 sunar ve \u00f6zellikle a\u00e7\u0131k hava aktivitelerinde b\u00fcy\u00fck kolayl\u0131k sa\u011flar.USB \u015farj edilebilir bataryas\u0131 sayesinde s\u00fcrekli pil masraf\u0131n\u0131 ortadan kald\u0131r\u0131r. Pil g\u00f6stergesi ile kullan\u0131m s\u00fcresi kontrol alt\u0131nda tutulur&#8230;.<\/p>\n","protected":false},"featured_media":123278,"comment_status":"open","ping_status":"closed","template":"","meta":{"_kad_post_transparent":"","_kad_post_title":"","_kad_post_layout":"","_kad_post_sidebar_id":"","_kad_post_content_style":"","_kad_post_vertical_padding":"","_kad_post_feature":"","_kad_post_feature_position":"","_kad_post_header":false,"_kad_post_footer":false,"_kad_post_classname":""},"product_brand":[],"product_cat":[14979],"product_tag":[],"class_list":{"0":"post-123279","1":"product","2":"type-product","3":"status-publish","4":"has-post-thumbnail","6":"product_cat-kafa-lambasi-kafa-lambasi","8":"first","9":"instock","10":"purchasable","11":"product-type-simple","12":"entry","13":"content-bg","14":"loop-entry"},"_links":{"self":[{"href":"https:\/\/www.hediyepazar.com\/index.php?rest_route=\/wp\/v2\/product\/123279","targetHints":{"allow":["GET"]}}],"collection":[{"href":"https:\/\/www.hediyepazar.com\/index.php?rest_route=\/wp\/v2\/product"}],"about":[{"href":"https:\/\/www.hediyepazar.com\/index.php?rest_route=\/wp\/v2\/types\/product"}],"replies":[{"embeddable":true,"href":"https:\/\/www.hediyepazar.com\/index.php?rest_route=%2Fwp%2Fv2%2Fcomments&post=123279"}],"wp:featuredmedia":[{"embeddable":true,"href":"https:\/\/www.hediyepazar.com\/index.php?rest_route=\/wp\/v2\/media\/123278"}],"wp:attachment":[{"href":"https:\/\/www.hediyepazar.com\/index.php?rest_route=%2Fwp%2Fv2%2Fmedia&parent=123279"}],"wp:term":[{"taxonomy":"product_brand","embeddable":true,"href":"https:\/\/www.hediyepazar.com\/index.php?rest_route=%2Fwp%2Fv2%2Fproduct_brand&post=123279"},{"taxonomy":"product_cat","embeddable":true,"href":"https:\/\/www.hediyepazar.com\/index.php?rest_route=%2Fwp%2Fv2%2Fproduct_cat&post=123279"},{"taxonomy":"product_tag","embeddable":true,"href":"https:\/\/www.hediyepazar.com\/index.php?rest_route=%2Fwp%2Fv2%2Fproduct_tag&post=123279"}],"curies":[{"name":"wp","href":"https:\/\/api.w.org\/{rel}","templated":true}]}}