{"id":123281,"date":"2026-05-06T12:19:03","date_gmt":"2026-05-06T15:19:03","guid":{"rendered":"https:\/\/www.hediyepazar.com\/?product=usb-sarjli-led-kafa-lambasi-300-lumen-guc-gostergeli"},"modified":"2026-05-06T12:19:03","modified_gmt":"2026-05-06T15:19:03","slug":"usb-sarjli-led-kafa-lambasi-300-lumen-guc-gostergeli","status":"publish","type":"product","link":"https:\/\/www.hediyepazar.com\/?product=usb-sarjli-led-kafa-lambasi-300-lumen-guc-gostergeli","title":{"rendered":"USB \u015earjl\u0131 LED Kafa Lambas\u0131 300 L\u00fcmen G\u00fc\u00e7 G\u00f6stergeli"},"content":{"rendered":"<p>Bu sens\u00f6rl\u00fc LED kafa feneri, hafif yap\u0131s\u0131 ve 300 l\u00fcmen parlakl\u0131\u011f\u0131 ile uzun s\u00fcreli kullan\u0131mlar i\u00e7in uygundur. El hareketiyle a\u00e7ma\/kapama \u00f6zelli\u011fi sayesinde d\u00fc\u011fmeye basmadan pratik kullan\u0131m sunar. Eldivenle kullan\u0131mda bile sorunsuz \u00e7al\u0131\u015f\u0131r.USB-A\u2019dan USB-C\u2019ye kablo ile \u015farj edilen bataryas\u0131 uzun \u00f6m\u00fcrl\u00fcd\u00fcr. Pil seviyesi g\u00f6stergesi ile \u015farj durumu kolayca takip edilir. Ayarlanabilir kafa band\u0131 sayesinde ko\u015fu, kamp ve trekking aktivitelerinde rahatl\u0131kla kullan\u0131labilir. K\u0131rm\u0131z\u0131 SOS modu acil durumlar i\u00e7in ek g\u00fcvenlik sa\u011flar.<\/p>\n","protected":false},"excerpt":{"rendered":"<p>Bu sens\u00f6rl\u00fc LED kafa feneri, hafif yap\u0131s\u0131 ve 300 l\u00fcmen parlakl\u0131\u011f\u0131 ile uzun s\u00fcreli kullan\u0131mlar i\u00e7in uygundur. El hareketiyle a\u00e7ma\/kapama \u00f6zelli\u011fi sayesinde d\u00fc\u011fmeye basmadan pratik kullan\u0131m sunar. Eldivenle kullan\u0131mda bile sorunsuz \u00e7al\u0131\u015f\u0131r.USB-A\u2019dan USB-C\u2019ye kablo ile \u015farj edilen bataryas\u0131 uzun \u00f6m\u00fcrl\u00fcd\u00fcr. Pil seviyesi g\u00f6stergesi ile \u015farj durumu kolayca takip edilir. Ayarlanabilir kafa band\u0131 sayesinde ko\u015fu, kamp&#8230;<\/p>\n","protected":false},"featured_media":123280,"comment_status":"open","ping_status":"closed","template":"","meta":{"_kad_post_transparent":"","_kad_post_title":"","_kad_post_layout":"","_kad_post_sidebar_id":"","_kad_post_content_style":"","_kad_post_vertical_padding":"","_kad_post_feature":"","_kad_post_feature_position":"","_kad_post_header":false,"_kad_post_footer":false,"_kad_post_classname":""},"product_brand":[],"product_cat":[14979],"product_tag":[],"class_list":{"0":"post-123281","1":"product","2":"type-product","3":"status-publish","4":"has-post-thumbnail","6":"product_cat-kafa-lambasi-kafa-lambasi","8":"first","9":"instock","10":"purchasable","11":"product-type-simple","12":"entry","13":"content-bg","14":"loop-entry"},"_links":{"self":[{"href":"https:\/\/www.hediyepazar.com\/index.php?rest_route=\/wp\/v2\/product\/123281","targetHints":{"allow":["GET"]}}],"collection":[{"href":"https:\/\/www.hediyepazar.com\/index.php?rest_route=\/wp\/v2\/product"}],"about":[{"href":"https:\/\/www.hediyepazar.com\/index.php?rest_route=\/wp\/v2\/types\/product"}],"replies":[{"embeddable":true,"href":"https:\/\/www.hediyepazar.com\/index.php?rest_route=%2Fwp%2Fv2%2Fcomments&post=123281"}],"wp:featuredmedia":[{"embeddable":true,"href":"https:\/\/www.hediyepazar.com\/index.php?rest_route=\/wp\/v2\/media\/123280"}],"wp:attachment":[{"href":"https:\/\/www.hediyepazar.com\/index.php?rest_route=%2Fwp%2Fv2%2Fmedia&parent=123281"}],"wp:term":[{"taxonomy":"product_brand","embeddable":true,"href":"https:\/\/www.hediyepazar.com\/index.php?rest_route=%2Fwp%2Fv2%2Fproduct_brand&post=123281"},{"taxonomy":"product_cat","embeddable":true,"href":"https:\/\/www.hediyepazar.com\/index.php?rest_route=%2Fwp%2Fv2%2Fproduct_cat&post=123281"},{"taxonomy":"product_tag","embeddable":true,"href":"https:\/\/www.hediyepazar.com\/index.php?rest_route=%2Fwp%2Fv2%2Fproduct_tag&post=123281"}],"curies":[{"name":"wp","href":"https:\/\/api.w.org\/{rel}","templated":true}]}}