{"id":123283,"date":"2026-05-06T12:19:10","date_gmt":"2026-05-06T15:19:10","guid":{"rendered":"https:\/\/www.hediyepazar.com\/?product=el-hareket-sensorlu-led-kafa-feneri-5-mod-ayarlanabilir"},"modified":"2026-05-06T12:19:10","modified_gmt":"2026-05-06T15:19:10","slug":"el-hareket-sensorlu-led-kafa-feneri-5-mod-ayarlanabilir","status":"publish","type":"product","link":"https:\/\/www.hediyepazar.com\/?product=el-hareket-sensorlu-led-kafa-feneri-5-mod-ayarlanabilir","title":{"rendered":"El Hareket Sens\u00f6rl\u00fc LED Kafa Feneri 5 Mod Ayarlanabilir"},"content":{"rendered":"<p>El hareket sens\u00f6rl\u00fc LED kafa lambas\u0131, pratik kullan\u0131m\u0131 ve fonksiyonel \u00f6zellikleriyle g\u00fcnl\u00fck ve outdoor aktiviteler i\u00e7in idealdir. 300 l\u00fcmen \u0131\u015f\u0131k g\u00fcc\u00fc, karanl\u0131k ortamlarda yeterli ayd\u0131nlatma sa\u011flar. Be\u015f farkl\u0131 ayd\u0131nlatma modu sayesinde hem g\u00fc\u00e7l\u00fc hem de tasarruflu kullan\u0131m m\u00fcmk\u00fcnd\u00fcr.USB \u015farj edilebilir yap\u0131s\u0131 sayesinde \u00e7evre dostu ve ekonomiktir. Pil g\u00f6stergesi, kullan\u0131m s\u0131ras\u0131nda kontrol sa\u011flar. Ayarlanabilir kay\u0131\u015f\u0131, farkl\u0131 kafa \u00f6l\u00e7\u00fclerine rahat\u00e7a uyum sa\u011flar. K\u0131rm\u0131z\u0131 SOS modu, \u00f6zellikle kamp ve y\u00fcr\u00fcy\u00fc\u015flerde g\u00fcvenlik a\u00e7\u0131s\u0131ndan \u00f6nemli bir avantaj sunar.<\/p>\n","protected":false},"excerpt":{"rendered":"<p>El hareket sens\u00f6rl\u00fc LED kafa lambas\u0131, pratik kullan\u0131m\u0131 ve fonksiyonel \u00f6zellikleriyle g\u00fcnl\u00fck ve outdoor aktiviteler i\u00e7in idealdir. 300 l\u00fcmen \u0131\u015f\u0131k g\u00fcc\u00fc, karanl\u0131k ortamlarda yeterli ayd\u0131nlatma sa\u011flar. Be\u015f farkl\u0131 ayd\u0131nlatma modu sayesinde hem g\u00fc\u00e7l\u00fc hem de tasarruflu kullan\u0131m m\u00fcmk\u00fcnd\u00fcr.USB \u015farj edilebilir yap\u0131s\u0131 sayesinde \u00e7evre dostu ve ekonomiktir. Pil g\u00f6stergesi, kullan\u0131m s\u0131ras\u0131nda kontrol sa\u011flar. Ayarlanabilir kay\u0131\u015f\u0131, farkl\u0131&#8230;<\/p>\n","protected":false},"featured_media":123282,"comment_status":"open","ping_status":"closed","template":"","meta":{"_kad_post_transparent":"","_kad_post_title":"","_kad_post_layout":"","_kad_post_sidebar_id":"","_kad_post_content_style":"","_kad_post_vertical_padding":"","_kad_post_feature":"","_kad_post_feature_position":"","_kad_post_header":false,"_kad_post_footer":false,"_kad_post_classname":""},"product_brand":[],"product_cat":[14979],"product_tag":[],"class_list":{"0":"post-123283","1":"product","2":"type-product","3":"status-publish","4":"has-post-thumbnail","6":"product_cat-kafa-lambasi-kafa-lambasi","8":"first","9":"instock","10":"purchasable","11":"product-type-simple","12":"entry","13":"content-bg","14":"loop-entry"},"_links":{"self":[{"href":"https:\/\/www.hediyepazar.com\/index.php?rest_route=\/wp\/v2\/product\/123283","targetHints":{"allow":["GET"]}}],"collection":[{"href":"https:\/\/www.hediyepazar.com\/index.php?rest_route=\/wp\/v2\/product"}],"about":[{"href":"https:\/\/www.hediyepazar.com\/index.php?rest_route=\/wp\/v2\/types\/product"}],"replies":[{"embeddable":true,"href":"https:\/\/www.hediyepazar.com\/index.php?rest_route=%2Fwp%2Fv2%2Fcomments&post=123283"}],"wp:featuredmedia":[{"embeddable":true,"href":"https:\/\/www.hediyepazar.com\/index.php?rest_route=\/wp\/v2\/media\/123282"}],"wp:attachment":[{"href":"https:\/\/www.hediyepazar.com\/index.php?rest_route=%2Fwp%2Fv2%2Fmedia&parent=123283"}],"wp:term":[{"taxonomy":"product_brand","embeddable":true,"href":"https:\/\/www.hediyepazar.com\/index.php?rest_route=%2Fwp%2Fv2%2Fproduct_brand&post=123283"},{"taxonomy":"product_cat","embeddable":true,"href":"https:\/\/www.hediyepazar.com\/index.php?rest_route=%2Fwp%2Fv2%2Fproduct_cat&post=123283"},{"taxonomy":"product_tag","embeddable":true,"href":"https:\/\/www.hediyepazar.com\/index.php?rest_route=%2Fwp%2Fv2%2Fproduct_tag&post=123283"}],"curies":[{"name":"wp","href":"https:\/\/api.w.org\/{rel}","templated":true}]}}