{"id":123291,"date":"2026-05-06T12:19:34","date_gmt":"2026-05-06T15:19:34","guid":{"rendered":"https:\/\/www.hediyepazar.com\/?product=su-gecirmez-led-kafa-lambasi-53-calisma-modu-guc-ekranli"},"modified":"2026-05-06T12:19:34","modified_gmt":"2026-05-06T15:19:34","slug":"su-gecirmez-led-kafa-lambasi-53-calisma-modu-guc-ekranli","status":"publish","type":"product","link":"https:\/\/www.hediyepazar.com\/?product=su-gecirmez-led-kafa-lambasi-53-calisma-modu-guc-ekranli","title":{"rendered":"Su Ge\u00e7irmez LED Kafa Lambas\u0131 53 \u00c7al\u0131\u015fma Modu G\u00fc\u00e7 Ekranl\u0131"},"content":{"rendered":"<p>Bu su ge\u00e7irmez LED kafa lambas\u0131, zorlu hava ko\u015fullar\u0131nda bile maksimum performans sunmak \u00fczere tasarlanm\u0131\u015ft\u0131r. G\u00fc\u00e7l\u00fc LED \u0131\u015f\u0131k huzmesi sayesinde geni\u015f alanlar\u0131 etkili \u015fekilde ayd\u0131nlat\u0131r. \u00dc\u00e7 farkl\u0131 renkli \u0131\u015f\u0131k se\u00e7ene\u011fi ile farkl\u0131 kullan\u0131m senaryolar\u0131na uyum sa\u011flar. 53 \u00e7al\u0131\u015fma modu sayesinde \u0131\u015f\u0131k seviyesi ve t\u00fcr\u00fc tamamen kontrol\u00fcn\u00fczdedir.Type-C \u015farj edilebilir pil sistemi, uzun s\u00fcreli kesintisiz kullan\u0131m sunar. Dahili g\u00fc\u00e7 ekran\u0131, pil seviyesini anl\u0131k olarak g\u00f6stererek kullan\u0131c\u0131ya b\u00fcy\u00fck kolayl\u0131k sa\u011flar. Eller serbest kullan\u0131m \u00f6zelli\u011fi, i\u015flerinizi daha h\u0131zl\u0131 ve g\u00fcvenli \u015fekilde yapman\u0131za yard\u0131mc\u0131 olur.Ayarlanabilir kafa band\u0131, konforlu ve sabit kullan\u0131m sa\u011flar. Hafif yap\u0131s\u0131 sayesinde uzun s\u00fcreli takmalarda yorgunluk hissi yaratmaz. Kamp\u00e7\u0131lar, do\u011fa severler, tamirciler ve gece \u00e7al\u0131\u015fanlar i\u00e7in ideal bir \u00fcr\u00fcnd\u00fcr.<\/p>\n","protected":false},"excerpt":{"rendered":"<p>Bu su ge\u00e7irmez LED kafa lambas\u0131, zorlu hava ko\u015fullar\u0131nda bile maksimum performans sunmak \u00fczere tasarlanm\u0131\u015ft\u0131r. G\u00fc\u00e7l\u00fc LED \u0131\u015f\u0131k huzmesi sayesinde geni\u015f alanlar\u0131 etkili \u015fekilde ayd\u0131nlat\u0131r. \u00dc\u00e7 farkl\u0131 renkli \u0131\u015f\u0131k se\u00e7ene\u011fi ile farkl\u0131 kullan\u0131m senaryolar\u0131na uyum sa\u011flar. 53 \u00e7al\u0131\u015fma modu sayesinde \u0131\u015f\u0131k seviyesi ve t\u00fcr\u00fc tamamen kontrol\u00fcn\u00fczdedir.Type-C \u015farj edilebilir pil sistemi, uzun s\u00fcreli kesintisiz kullan\u0131m sunar&#8230;.<\/p>\n","protected":false},"featured_media":123290,"comment_status":"open","ping_status":"closed","template":"","meta":{"_kad_post_transparent":"","_kad_post_title":"","_kad_post_layout":"","_kad_post_sidebar_id":"","_kad_post_content_style":"","_kad_post_vertical_padding":"","_kad_post_feature":"","_kad_post_feature_position":"","_kad_post_header":false,"_kad_post_footer":false,"_kad_post_classname":""},"product_brand":[],"product_cat":[14979],"product_tag":[],"class_list":{"0":"post-123291","1":"product","2":"type-product","3":"status-publish","4":"has-post-thumbnail","6":"product_cat-kafa-lambasi-kafa-lambasi","8":"first","9":"instock","10":"purchasable","11":"product-type-simple","12":"entry","13":"content-bg","14":"loop-entry"},"_links":{"self":[{"href":"https:\/\/www.hediyepazar.com\/index.php?rest_route=\/wp\/v2\/product\/123291","targetHints":{"allow":["GET"]}}],"collection":[{"href":"https:\/\/www.hediyepazar.com\/index.php?rest_route=\/wp\/v2\/product"}],"about":[{"href":"https:\/\/www.hediyepazar.com\/index.php?rest_route=\/wp\/v2\/types\/product"}],"replies":[{"embeddable":true,"href":"https:\/\/www.hediyepazar.com\/index.php?rest_route=%2Fwp%2Fv2%2Fcomments&post=123291"}],"wp:featuredmedia":[{"embeddable":true,"href":"https:\/\/www.hediyepazar.com\/index.php?rest_route=\/wp\/v2\/media\/123290"}],"wp:attachment":[{"href":"https:\/\/www.hediyepazar.com\/index.php?rest_route=%2Fwp%2Fv2%2Fmedia&parent=123291"}],"wp:term":[{"taxonomy":"product_brand","embeddable":true,"href":"https:\/\/www.hediyepazar.com\/index.php?rest_route=%2Fwp%2Fv2%2Fproduct_brand&post=123291"},{"taxonomy":"product_cat","embeddable":true,"href":"https:\/\/www.hediyepazar.com\/index.php?rest_route=%2Fwp%2Fv2%2Fproduct_cat&post=123291"},{"taxonomy":"product_tag","embeddable":true,"href":"https:\/\/www.hediyepazar.com\/index.php?rest_route=%2Fwp%2Fv2%2Fproduct_tag&post=123291"}],"curies":[{"name":"wp","href":"https:\/\/api.w.org\/{rel}","templated":true}]}}