{"id":123323,"date":"2026-05-06T12:23:07","date_gmt":"2026-05-06T15:23:07","guid":{"rendered":"https:\/\/www.hediyepazar.com\/?product=2in1-kablosuz-yaka-mikrofonu-ios-ve-android-uyumlu"},"modified":"2026-05-06T12:23:07","modified_gmt":"2026-05-06T15:23:07","slug":"2in1-kablosuz-yaka-mikrofonu-ios-ve-android-uyumlu","status":"publish","type":"product","link":"https:\/\/www.hediyepazar.com\/?product=2in1-kablosuz-yaka-mikrofonu-ios-ve-android-uyumlu","title":{"rendered":"2in1 Kablosuz Yaka Mikrofonu iOS ve Android Uyumlu"},"content":{"rendered":"<p>Hafif ve kompakt tasar\u0131m\u0131yla kolay ta\u015f\u0131nabilen bu kablosuz yaka mikrofonu, uzun s\u00fcreli \u00e7ekimlerde konforlu kullan\u0131m sunar. Yakan\u0131za kolayca tak\u0131labilen ergonomik yap\u0131s\u0131 sayesinde dikkat \u00e7ekmeden profesyonel ses kayd\u0131 alabilirsiniz. E\u011fitim videolar\u0131, online toplant\u0131lar ve sunumlar i\u00e7in de son derece uygundur.<\/p>\n","protected":false},"excerpt":{"rendered":"<p>Hafif ve kompakt tasar\u0131m\u0131yla kolay ta\u015f\u0131nabilen bu kablosuz yaka mikrofonu, uzun s\u00fcreli \u00e7ekimlerde konforlu kullan\u0131m sunar. Yakan\u0131za kolayca tak\u0131labilen ergonomik yap\u0131s\u0131 sayesinde dikkat \u00e7ekmeden profesyonel ses kayd\u0131 alabilirsiniz. E\u011fitim videolar\u0131, online toplant\u0131lar ve sunumlar i\u00e7in de son derece uygundur.<\/p>\n","protected":false},"featured_media":123322,"comment_status":"open","ping_status":"closed","template":"","meta":{"_kad_post_transparent":"","_kad_post_title":"","_kad_post_layout":"","_kad_post_sidebar_id":"","_kad_post_content_style":"","_kad_post_vertical_padding":"","_kad_post_feature":"","_kad_post_feature_position":"","_kad_post_header":false,"_kad_post_footer":false,"_kad_post_classname":""},"product_brand":[],"product_cat":[15091],"product_tag":[],"class_list":{"0":"post-123323","1":"product","2":"type-product","3":"status-publish","4":"has-post-thumbnail","6":"product_cat-mikrofon-mikrofon","8":"first","9":"instock","10":"purchasable","11":"product-type-simple","12":"entry","13":"content-bg","14":"loop-entry"},"_links":{"self":[{"href":"https:\/\/www.hediyepazar.com\/index.php?rest_route=\/wp\/v2\/product\/123323","targetHints":{"allow":["GET"]}}],"collection":[{"href":"https:\/\/www.hediyepazar.com\/index.php?rest_route=\/wp\/v2\/product"}],"about":[{"href":"https:\/\/www.hediyepazar.com\/index.php?rest_route=\/wp\/v2\/types\/product"}],"replies":[{"embeddable":true,"href":"https:\/\/www.hediyepazar.com\/index.php?rest_route=%2Fwp%2Fv2%2Fcomments&post=123323"}],"wp:featuredmedia":[{"embeddable":true,"href":"https:\/\/www.hediyepazar.com\/index.php?rest_route=\/wp\/v2\/media\/123322"}],"wp:attachment":[{"href":"https:\/\/www.hediyepazar.com\/index.php?rest_route=%2Fwp%2Fv2%2Fmedia&parent=123323"}],"wp:term":[{"taxonomy":"product_brand","embeddable":true,"href":"https:\/\/www.hediyepazar.com\/index.php?rest_route=%2Fwp%2Fv2%2Fproduct_brand&post=123323"},{"taxonomy":"product_cat","embeddable":true,"href":"https:\/\/www.hediyepazar.com\/index.php?rest_route=%2Fwp%2Fv2%2Fproduct_cat&post=123323"},{"taxonomy":"product_tag","embeddable":true,"href":"https:\/\/www.hediyepazar.com\/index.php?rest_route=%2Fwp%2Fv2%2Fproduct_tag&post=123323"}],"curies":[{"name":"wp","href":"https:\/\/api.w.org\/{rel}","templated":true}]}}