{"id":123325,"date":"2026-05-06T12:23:15","date_gmt":"2026-05-06T15:23:15","guid":{"rendered":"https:\/\/www.hediyepazar.com\/?product=canli-yayin-ve-video-cekimleri-icin-ciftli-kablosuz-yaka-mikrofon"},"modified":"2026-05-06T12:23:15","modified_gmt":"2026-05-06T15:23:15","slug":"canli-yayin-ve-video-cekimleri-icin-ciftli-kablosuz-yaka-mikrofon","status":"publish","type":"product","link":"https:\/\/www.hediyepazar.com\/?product=canli-yayin-ve-video-cekimleri-icin-ciftli-kablosuz-yaka-mikrofon","title":{"rendered":"Canl\u0131 Yay\u0131n ve Video \u00c7ekimleri \u0130\u00e7in \u00c7iftli Kablosuz Yaka Mikrofon"},"content":{"rendered":"<p>Bu 2in1 kablosuz yaka mikrofon seti, tek al\u0131c\u0131 ile iki mikrofonu ayn\u0131 anda kullanma imk\u00e2n\u0131 sunar. \u00d6zellikle \u00e7ift ki\u015filik r\u00f6portajlar, podcast kay\u0131tlar\u0131 ve sosyal medya i\u00e7erikleri i\u00e7in b\u00fcy\u00fck avantaj sa\u011flar. Gecikmesiz ses aktar\u0131m\u0131 sayesinde konu\u015fmalar net bir \u015fekilde kaydedilir. Tak-\u00e7al\u0131\u015ft\u0131r \u00f6zelli\u011fi ile herhangi bir uygulama veya teknik kurulum gerektirmez.<\/p>\n","protected":false},"excerpt":{"rendered":"<p>Bu 2in1 kablosuz yaka mikrofon seti, tek al\u0131c\u0131 ile iki mikrofonu ayn\u0131 anda kullanma imk\u00e2n\u0131 sunar. \u00d6zellikle \u00e7ift ki\u015filik r\u00f6portajlar, podcast kay\u0131tlar\u0131 ve sosyal medya i\u00e7erikleri i\u00e7in b\u00fcy\u00fck avantaj sa\u011flar. Gecikmesiz ses aktar\u0131m\u0131 sayesinde konu\u015fmalar net bir \u015fekilde kaydedilir. Tak-\u00e7al\u0131\u015ft\u0131r \u00f6zelli\u011fi ile herhangi bir uygulama veya teknik kurulum gerektirmez.<\/p>\n","protected":false},"featured_media":123324,"comment_status":"open","ping_status":"closed","template":"","meta":{"_kad_post_transparent":"","_kad_post_title":"","_kad_post_layout":"","_kad_post_sidebar_id":"","_kad_post_content_style":"","_kad_post_vertical_padding":"","_kad_post_feature":"","_kad_post_feature_position":"","_kad_post_header":false,"_kad_post_footer":false,"_kad_post_classname":""},"product_brand":[],"product_cat":[15091],"product_tag":[],"class_list":{"0":"post-123325","1":"product","2":"type-product","3":"status-publish","4":"has-post-thumbnail","6":"product_cat-mikrofon-mikrofon","8":"first","9":"instock","10":"purchasable","11":"product-type-simple","12":"entry","13":"content-bg","14":"loop-entry"},"_links":{"self":[{"href":"https:\/\/www.hediyepazar.com\/index.php?rest_route=\/wp\/v2\/product\/123325","targetHints":{"allow":["GET"]}}],"collection":[{"href":"https:\/\/www.hediyepazar.com\/index.php?rest_route=\/wp\/v2\/product"}],"about":[{"href":"https:\/\/www.hediyepazar.com\/index.php?rest_route=\/wp\/v2\/types\/product"}],"replies":[{"embeddable":true,"href":"https:\/\/www.hediyepazar.com\/index.php?rest_route=%2Fwp%2Fv2%2Fcomments&post=123325"}],"wp:featuredmedia":[{"embeddable":true,"href":"https:\/\/www.hediyepazar.com\/index.php?rest_route=\/wp\/v2\/media\/123324"}],"wp:attachment":[{"href":"https:\/\/www.hediyepazar.com\/index.php?rest_route=%2Fwp%2Fv2%2Fmedia&parent=123325"}],"wp:term":[{"taxonomy":"product_brand","embeddable":true,"href":"https:\/\/www.hediyepazar.com\/index.php?rest_route=%2Fwp%2Fv2%2Fproduct_brand&post=123325"},{"taxonomy":"product_cat","embeddable":true,"href":"https:\/\/www.hediyepazar.com\/index.php?rest_route=%2Fwp%2Fv2%2Fproduct_cat&post=123325"},{"taxonomy":"product_tag","embeddable":true,"href":"https:\/\/www.hediyepazar.com\/index.php?rest_route=%2Fwp%2Fv2%2Fproduct_tag&post=123325"}],"curies":[{"name":"wp","href":"https:\/\/api.w.org\/{rel}","templated":true}]}}