{"id":123329,"date":"2026-05-06T12:24:00","date_gmt":"2026-05-06T15:24:00","guid":{"rendered":"https:\/\/www.hediyepazar.com\/?product=ultra-genis-acili-arac-kamerasi-dokunmatik-ayna-kayitli"},"modified":"2026-05-06T12:24:00","modified_gmt":"2026-05-06T15:24:00","slug":"ultra-genis-acili-arac-kamerasi-dokunmatik-ayna-kayitli","status":"publish","type":"product","link":"https:\/\/www.hediyepazar.com\/?product=ultra-genis-acili-arac-kamerasi-dokunmatik-ayna-kayitli","title":{"rendered":"Ultra Geni\u015f A\u00e7\u0131l\u0131 Ara\u00e7 Kameras\u0131 Dokunmatik Ayna Kay\u0131tl\u0131"},"content":{"rendered":"<p>10.0 in\u00e7 tam dokunmatik IPS ekran, geni\u015f g\u00f6r\u00fcnt\u00fc alan\u0131 ve y\u00fcksek \u00e7\u00f6z\u00fcn\u00fcrl\u00fck sunar. \u00d6n kamera 1920x1080P, arka kamera 1280x720P \u00e7\u00f6z\u00fcn\u00fcrl\u00fckte video kayd\u0131 yapar. Foto\u011fraf \u00e7\u00f6z\u00fcn\u00fcrl\u00fc\u011f\u00fc 12 megapikseldir. MJPG video format\u0131 sayesinde kay\u0131tlar net ve ak\u0131c\u0131d\u0131r. Otomatik a\u00e7ma kapama \u00f6zelli\u011fi ile ara\u00e7 \u00e7al\u0131\u015ft\u0131\u011f\u0131nda kamera kendili\u011finden devreye girer.<\/p>\n","protected":false},"excerpt":{"rendered":"<p>10.0 in\u00e7 tam dokunmatik IPS ekran, geni\u015f g\u00f6r\u00fcnt\u00fc alan\u0131 ve y\u00fcksek \u00e7\u00f6z\u00fcn\u00fcrl\u00fck sunar. \u00d6n kamera 1920x1080P, arka kamera 1280x720P \u00e7\u00f6z\u00fcn\u00fcrl\u00fckte video kayd\u0131 yapar. Foto\u011fraf \u00e7\u00f6z\u00fcn\u00fcrl\u00fc\u011f\u00fc 12 megapikseldir. MJPG video format\u0131 sayesinde kay\u0131tlar net ve ak\u0131c\u0131d\u0131r. Otomatik a\u00e7ma kapama \u00f6zelli\u011fi ile ara\u00e7 \u00e7al\u0131\u015ft\u0131\u011f\u0131nda kamera kendili\u011finden devreye girer.<\/p>\n","protected":false},"featured_media":123328,"comment_status":"open","ping_status":"closed","template":"","meta":{"_kad_post_transparent":"","_kad_post_title":"","_kad_post_layout":"","_kad_post_sidebar_id":"","_kad_post_content_style":"","_kad_post_vertical_padding":"","_kad_post_feature":"","_kad_post_feature_position":"","_kad_post_header":false,"_kad_post_footer":false,"_kad_post_classname":""},"product_brand":[],"product_cat":[15062],"product_tag":[],"class_list":{"0":"post-123329","1":"product","2":"type-product","3":"status-publish","4":"has-post-thumbnail","6":"product_cat-arac-ici-kamera-arac-ici-kamera","8":"first","9":"instock","10":"purchasable","11":"product-type-simple","12":"entry","13":"content-bg","14":"loop-entry"},"_links":{"self":[{"href":"https:\/\/www.hediyepazar.com\/index.php?rest_route=\/wp\/v2\/product\/123329","targetHints":{"allow":["GET"]}}],"collection":[{"href":"https:\/\/www.hediyepazar.com\/index.php?rest_route=\/wp\/v2\/product"}],"about":[{"href":"https:\/\/www.hediyepazar.com\/index.php?rest_route=\/wp\/v2\/types\/product"}],"replies":[{"embeddable":true,"href":"https:\/\/www.hediyepazar.com\/index.php?rest_route=%2Fwp%2Fv2%2Fcomments&post=123329"}],"wp:featuredmedia":[{"embeddable":true,"href":"https:\/\/www.hediyepazar.com\/index.php?rest_route=\/wp\/v2\/media\/123328"}],"wp:attachment":[{"href":"https:\/\/www.hediyepazar.com\/index.php?rest_route=%2Fwp%2Fv2%2Fmedia&parent=123329"}],"wp:term":[{"taxonomy":"product_brand","embeddable":true,"href":"https:\/\/www.hediyepazar.com\/index.php?rest_route=%2Fwp%2Fv2%2Fproduct_brand&post=123329"},{"taxonomy":"product_cat","embeddable":true,"href":"https:\/\/www.hediyepazar.com\/index.php?rest_route=%2Fwp%2Fv2%2Fproduct_cat&post=123329"},{"taxonomy":"product_tag","embeddable":true,"href":"https:\/\/www.hediyepazar.com\/index.php?rest_route=%2Fwp%2Fv2%2Fproduct_tag&post=123329"}],"curies":[{"name":"wp","href":"https:\/\/api.w.org\/{rel}","templated":true}]}}