{"id":123341,"date":"2026-05-06T12:26:20","date_gmt":"2026-05-06T15:26:20","guid":{"rendered":"https:\/\/www.hediyepazar.com\/?product=yoga-ve-meditasyon-icin-ultrasonik-hava-nemlendirici"},"modified":"2026-05-06T12:26:20","modified_gmt":"2026-05-06T15:26:20","slug":"yoga-ve-meditasyon-icin-ultrasonik-hava-nemlendirici","status":"publish","type":"product","link":"https:\/\/www.hediyepazar.com\/?product=yoga-ve-meditasyon-icin-ultrasonik-hava-nemlendirici","title":{"rendered":"Yoga ve Meditasyon \u0130\u00e7in Ultrasonik Hava Nemlendirici"},"content":{"rendered":"<p>Bu ultrasonik aroma dif\u00fcz\u00f6r, sessiz \u00e7al\u0131\u015fmas\u0131 ve zarif tasar\u0131m\u0131yla yoga ve meditasyon alanlar\u0131 i\u00e7in \u00f6zel bir atmosfer olu\u015fturur. 300 ml su haznesi sayesinde uzun s\u00fcreli buhar \u00e7\u0131k\u0131\u015f\u0131 sa\u011flar.7 renk LED \u0131\u015f\u0131klar, zihinsel rahatlama ve odaklanmay\u0131 destekler. Havay\u0131 nemlendirerek daha konforlu bir ortam sunar. Prizden \u00e7al\u0131\u015f\u0131r ve \u015farj gerektirmez.<\/p>\n","protected":false},"excerpt":{"rendered":"<p>Bu ultrasonik aroma dif\u00fcz\u00f6r, sessiz \u00e7al\u0131\u015fmas\u0131 ve zarif tasar\u0131m\u0131yla yoga ve meditasyon alanlar\u0131 i\u00e7in \u00f6zel bir atmosfer olu\u015fturur. 300 ml su haznesi sayesinde uzun s\u00fcreli buhar \u00e7\u0131k\u0131\u015f\u0131 sa\u011flar.7 renk LED \u0131\u015f\u0131klar, zihinsel rahatlama ve odaklanmay\u0131 destekler. Havay\u0131 nemlendirerek daha konforlu bir ortam sunar. Prizden \u00e7al\u0131\u015f\u0131r ve \u015farj gerektirmez.<\/p>\n","protected":false},"featured_media":123340,"comment_status":"open","ping_status":"closed","template":"","meta":{"_kad_post_transparent":"","_kad_post_title":"","_kad_post_layout":"","_kad_post_sidebar_id":"","_kad_post_content_style":"","_kad_post_vertical_padding":"","_kad_post_feature":"","_kad_post_feature_position":"","_kad_post_header":false,"_kad_post_footer":false,"_kad_post_classname":""},"product_brand":[],"product_cat":[14965],"product_tag":[],"class_list":{"0":"post-123341","1":"product","2":"type-product","3":"status-publish","4":"has-post-thumbnail","6":"product_cat-hava-nemlendirici-hava-nemlendirici","8":"first","9":"instock","10":"purchasable","11":"product-type-simple","12":"entry","13":"content-bg","14":"loop-entry"},"_links":{"self":[{"href":"https:\/\/www.hediyepazar.com\/index.php?rest_route=\/wp\/v2\/product\/123341","targetHints":{"allow":["GET"]}}],"collection":[{"href":"https:\/\/www.hediyepazar.com\/index.php?rest_route=\/wp\/v2\/product"}],"about":[{"href":"https:\/\/www.hediyepazar.com\/index.php?rest_route=\/wp\/v2\/types\/product"}],"replies":[{"embeddable":true,"href":"https:\/\/www.hediyepazar.com\/index.php?rest_route=%2Fwp%2Fv2%2Fcomments&post=123341"}],"wp:featuredmedia":[{"embeddable":true,"href":"https:\/\/www.hediyepazar.com\/index.php?rest_route=\/wp\/v2\/media\/123340"}],"wp:attachment":[{"href":"https:\/\/www.hediyepazar.com\/index.php?rest_route=%2Fwp%2Fv2%2Fmedia&parent=123341"}],"wp:term":[{"taxonomy":"product_brand","embeddable":true,"href":"https:\/\/www.hediyepazar.com\/index.php?rest_route=%2Fwp%2Fv2%2Fproduct_brand&post=123341"},{"taxonomy":"product_cat","embeddable":true,"href":"https:\/\/www.hediyepazar.com\/index.php?rest_route=%2Fwp%2Fv2%2Fproduct_cat&post=123341"},{"taxonomy":"product_tag","embeddable":true,"href":"https:\/\/www.hediyepazar.com\/index.php?rest_route=%2Fwp%2Fv2%2Fproduct_tag&post=123341"}],"curies":[{"name":"wp","href":"https:\/\/api.w.org\/{rel}","templated":true}]}}