{"id":123345,"date":"2026-05-06T12:26:33","date_gmt":"2026-05-06T15:26:33","guid":{"rendered":"https:\/\/www.hediyepazar.com\/?product=prizden-calisan-sessiz-ultrasonik-hava-nemlendirici-difuzor"},"modified":"2026-05-06T12:26:33","modified_gmt":"2026-05-06T15:26:33","slug":"prizden-calisan-sessiz-ultrasonik-hava-nemlendirici-difuzor","status":"publish","type":"product","link":"https:\/\/www.hediyepazar.com\/?product=prizden-calisan-sessiz-ultrasonik-hava-nemlendirici-difuzor","title":{"rendered":"Prizden \u00c7al\u0131\u015fan Sessiz Ultrasonik Hava Nemlendirici Dif\u00fcz\u00f6r"},"content":{"rendered":"<p>Prizden \u00e7al\u0131\u015fan ve \u015farj gerektirmeyen bu ultrasonik aroma dif\u00fcz\u00f6r, aromaterapi ve hava nemlendirme ihtiya\u00e7lar\u0131n\u0131 tek bir cihazda birle\u015ftirir. 300 ml geni\u015f su haznesi sayesinde s\u0131k s\u0131k su ekleme ihtiyac\u0131n\u0131 azalt\u0131r ve uzun s\u00fcreli buhar \u00e7\u0131k\u0131\u015f\u0131 sa\u011flar.Ultrasonik buhar teknolojisi, suyu ve aromatik ya\u011flar\u0131 \u0131s\u0131tmadan \u00e7al\u0131\u015f\u0131r. Bu y\u00f6ntem, ya\u011flar\u0131n do\u011fal etkilerini kaybetmeden ortama yay\u0131lmas\u0131n\u0131 sa\u011flar. Sessiz \u00e7al\u0131\u015fma \u00f6zelli\u011fi sayesinde g\u00fcn\u00fcn her saatinde rahatl\u0131kla kullan\u0131labilir. \u00d6zellikle uyku s\u0131ras\u0131nda ya da ofis ortam\u0131nda dikkat da\u011f\u0131tmadan \u00e7al\u0131\u015f\u0131r.7 renkli LED \u0131\u015f\u0131k sistemi, ortama sakinle\u015ftirici bir atmosfer kazand\u0131r\u0131r. I\u015f\u0131klar, dekoratif bir gece lambas\u0131 olarak da kullan\u0131labilir. Yoga, meditasyon ve nefes egzersizleri s\u0131ras\u0131nda zihinsel odaklanmay\u0131 destekler.\u00dcr\u00fcn g\u00f6vdesinde kullan\u0131lan ABS plastik ve i\u00e7 tankta yer alan PP malzeme, sa\u011fl\u0131\u011fa uygun ve dayan\u0131kl\u0131 yap\u0131 sunar. Havay\u0131 nemlendirerek cildin nem dengesini korumaya yard\u0131mc\u0131 olur. Ortam havas\u0131n\u0131 tazeler ve ho\u015f bir koku yayarak ya\u015fam alanlar\u0131n\u0131n daha ferah hissettirmesini sa\u011flar.Aromaterapi uygulamas\u0131 i\u00e7in suya birka\u00e7 damla u\u00e7ucu ya\u011f eklemeniz yeterlidir. Ev, ofis, spa, otel ve st\u00fcdyo gibi alanlar i\u00e7in ideal bir \u00e7\u00f6z\u00fcmd\u00fcr.<\/p>\n","protected":false},"excerpt":{"rendered":"<p>Prizden \u00e7al\u0131\u015fan ve \u015farj gerektirmeyen bu ultrasonik aroma dif\u00fcz\u00f6r, aromaterapi ve hava nemlendirme ihtiya\u00e7lar\u0131n\u0131 tek bir cihazda birle\u015ftirir. 300 ml geni\u015f su haznesi sayesinde s\u0131k s\u0131k su ekleme ihtiyac\u0131n\u0131 azalt\u0131r ve uzun s\u00fcreli buhar \u00e7\u0131k\u0131\u015f\u0131 sa\u011flar.Ultrasonik buhar teknolojisi, suyu ve aromatik ya\u011flar\u0131 \u0131s\u0131tmadan \u00e7al\u0131\u015f\u0131r. Bu y\u00f6ntem, ya\u011flar\u0131n do\u011fal etkilerini kaybetmeden ortama yay\u0131lmas\u0131n\u0131 sa\u011flar. Sessiz \u00e7al\u0131\u015fma&#8230;<\/p>\n","protected":false},"featured_media":123344,"comment_status":"open","ping_status":"closed","template":"","meta":{"_kad_post_transparent":"","_kad_post_title":"","_kad_post_layout":"","_kad_post_sidebar_id":"","_kad_post_content_style":"","_kad_post_vertical_padding":"","_kad_post_feature":"","_kad_post_feature_position":"","_kad_post_header":false,"_kad_post_footer":false,"_kad_post_classname":""},"product_brand":[],"product_cat":[14965],"product_tag":[],"class_list":{"0":"post-123345","1":"product","2":"type-product","3":"status-publish","4":"has-post-thumbnail","6":"product_cat-hava-nemlendirici-hava-nemlendirici","8":"first","9":"instock","10":"purchasable","11":"product-type-simple","12":"entry","13":"content-bg","14":"loop-entry"},"_links":{"self":[{"href":"https:\/\/www.hediyepazar.com\/index.php?rest_route=\/wp\/v2\/product\/123345","targetHints":{"allow":["GET"]}}],"collection":[{"href":"https:\/\/www.hediyepazar.com\/index.php?rest_route=\/wp\/v2\/product"}],"about":[{"href":"https:\/\/www.hediyepazar.com\/index.php?rest_route=\/wp\/v2\/types\/product"}],"replies":[{"embeddable":true,"href":"https:\/\/www.hediyepazar.com\/index.php?rest_route=%2Fwp%2Fv2%2Fcomments&post=123345"}],"wp:featuredmedia":[{"embeddable":true,"href":"https:\/\/www.hediyepazar.com\/index.php?rest_route=\/wp\/v2\/media\/123344"}],"wp:attachment":[{"href":"https:\/\/www.hediyepazar.com\/index.php?rest_route=%2Fwp%2Fv2%2Fmedia&parent=123345"}],"wp:term":[{"taxonomy":"product_brand","embeddable":true,"href":"https:\/\/www.hediyepazar.com\/index.php?rest_route=%2Fwp%2Fv2%2Fproduct_brand&post=123345"},{"taxonomy":"product_cat","embeddable":true,"href":"https:\/\/www.hediyepazar.com\/index.php?rest_route=%2Fwp%2Fv2%2Fproduct_cat&post=123345"},{"taxonomy":"product_tag","embeddable":true,"href":"https:\/\/www.hediyepazar.com\/index.php?rest_route=%2Fwp%2Fv2%2Fproduct_tag&post=123345"}],"curies":[{"name":"wp","href":"https:\/\/api.w.org\/{rel}","templated":true}]}}