{"id":123351,"date":"2026-05-06T12:26:51","date_gmt":"2026-05-06T15:26:51","guid":{"rendered":"https:\/\/www.hediyepazar.com\/?product=yildizli-gokyuzu-efektli-uzay-temali-nemlendirici-lamba"},"modified":"2026-05-06T12:26:51","modified_gmt":"2026-05-06T15:26:51","slug":"yildizli-gokyuzu-efektli-uzay-temali-nemlendirici-lamba","status":"publish","type":"product","link":"https:\/\/www.hediyepazar.com\/?product=yildizli-gokyuzu-efektli-uzay-temali-nemlendirici-lamba","title":{"rendered":"Y\u0131ld\u0131zl\u0131 G\u00f6ky\u00fcz\u00fc Efektli Uzay Temal\u0131 Nemlendirici Lamba"},"content":{"rendered":"<p>Y\u0131ld\u0131zl\u0131 g\u00f6ky\u00fcz\u00fc ve galaksi efektleri sunan bu uzay temal\u0131 nemlendirici lamba, dekoratif ayd\u0131nlatma ile hava kalitesini bir arada sunar. USB\u2019den g\u00fc\u00e7 alarak \u00e7al\u0131\u015fmas\u0131, \u00fcr\u00fcn\u00fc hem ekonomik hem de pratik hale getirir.Projeksiyon \u0131\u015f\u0131klar\u0131, tavana ve duvarlara yans\u0131yarak ger\u00e7ek\u00e7i bir uzay atmosferi olu\u015fturur. Meditasyon, yoga ve uyku \u00f6ncesi kullan\u0131m i\u00e7in sakinle\u015ftirici bir ortam sa\u011flar. \u00c7ocuklar\u0131n hayal d\u00fcnyas\u0131n\u0131 zenginle\u015ftirirken yeti\u015fkinler i\u00e7in de rahatlat\u0131c\u0131 bir deneyim sunar.Nemlendirme \u00f6zelli\u011fi sayesinde kuru havan\u0131n olumsuz etkilerini azalt\u0131r. Yatak odalar\u0131, oturma odalar\u0131 ve \u00e7al\u0131\u015fma alanlar\u0131 i\u00e7in uygundur. Uzay temas\u0131n\u0131 sevenler i\u00e7in fonksiyonel bir dekoratif \u00fcr\u00fcnd\u00fcr.<\/p>\n","protected":false},"excerpt":{"rendered":"<p>Y\u0131ld\u0131zl\u0131 g\u00f6ky\u00fcz\u00fc ve galaksi efektleri sunan bu uzay temal\u0131 nemlendirici lamba, dekoratif ayd\u0131nlatma ile hava kalitesini bir arada sunar. USB\u2019den g\u00fc\u00e7 alarak \u00e7al\u0131\u015fmas\u0131, \u00fcr\u00fcn\u00fc hem ekonomik hem de pratik hale getirir.Projeksiyon \u0131\u015f\u0131klar\u0131, tavana ve duvarlara yans\u0131yarak ger\u00e7ek\u00e7i bir uzay atmosferi olu\u015fturur. Meditasyon, yoga ve uyku \u00f6ncesi kullan\u0131m i\u00e7in sakinle\u015ftirici bir ortam sa\u011flar. \u00c7ocuklar\u0131n hayal d\u00fcnyas\u0131n\u0131&#8230;<\/p>\n","protected":false},"featured_media":123350,"comment_status":"open","ping_status":"closed","template":"","meta":{"_kad_post_transparent":"","_kad_post_title":"","_kad_post_layout":"","_kad_post_sidebar_id":"","_kad_post_content_style":"","_kad_post_vertical_padding":"","_kad_post_feature":"","_kad_post_feature_position":"","_kad_post_header":false,"_kad_post_footer":false,"_kad_post_classname":""},"product_brand":[],"product_cat":[14965],"product_tag":[],"class_list":{"0":"post-123351","1":"product","2":"type-product","3":"status-publish","4":"has-post-thumbnail","6":"product_cat-hava-nemlendirici-hava-nemlendirici","8":"first","9":"instock","10":"purchasable","11":"product-type-simple","12":"entry","13":"content-bg","14":"loop-entry"},"_links":{"self":[{"href":"https:\/\/www.hediyepazar.com\/index.php?rest_route=\/wp\/v2\/product\/123351","targetHints":{"allow":["GET"]}}],"collection":[{"href":"https:\/\/www.hediyepazar.com\/index.php?rest_route=\/wp\/v2\/product"}],"about":[{"href":"https:\/\/www.hediyepazar.com\/index.php?rest_route=\/wp\/v2\/types\/product"}],"replies":[{"embeddable":true,"href":"https:\/\/www.hediyepazar.com\/index.php?rest_route=%2Fwp%2Fv2%2Fcomments&post=123351"}],"wp:featuredmedia":[{"embeddable":true,"href":"https:\/\/www.hediyepazar.com\/index.php?rest_route=\/wp\/v2\/media\/123350"}],"wp:attachment":[{"href":"https:\/\/www.hediyepazar.com\/index.php?rest_route=%2Fwp%2Fv2%2Fmedia&parent=123351"}],"wp:term":[{"taxonomy":"product_brand","embeddable":true,"href":"https:\/\/www.hediyepazar.com\/index.php?rest_route=%2Fwp%2Fv2%2Fproduct_brand&post=123351"},{"taxonomy":"product_cat","embeddable":true,"href":"https:\/\/www.hediyepazar.com\/index.php?rest_route=%2Fwp%2Fv2%2Fproduct_cat&post=123351"},{"taxonomy":"product_tag","embeddable":true,"href":"https:\/\/www.hediyepazar.com\/index.php?rest_route=%2Fwp%2Fv2%2Fproduct_tag&post=123351"}],"curies":[{"name":"wp","href":"https:\/\/api.w.org\/{rel}","templated":true}]}}