{"id":123353,"date":"2026-05-06T12:26:59","date_gmt":"2026-05-06T15:26:59","guid":{"rendered":"https:\/\/www.hediyepazar.com\/?product=usb-sarjli-uzay-temali-isik-projektoru-hava-nemlendirici"},"modified":"2026-05-06T12:26:59","modified_gmt":"2026-05-06T15:26:59","slug":"usb-sarjli-uzay-temali-isik-projektoru-hava-nemlendirici","status":"publish","type":"product","link":"https:\/\/www.hediyepazar.com\/?product=usb-sarjli-uzay-temali-isik-projektoru-hava-nemlendirici","title":{"rendered":"USB \u015earjl\u0131 Uzay Temal\u0131 I\u015f\u0131k Projekt\u00f6r\u00fc Hava Nemlendirici"},"content":{"rendered":"<p>USB \u015farjl\u0131 uzay temal\u0131 projeksiyonlu nemlendirici, modern ya\u015fam alanlar\u0131na hem estetik hem de konfor kazand\u0131rmak i\u00e7in tasarlanm\u0131\u015ft\u0131r. Pil kullanmadan \u00e7al\u0131\u015fmas\u0131 sayesinde \u00e7evre dostu bir \u00e7\u00f6z\u00fcm sunar ve USB ba\u011flant\u0131s\u0131 ile her ortamda kullan\u0131labilir.Uzay, galaksi ve y\u0131ld\u0131z desenleri ile donat\u0131lm\u0131\u015f projeksiyon sistemi, odan\u0131z\u0131 kozmik bir atmosfere d\u00f6n\u00fc\u015ft\u00fcr\u00fcr. \u00d6zellikle karanl\u0131k ortamlarda etkileyici bir \u0131\u015f\u0131k g\u00f6sterisi sunar. Film geceleri, oyun seanslar\u0131 veya dinlenme anlar\u0131 i\u00e7in ideal bir ambiyans yarat\u0131r.Nemlendirme fonksiyonu sayesinde yaln\u0131zca g\u00f6rsel de\u011fil, fonksiyonel bir deneyim sunar. Ortam havas\u0131n\u0131 nemlendirerek daha rahat nefes almay\u0131 destekler. \u00d6zellikle uzun s\u00fcre kapal\u0131 alanlarda vakit ge\u00e7irenler i\u00e7in avantaj sa\u011flar.Kompakt tasar\u0131m\u0131, \u00fcr\u00fcn\u00fc ta\u015f\u0131may\u0131 ve farkl\u0131 alanlarda kullanmay\u0131 kolayla\u015ft\u0131r\u0131r. Uzay temal\u0131 dekorasyonlar\u0131 sevenler i\u00e7in g\u00fc\u00e7l\u00fc bir tamamlay\u0131c\u0131d\u0131r ve hediye olarak da s\u0131k\u00e7a tercih edilir.<\/p>\n","protected":false},"excerpt":{"rendered":"<p>USB \u015farjl\u0131 uzay temal\u0131 projeksiyonlu nemlendirici, modern ya\u015fam alanlar\u0131na hem estetik hem de konfor kazand\u0131rmak i\u00e7in tasarlanm\u0131\u015ft\u0131r. Pil kullanmadan \u00e7al\u0131\u015fmas\u0131 sayesinde \u00e7evre dostu bir \u00e7\u00f6z\u00fcm sunar ve USB ba\u011flant\u0131s\u0131 ile her ortamda kullan\u0131labilir.Uzay, galaksi ve y\u0131ld\u0131z desenleri ile donat\u0131lm\u0131\u015f projeksiyon sistemi, odan\u0131z\u0131 kozmik bir atmosfere d\u00f6n\u00fc\u015ft\u00fcr\u00fcr. \u00d6zellikle karanl\u0131k ortamlarda etkileyici bir \u0131\u015f\u0131k g\u00f6sterisi sunar. Film&#8230;<\/p>\n","protected":false},"featured_media":123352,"comment_status":"open","ping_status":"closed","template":"","meta":{"_kad_post_transparent":"","_kad_post_title":"","_kad_post_layout":"","_kad_post_sidebar_id":"","_kad_post_content_style":"","_kad_post_vertical_padding":"","_kad_post_feature":"","_kad_post_feature_position":"","_kad_post_header":false,"_kad_post_footer":false,"_kad_post_classname":""},"product_brand":[],"product_cat":[14965],"product_tag":[],"class_list":{"0":"post-123353","1":"product","2":"type-product","3":"status-publish","4":"has-post-thumbnail","6":"product_cat-hava-nemlendirici-hava-nemlendirici","8":"first","9":"instock","10":"purchasable","11":"product-type-simple","12":"entry","13":"content-bg","14":"loop-entry"},"_links":{"self":[{"href":"https:\/\/www.hediyepazar.com\/index.php?rest_route=\/wp\/v2\/product\/123353","targetHints":{"allow":["GET"]}}],"collection":[{"href":"https:\/\/www.hediyepazar.com\/index.php?rest_route=\/wp\/v2\/product"}],"about":[{"href":"https:\/\/www.hediyepazar.com\/index.php?rest_route=\/wp\/v2\/types\/product"}],"replies":[{"embeddable":true,"href":"https:\/\/www.hediyepazar.com\/index.php?rest_route=%2Fwp%2Fv2%2Fcomments&post=123353"}],"wp:featuredmedia":[{"embeddable":true,"href":"https:\/\/www.hediyepazar.com\/index.php?rest_route=\/wp\/v2\/media\/123352"}],"wp:attachment":[{"href":"https:\/\/www.hediyepazar.com\/index.php?rest_route=%2Fwp%2Fv2%2Fmedia&parent=123353"}],"wp:term":[{"taxonomy":"product_brand","embeddable":true,"href":"https:\/\/www.hediyepazar.com\/index.php?rest_route=%2Fwp%2Fv2%2Fproduct_brand&post=123353"},{"taxonomy":"product_cat","embeddable":true,"href":"https:\/\/www.hediyepazar.com\/index.php?rest_route=%2Fwp%2Fv2%2Fproduct_cat&post=123353"},{"taxonomy":"product_tag","embeddable":true,"href":"https:\/\/www.hediyepazar.com\/index.php?rest_route=%2Fwp%2Fv2%2Fproduct_tag&post=123353"}],"curies":[{"name":"wp","href":"https:\/\/api.w.org\/{rel}","templated":true}]}}