{"id":123355,"date":"2026-05-06T12:27:06","date_gmt":"2026-05-06T15:27:06","guid":{"rendered":"https:\/\/www.hediyepazar.com\/?product=galaksi-ve-yildiz-efektli-nemlendirici-isik-projektoru"},"modified":"2026-05-06T12:27:06","modified_gmt":"2026-05-06T15:27:06","slug":"galaksi-ve-yildiz-efektli-nemlendirici-isik-projektoru","status":"publish","type":"product","link":"https:\/\/www.hediyepazar.com\/?product=galaksi-ve-yildiz-efektli-nemlendirici-isik-projektoru","title":{"rendered":"Galaksi ve Y\u0131ld\u0131z Efektli Nemlendirici I\u015f\u0131k Projekt\u00f6r\u00fc"},"content":{"rendered":"<p>Uzay temal\u0131 projeksiyonlu nemlendirici \u0131\u015f\u0131k, ya\u015fam alanlar\u0131n\u0131 hem g\u00f6rsel hem de fonksiyonel a\u00e7\u0131dan d\u00f6n\u00fc\u015ft\u00fcrmek isteyen kullan\u0131c\u0131lar i\u00e7in \u00f6zel olarak tasarlanm\u0131\u015ft\u0131r. USB\u2019den g\u00fc\u00e7 alan yap\u0131s\u0131 sayesinde pil kullan\u0131m\u0131na ihtiya\u00e7 duymaz ve \u00e7evre dostu bir kullan\u0131m sunar. Adapt\u00f6r, powerbank veya bilgisayar \u00fczerinden kolayca \u00e7al\u0131\u015ft\u0131r\u0131labilir olmas\u0131, \u00fcr\u00fcn\u00fc evde ve hareket halindeyken son derece pratik hale getirir.Galaksi, y\u0131ld\u0131z ve kozmik \u0131\u015f\u0131k efektleri ile donat\u0131lm\u0131\u015f projeksiyon sistemi, tavana ve duvarlara yans\u0131tarak bulundu\u011funuz ortam\u0131 adeta bir uzay yolculu\u011funa \u00e7\u0131kar\u0131r. \u00d6zellikle yatak odalar\u0131nda sakinle\u015ftirici bir atmosfer olu\u015fturur. \u00c7ocuk odalar\u0131nda hayal g\u00fcc\u00fcn\u00fc desteklerken, yeti\u015fkinler i\u00e7in de stres azalt\u0131c\u0131 bir ambiyans sa\u011flar.Geli\u015fmi\u015f nemlendirme fonksiyonu, ortam havas\u0131n\u0131 dengeli \u015fekilde nemlendirerek kurulu\u011fu azalt\u0131r. Bu \u00f6zellik, \u00f6zellikle klimal\u0131 veya kaloriferli ortamlarda daha rahat nefes almay\u0131 destekler. Yatak odas\u0131, oturma odas\u0131 ve \u00e7al\u0131\u015fma alanlar\u0131 i\u00e7in idealdir.Kompakt ve hafif tasar\u0131m\u0131 sayesinde kolay ta\u015f\u0131nabilir. Do\u011fum g\u00fcnleri, \u00f6zel g\u00fcnler ve s\u00fcrpriz hediyeler i\u00e7in uzay temas\u0131n\u0131 sevenler ad\u0131na m\u00fckemmel bir tercihtir. Hem dekoratif hem de i\u015flevsel yap\u0131s\u0131yla ya\u015fam alanlar\u0131n\u0131za modern ve huzur verici bir dokunu\u015f katar.<\/p>\n","protected":false},"excerpt":{"rendered":"<p>Uzay temal\u0131 projeksiyonlu nemlendirici \u0131\u015f\u0131k, ya\u015fam alanlar\u0131n\u0131 hem g\u00f6rsel hem de fonksiyonel a\u00e7\u0131dan d\u00f6n\u00fc\u015ft\u00fcrmek isteyen kullan\u0131c\u0131lar i\u00e7in \u00f6zel olarak tasarlanm\u0131\u015ft\u0131r. USB\u2019den g\u00fc\u00e7 alan yap\u0131s\u0131 sayesinde pil kullan\u0131m\u0131na ihtiya\u00e7 duymaz ve \u00e7evre dostu bir kullan\u0131m sunar. Adapt\u00f6r, powerbank veya bilgisayar \u00fczerinden kolayca \u00e7al\u0131\u015ft\u0131r\u0131labilir olmas\u0131, \u00fcr\u00fcn\u00fc evde ve hareket halindeyken son derece pratik hale getirir.Galaksi, y\u0131ld\u0131z ve&#8230;<\/p>\n","protected":false},"featured_media":123354,"comment_status":"open","ping_status":"closed","template":"","meta":{"_kad_post_transparent":"","_kad_post_title":"","_kad_post_layout":"","_kad_post_sidebar_id":"","_kad_post_content_style":"","_kad_post_vertical_padding":"","_kad_post_feature":"","_kad_post_feature_position":"","_kad_post_header":false,"_kad_post_footer":false,"_kad_post_classname":""},"product_brand":[],"product_cat":[14965],"product_tag":[],"class_list":{"0":"post-123355","1":"product","2":"type-product","3":"status-publish","4":"has-post-thumbnail","6":"product_cat-hava-nemlendirici-hava-nemlendirici","8":"first","9":"instock","10":"purchasable","11":"product-type-simple","12":"entry","13":"content-bg","14":"loop-entry"},"_links":{"self":[{"href":"https:\/\/www.hediyepazar.com\/index.php?rest_route=\/wp\/v2\/product\/123355","targetHints":{"allow":["GET"]}}],"collection":[{"href":"https:\/\/www.hediyepazar.com\/index.php?rest_route=\/wp\/v2\/product"}],"about":[{"href":"https:\/\/www.hediyepazar.com\/index.php?rest_route=\/wp\/v2\/types\/product"}],"replies":[{"embeddable":true,"href":"https:\/\/www.hediyepazar.com\/index.php?rest_route=%2Fwp%2Fv2%2Fcomments&post=123355"}],"wp:featuredmedia":[{"embeddable":true,"href":"https:\/\/www.hediyepazar.com\/index.php?rest_route=\/wp\/v2\/media\/123354"}],"wp:attachment":[{"href":"https:\/\/www.hediyepazar.com\/index.php?rest_route=%2Fwp%2Fv2%2Fmedia&parent=123355"}],"wp:term":[{"taxonomy":"product_brand","embeddable":true,"href":"https:\/\/www.hediyepazar.com\/index.php?rest_route=%2Fwp%2Fv2%2Fproduct_brand&post=123355"},{"taxonomy":"product_cat","embeddable":true,"href":"https:\/\/www.hediyepazar.com\/index.php?rest_route=%2Fwp%2Fv2%2Fproduct_cat&post=123355"},{"taxonomy":"product_tag","embeddable":true,"href":"https:\/\/www.hediyepazar.com\/index.php?rest_route=%2Fwp%2Fv2%2Fproduct_tag&post=123355"}],"curies":[{"name":"wp","href":"https:\/\/api.w.org\/{rel}","templated":true}]}}