{"id":123359,"date":"2026-05-06T12:27:21","date_gmt":"2026-05-06T15:27:21","guid":{"rendered":"https:\/\/www.hediyepazar.com\/?product=kablosuz-360-doner-baslikli-full-hd-guvenlik-kamerasi"},"modified":"2026-05-06T12:27:21","modified_gmt":"2026-05-06T15:27:21","slug":"kablosuz-360-doner-baslikli-full-hd-guvenlik-kamerasi","status":"publish","type":"product","link":"https:\/\/www.hediyepazar.com\/?product=kablosuz-360-doner-baslikli-full-hd-guvenlik-kamerasi","title":{"rendered":"Kablosuz 360\u00b0 D\u00f6ner Ba\u015fl\u0131kl\u0131 Full HD G\u00fcvenlik Kameras\u0131"},"content":{"rendered":"<p>Wi-Fi ba\u011flant\u0131l\u0131 amp\u00fcl kamera, g\u00fcvenli\u011fi sade ve etkili hale getirir. Full HD g\u00f6r\u00fcnt\u00fc kalitesi, net kay\u0131tlar sunar. Geni\u015f a\u00e7\u0131 ve d\u00f6ner mekanizma, alan\u0131n tamam\u0131n\u0131 izleme avantaj\u0131 sa\u011flar.Gece g\u00f6r\u00fc\u015f, hareket alg\u0131lama ve mobil uygulama deste\u011fi sayesinde her an kontrol sizde olur. Ev ve ofis kullan\u0131m\u0131na uygundur.<\/p>\n","protected":false},"excerpt":{"rendered":"<p>Wi-Fi ba\u011flant\u0131l\u0131 amp\u00fcl kamera, g\u00fcvenli\u011fi sade ve etkili hale getirir. Full HD g\u00f6r\u00fcnt\u00fc kalitesi, net kay\u0131tlar sunar. Geni\u015f a\u00e7\u0131 ve d\u00f6ner mekanizma, alan\u0131n tamam\u0131n\u0131 izleme avantaj\u0131 sa\u011flar.Gece g\u00f6r\u00fc\u015f, hareket alg\u0131lama ve mobil uygulama deste\u011fi sayesinde her an kontrol sizde olur. Ev ve ofis kullan\u0131m\u0131na uygundur.<\/p>\n","protected":false},"featured_media":123358,"comment_status":"open","ping_status":"closed","template":"","meta":{"_kad_post_transparent":"","_kad_post_title":"","_kad_post_layout":"","_kad_post_sidebar_id":"","_kad_post_content_style":"","_kad_post_vertical_padding":"","_kad_post_feature":"","_kad_post_feature_position":"","_kad_post_header":false,"_kad_post_footer":false,"_kad_post_classname":""},"product_brand":[],"product_cat":[14985],"product_tag":[],"class_list":{"0":"post-123359","1":"product","2":"type-product","3":"status-publish","4":"has-post-thumbnail","6":"product_cat-akilli-guvenlik-urunu-akilli-guvenlik-urunu","8":"first","9":"instock","10":"purchasable","11":"product-type-simple","12":"entry","13":"content-bg","14":"loop-entry"},"_links":{"self":[{"href":"https:\/\/www.hediyepazar.com\/index.php?rest_route=\/wp\/v2\/product\/123359","targetHints":{"allow":["GET"]}}],"collection":[{"href":"https:\/\/www.hediyepazar.com\/index.php?rest_route=\/wp\/v2\/product"}],"about":[{"href":"https:\/\/www.hediyepazar.com\/index.php?rest_route=\/wp\/v2\/types\/product"}],"replies":[{"embeddable":true,"href":"https:\/\/www.hediyepazar.com\/index.php?rest_route=%2Fwp%2Fv2%2Fcomments&post=123359"}],"wp:featuredmedia":[{"embeddable":true,"href":"https:\/\/www.hediyepazar.com\/index.php?rest_route=\/wp\/v2\/media\/123358"}],"wp:attachment":[{"href":"https:\/\/www.hediyepazar.com\/index.php?rest_route=%2Fwp%2Fv2%2Fmedia&parent=123359"}],"wp:term":[{"taxonomy":"product_brand","embeddable":true,"href":"https:\/\/www.hediyepazar.com\/index.php?rest_route=%2Fwp%2Fv2%2Fproduct_brand&post=123359"},{"taxonomy":"product_cat","embeddable":true,"href":"https:\/\/www.hediyepazar.com\/index.php?rest_route=%2Fwp%2Fv2%2Fproduct_cat&post=123359"},{"taxonomy":"product_tag","embeddable":true,"href":"https:\/\/www.hediyepazar.com\/index.php?rest_route=%2Fwp%2Fv2%2Fproduct_tag&post=123359"}],"curies":[{"name":"wp","href":"https:\/\/api.w.org\/{rel}","templated":true}]}}