{"id":123361,"date":"2026-05-06T12:28:00","date_gmt":"2026-05-06T15:28:00","guid":{"rendered":"https:\/\/www.hediyepazar.com\/?product=gece-goruslu-mobil-uygulamali-akilli-ampul-kamera"},"modified":"2026-05-06T12:28:00","modified_gmt":"2026-05-06T15:28:00","slug":"gece-goruslu-mobil-uygulamali-akilli-ampul-kamera","status":"publish","type":"product","link":"https:\/\/www.hediyepazar.com\/?product=gece-goruslu-mobil-uygulamali-akilli-ampul-kamera","title":{"rendered":"Gece G\u00f6r\u00fc\u015fl\u00fc Mobil Uygulamal\u0131 Ak\u0131ll\u0131 Amp\u00fcl Kamera"},"content":{"rendered":"<p>Bu Full HD Ak\u0131ll\u0131 Amp\u00fcl Kamera, modern ya\u015fam alanlar\u0131n\u0131n g\u00fcvenlik ihtiya\u00e7lar\u0131 d\u00fc\u015f\u00fcn\u00fclerek tasarlanm\u0131\u015ft\u0131r. Kolay kurulumu sayesinde kullan\u0131c\u0131 dostudur ve ek montaj gerektirmez.360\u00b0 d\u00f6ner ba\u015fl\u0131k, geni\u015f alanlar\u0131 tek noktadan izlemenizi sa\u011flar. Wi-Fi ba\u011flant\u0131s\u0131, uzaktan eri\u015fimi m\u00fcmk\u00fcn k\u0131lar. Gece g\u00f6r\u00fc\u015f \u00f6zelli\u011fi ile karanl\u0131k ortamlarda bile g\u00fcvenlik kesintisiz devam eder.Mobil uygulama \u00fczerinden canl\u0131 izleme, kay\u0131t oynatma ve hareket bildirimi gibi i\u015flevler kolayca kontrol edilir. USB g\u00fc\u00e7 sistemi, esnek kullan\u0131m sunar.<\/p>\n","protected":false},"excerpt":{"rendered":"<p>Bu Full HD Ak\u0131ll\u0131 Amp\u00fcl Kamera, modern ya\u015fam alanlar\u0131n\u0131n g\u00fcvenlik ihtiya\u00e7lar\u0131 d\u00fc\u015f\u00fcn\u00fclerek tasarlanm\u0131\u015ft\u0131r. Kolay kurulumu sayesinde kullan\u0131c\u0131 dostudur ve ek montaj gerektirmez.360\u00b0 d\u00f6ner ba\u015fl\u0131k, geni\u015f alanlar\u0131 tek noktadan izlemenizi sa\u011flar. Wi-Fi ba\u011flant\u0131s\u0131, uzaktan eri\u015fimi m\u00fcmk\u00fcn k\u0131lar. Gece g\u00f6r\u00fc\u015f \u00f6zelli\u011fi ile karanl\u0131k ortamlarda bile g\u00fcvenlik kesintisiz devam eder.Mobil uygulama \u00fczerinden canl\u0131 izleme, kay\u0131t oynatma ve hareket&#8230;<\/p>\n","protected":false},"featured_media":123360,"comment_status":"open","ping_status":"closed","template":"","meta":{"_kad_post_transparent":"","_kad_post_title":"","_kad_post_layout":"","_kad_post_sidebar_id":"","_kad_post_content_style":"","_kad_post_vertical_padding":"","_kad_post_feature":"","_kad_post_feature_position":"","_kad_post_header":false,"_kad_post_footer":false,"_kad_post_classname":""},"product_brand":[],"product_cat":[14985],"product_tag":[],"class_list":{"0":"post-123361","1":"product","2":"type-product","3":"status-publish","4":"has-post-thumbnail","6":"product_cat-akilli-guvenlik-urunu-akilli-guvenlik-urunu","8":"first","9":"instock","10":"purchasable","11":"product-type-simple","12":"entry","13":"content-bg","14":"loop-entry"},"_links":{"self":[{"href":"https:\/\/www.hediyepazar.com\/index.php?rest_route=\/wp\/v2\/product\/123361","targetHints":{"allow":["GET"]}}],"collection":[{"href":"https:\/\/www.hediyepazar.com\/index.php?rest_route=\/wp\/v2\/product"}],"about":[{"href":"https:\/\/www.hediyepazar.com\/index.php?rest_route=\/wp\/v2\/types\/product"}],"replies":[{"embeddable":true,"href":"https:\/\/www.hediyepazar.com\/index.php?rest_route=%2Fwp%2Fv2%2Fcomments&post=123361"}],"wp:featuredmedia":[{"embeddable":true,"href":"https:\/\/www.hediyepazar.com\/index.php?rest_route=\/wp\/v2\/media\/123360"}],"wp:attachment":[{"href":"https:\/\/www.hediyepazar.com\/index.php?rest_route=%2Fwp%2Fv2%2Fmedia&parent=123361"}],"wp:term":[{"taxonomy":"product_brand","embeddable":true,"href":"https:\/\/www.hediyepazar.com\/index.php?rest_route=%2Fwp%2Fv2%2Fproduct_brand&post=123361"},{"taxonomy":"product_cat","embeddable":true,"href":"https:\/\/www.hediyepazar.com\/index.php?rest_route=%2Fwp%2Fv2%2Fproduct_cat&post=123361"},{"taxonomy":"product_tag","embeddable":true,"href":"https:\/\/www.hediyepazar.com\/index.php?rest_route=%2Fwp%2Fv2%2Fproduct_tag&post=123361"}],"curies":[{"name":"wp","href":"https:\/\/api.w.org\/{rel}","templated":true}]}}