{"id":123363,"date":"2026-05-06T12:28:08","date_gmt":"2026-05-06T15:28:08","guid":{"rendered":"https:\/\/www.hediyepazar.com\/?product=hareket-algilamali-360-wi-fi-akilli-ampul-kamera"},"modified":"2026-05-06T12:28:08","modified_gmt":"2026-05-06T15:28:08","slug":"hareket-algilamali-360-wi-fi-akilli-ampul-kamera","status":"publish","type":"product","link":"https:\/\/www.hediyepazar.com\/?product=hareket-algilamali-360-wi-fi-akilli-ampul-kamera","title":{"rendered":"Hareket Alg\u0131lamal\u0131 360\u00b0 Wi-Fi Ak\u0131ll\u0131 Amp\u00fcl Kamera"},"content":{"rendered":"<p>360\u00b0 Wi-Fi Ak\u0131ll\u0131 Amp\u00fcl Kamera, kompakt yap\u0131s\u0131 ve y\u00fcksek teknolojisiyle g\u00fcvenli\u011fi eri\u015filebilir hale getirir. Amp\u00fcl formundaki tasar\u0131m\u0131, \u00fcr\u00fcn\u00fc gizli ve estetik bir g\u00fcvenlik \u00e7\u00f6z\u00fcm\u00fcne d\u00f6n\u00fc\u015ft\u00fcr\u00fcr.110\u00b0 geni\u015f a\u00e7\u0131 ve d\u00f6ner mekanizma sayesinde alan\u0131n her noktas\u0131n\u0131 kontrol edebilirsiniz. Full HD \u00e7\u00f6z\u00fcn\u00fcrl\u00fck, g\u00f6r\u00fcnt\u00fclerin net ve detayl\u0131 olmas\u0131n\u0131 sa\u011flar. Geli\u015fmi\u015f gece g\u00f6r\u00fc\u015f sistemi, \u0131\u015f\u0131\u011f\u0131n yetersiz oldu\u011fu ortamlarda bile kay\u0131t yapman\u0131za olanak tan\u0131r.Mobil uygulama deste\u011fi sayesinde iOS ve Android cihazlardan anl\u0131k izleme yap\u0131labilir. Hareket alg\u0131lama \u00f6zelli\u011fi, g\u00fcvenlik ihlallerinde an\u0131nda bildirim g\u00f6nderir. Kay\u0131tlar Micro SD kart veya bulut sistemi \u00fczerinden g\u00fcvenle saklanabilir.USB g\u00fc\u00e7 giri\u015fi, adapt\u00f6r veya powerbank ile \u00e7al\u0131\u015ft\u0131r\u0131labilmesini sa\u011flar. Ev, ya\u015fl\u0131 ve bebek izleme, evcil hayvan takibi ve i\u015f yeri g\u00fcvenli\u011fi i\u00e7in ideal bir \u00e7\u00f6z\u00fcmd\u00fcr.<\/p>\n","protected":false},"excerpt":{"rendered":"<p>360\u00b0 Wi-Fi Ak\u0131ll\u0131 Amp\u00fcl Kamera, kompakt yap\u0131s\u0131 ve y\u00fcksek teknolojisiyle g\u00fcvenli\u011fi eri\u015filebilir hale getirir. Amp\u00fcl formundaki tasar\u0131m\u0131, \u00fcr\u00fcn\u00fc gizli ve estetik bir g\u00fcvenlik \u00e7\u00f6z\u00fcm\u00fcne d\u00f6n\u00fc\u015ft\u00fcr\u00fcr.110\u00b0 geni\u015f a\u00e7\u0131 ve d\u00f6ner mekanizma sayesinde alan\u0131n her noktas\u0131n\u0131 kontrol edebilirsiniz. Full HD \u00e7\u00f6z\u00fcn\u00fcrl\u00fck, g\u00f6r\u00fcnt\u00fclerin net ve detayl\u0131 olmas\u0131n\u0131 sa\u011flar. Geli\u015fmi\u015f gece g\u00f6r\u00fc\u015f sistemi, \u0131\u015f\u0131\u011f\u0131n yetersiz oldu\u011fu ortamlarda bile kay\u0131t&#8230;<\/p>\n","protected":false},"featured_media":123362,"comment_status":"open","ping_status":"closed","template":"","meta":{"_kad_post_transparent":"","_kad_post_title":"","_kad_post_layout":"","_kad_post_sidebar_id":"","_kad_post_content_style":"","_kad_post_vertical_padding":"","_kad_post_feature":"","_kad_post_feature_position":"","_kad_post_header":false,"_kad_post_footer":false,"_kad_post_classname":""},"product_brand":[],"product_cat":[14985],"product_tag":[],"class_list":{"0":"post-123363","1":"product","2":"type-product","3":"status-publish","4":"has-post-thumbnail","6":"product_cat-akilli-guvenlik-urunu-akilli-guvenlik-urunu","8":"first","9":"instock","10":"purchasable","11":"product-type-simple","12":"entry","13":"content-bg","14":"loop-entry"},"_links":{"self":[{"href":"https:\/\/www.hediyepazar.com\/index.php?rest_route=\/wp\/v2\/product\/123363","targetHints":{"allow":["GET"]}}],"collection":[{"href":"https:\/\/www.hediyepazar.com\/index.php?rest_route=\/wp\/v2\/product"}],"about":[{"href":"https:\/\/www.hediyepazar.com\/index.php?rest_route=\/wp\/v2\/types\/product"}],"replies":[{"embeddable":true,"href":"https:\/\/www.hediyepazar.com\/index.php?rest_route=%2Fwp%2Fv2%2Fcomments&post=123363"}],"wp:featuredmedia":[{"embeddable":true,"href":"https:\/\/www.hediyepazar.com\/index.php?rest_route=\/wp\/v2\/media\/123362"}],"wp:attachment":[{"href":"https:\/\/www.hediyepazar.com\/index.php?rest_route=%2Fwp%2Fv2%2Fmedia&parent=123363"}],"wp:term":[{"taxonomy":"product_brand","embeddable":true,"href":"https:\/\/www.hediyepazar.com\/index.php?rest_route=%2Fwp%2Fv2%2Fproduct_brand&post=123363"},{"taxonomy":"product_cat","embeddable":true,"href":"https:\/\/www.hediyepazar.com\/index.php?rest_route=%2Fwp%2Fv2%2Fproduct_cat&post=123363"},{"taxonomy":"product_tag","embeddable":true,"href":"https:\/\/www.hediyepazar.com\/index.php?rest_route=%2Fwp%2Fv2%2Fproduct_tag&post=123363"}],"curies":[{"name":"wp","href":"https:\/\/api.w.org\/{rel}","templated":true}]}}