{"id":123369,"date":"2026-05-06T12:28:59","date_gmt":"2026-05-06T15:28:59","guid":{"rendered":"https:\/\/www.hediyepazar.com\/?product=romantik-atmosfer-icin-yildizli-gokyuzu-led-projektor"},"modified":"2026-05-06T12:28:59","modified_gmt":"2026-05-06T15:28:59","slug":"romantik-atmosfer-icin-yildizli-gokyuzu-led-projektor","status":"publish","type":"product","link":"https:\/\/www.hediyepazar.com\/?product=romantik-atmosfer-icin-yildizli-gokyuzu-led-projektor","title":{"rendered":"Romantik Atmosfer \u0130\u00e7in Y\u0131ld\u0131zl\u0131 G\u00f6ky\u00fcz\u00fc LED Projekt\u00f6r"},"content":{"rendered":"<p>Y\u0131ld\u0131zl\u0131 g\u00f6ky\u00fcz\u00fc projeksiyon lambas\u0131, romantik ve huzurlu bir atmosfer olu\u015fturmak isteyenler i\u00e7in tasarlanm\u0131\u015ft\u0131r. 360\u00b0 d\u00f6nd\u00fcr\u00fclebilir yap\u0131s\u0131 ile \u0131\u015f\u0131k a\u00e7\u0131s\u0131 diledi\u011finiz gibi ayarlanabilir.Farkl\u0131 ayd\u0131nlatma modlar\u0131, ortam\u0131n ruh halini de\u011fi\u015ftirmenize yard\u0131mc\u0131 olur. Uzaktan kumanda ve zamanlay\u0131c\u0131 fonksiyonu, pratik kullan\u0131m sunar. Ta\u015f\u0131nabilir tasar\u0131m\u0131 sayesinde her ortamda rahatl\u0131kla kullan\u0131labilir.<\/p>\n","protected":false},"excerpt":{"rendered":"<p>Y\u0131ld\u0131zl\u0131 g\u00f6ky\u00fcz\u00fc projeksiyon lambas\u0131, romantik ve huzurlu bir atmosfer olu\u015fturmak isteyenler i\u00e7in tasarlanm\u0131\u015ft\u0131r. 360\u00b0 d\u00f6nd\u00fcr\u00fclebilir yap\u0131s\u0131 ile \u0131\u015f\u0131k a\u00e7\u0131s\u0131 diledi\u011finiz gibi ayarlanabilir.Farkl\u0131 ayd\u0131nlatma modlar\u0131, ortam\u0131n ruh halini de\u011fi\u015ftirmenize yard\u0131mc\u0131 olur. Uzaktan kumanda ve zamanlay\u0131c\u0131 fonksiyonu, pratik kullan\u0131m sunar. Ta\u015f\u0131nabilir tasar\u0131m\u0131 sayesinde her ortamda rahatl\u0131kla kullan\u0131labilir.<\/p>\n","protected":false},"featured_media":123368,"comment_status":"open","ping_status":"closed","template":"","meta":{"_kad_post_transparent":"","_kad_post_title":"","_kad_post_layout":"","_kad_post_sidebar_id":"","_kad_post_content_style":"","_kad_post_vertical_padding":"","_kad_post_feature":"","_kad_post_feature_position":"","_kad_post_header":false,"_kad_post_footer":false,"_kad_post_classname":""},"product_brand":[],"product_cat":[14967],"product_tag":[],"class_list":{"0":"post-123369","1":"product","2":"type-product","3":"status-publish","4":"has-post-thumbnail","6":"product_cat-gece-lambasi-gece-lambasi","8":"first","9":"instock","10":"purchasable","11":"product-type-simple","12":"entry","13":"content-bg","14":"loop-entry"},"_links":{"self":[{"href":"https:\/\/www.hediyepazar.com\/index.php?rest_route=\/wp\/v2\/product\/123369","targetHints":{"allow":["GET"]}}],"collection":[{"href":"https:\/\/www.hediyepazar.com\/index.php?rest_route=\/wp\/v2\/product"}],"about":[{"href":"https:\/\/www.hediyepazar.com\/index.php?rest_route=\/wp\/v2\/types\/product"}],"replies":[{"embeddable":true,"href":"https:\/\/www.hediyepazar.com\/index.php?rest_route=%2Fwp%2Fv2%2Fcomments&post=123369"}],"wp:featuredmedia":[{"embeddable":true,"href":"https:\/\/www.hediyepazar.com\/index.php?rest_route=\/wp\/v2\/media\/123368"}],"wp:attachment":[{"href":"https:\/\/www.hediyepazar.com\/index.php?rest_route=%2Fwp%2Fv2%2Fmedia&parent=123369"}],"wp:term":[{"taxonomy":"product_brand","embeddable":true,"href":"https:\/\/www.hediyepazar.com\/index.php?rest_route=%2Fwp%2Fv2%2Fproduct_brand&post=123369"},{"taxonomy":"product_cat","embeddable":true,"href":"https:\/\/www.hediyepazar.com\/index.php?rest_route=%2Fwp%2Fv2%2Fproduct_cat&post=123369"},{"taxonomy":"product_tag","embeddable":true,"href":"https:\/\/www.hediyepazar.com\/index.php?rest_route=%2Fwp%2Fv2%2Fproduct_tag&post=123369"}],"curies":[{"name":"wp","href":"https:\/\/api.w.org\/{rel}","templated":true}]}}