{"id":123371,"date":"2026-05-06T12:29:06","date_gmt":"2026-05-06T15:29:06","guid":{"rendered":"https:\/\/www.hediyepazar.com\/?product=tasinabilir-360-ayarlanabilir-gokyuzu-projeksiyon-lambasi"},"modified":"2026-05-06T12:29:06","modified_gmt":"2026-05-06T15:29:06","slug":"tasinabilir-360-ayarlanabilir-gokyuzu-projeksiyon-lambasi","status":"publish","type":"product","link":"https:\/\/www.hediyepazar.com\/?product=tasinabilir-360-ayarlanabilir-gokyuzu-projeksiyon-lambasi","title":{"rendered":"Ta\u015f\u0131nabilir 360\u00b0 Ayarlanabilir G\u00f6ky\u00fcz\u00fc Projeksiyon Lambas\u0131"},"content":{"rendered":"<p>Bu 360\u00b0 d\u00f6nd\u00fcr\u00fclebilir g\u00f6ky\u00fcz\u00fc projekt\u00f6r\u00fc, \u0131\u015f\u0131k a\u00e7\u0131s\u0131n\u0131 serbest\u00e7e ayarlama imk\u00e2n\u0131 sunarak en ideal projeksiyon deneyimini sa\u011flar. Y\u0131ld\u0131zl\u0131 g\u00f6ky\u00fcz\u00fc efektleri, mek\u00e2na derinlik kazand\u0131rarak g\u00f6rsel olarak etkileyici bir ortam olu\u015fturur.\u00c7ok y\u00f6nl\u00fc ayd\u0131nlatma modlar\u0131 sayesinde farkl\u0131 ambiyanslar yaratabilirsiniz. Sakinle\u015ftirici \u0131\u015f\u0131k ge\u00e7i\u015fleri, meditasyon ve yoga i\u00e7in huzurlu bir ortam sunarken; daha canl\u0131 efektler oyun ve e\u011flence anlar\u0131n\u0131 zenginle\u015ftirir.Uzaktan kumanda ve zamanlay\u0131c\u0131 \u00f6zelli\u011fi, kullan\u0131m kolayl\u0131\u011f\u0131 sa\u011flar. Otomatik kapanma fonksiyonu, \u00f6zellikle gece kullan\u0131m\u0131 i\u00e7in idealdir. Kompakt tasar\u0131m\u0131 sayesinde kolay ta\u015f\u0131n\u0131r ve farkl\u0131 odalarda rahatl\u0131kla kullan\u0131labilir.<\/p>\n","protected":false},"excerpt":{"rendered":"<p>Bu 360\u00b0 d\u00f6nd\u00fcr\u00fclebilir g\u00f6ky\u00fcz\u00fc projekt\u00f6r\u00fc, \u0131\u015f\u0131k a\u00e7\u0131s\u0131n\u0131 serbest\u00e7e ayarlama imk\u00e2n\u0131 sunarak en ideal projeksiyon deneyimini sa\u011flar. Y\u0131ld\u0131zl\u0131 g\u00f6ky\u00fcz\u00fc efektleri, mek\u00e2na derinlik kazand\u0131rarak g\u00f6rsel olarak etkileyici bir ortam olu\u015fturur.\u00c7ok y\u00f6nl\u00fc ayd\u0131nlatma modlar\u0131 sayesinde farkl\u0131 ambiyanslar yaratabilirsiniz. Sakinle\u015ftirici \u0131\u015f\u0131k ge\u00e7i\u015fleri, meditasyon ve yoga i\u00e7in huzurlu bir ortam sunarken; daha canl\u0131 efektler oyun ve e\u011flence anlar\u0131n\u0131 zenginle\u015ftirir.Uzaktan kumanda&#8230;<\/p>\n","protected":false},"featured_media":123370,"comment_status":"open","ping_status":"closed","template":"","meta":{"_kad_post_transparent":"","_kad_post_title":"","_kad_post_layout":"","_kad_post_sidebar_id":"","_kad_post_content_style":"","_kad_post_vertical_padding":"","_kad_post_feature":"","_kad_post_feature_position":"","_kad_post_header":false,"_kad_post_footer":false,"_kad_post_classname":""},"product_brand":[],"product_cat":[14967],"product_tag":[],"class_list":{"0":"post-123371","1":"product","2":"type-product","3":"status-publish","4":"has-post-thumbnail","6":"product_cat-gece-lambasi-gece-lambasi","8":"first","9":"instock","10":"purchasable","11":"product-type-simple","12":"entry","13":"content-bg","14":"loop-entry"},"_links":{"self":[{"href":"https:\/\/www.hediyepazar.com\/index.php?rest_route=\/wp\/v2\/product\/123371","targetHints":{"allow":["GET"]}}],"collection":[{"href":"https:\/\/www.hediyepazar.com\/index.php?rest_route=\/wp\/v2\/product"}],"about":[{"href":"https:\/\/www.hediyepazar.com\/index.php?rest_route=\/wp\/v2\/types\/product"}],"replies":[{"embeddable":true,"href":"https:\/\/www.hediyepazar.com\/index.php?rest_route=%2Fwp%2Fv2%2Fcomments&post=123371"}],"wp:featuredmedia":[{"embeddable":true,"href":"https:\/\/www.hediyepazar.com\/index.php?rest_route=\/wp\/v2\/media\/123370"}],"wp:attachment":[{"href":"https:\/\/www.hediyepazar.com\/index.php?rest_route=%2Fwp%2Fv2%2Fmedia&parent=123371"}],"wp:term":[{"taxonomy":"product_brand","embeddable":true,"href":"https:\/\/www.hediyepazar.com\/index.php?rest_route=%2Fwp%2Fv2%2Fproduct_brand&post=123371"},{"taxonomy":"product_cat","embeddable":true,"href":"https:\/\/www.hediyepazar.com\/index.php?rest_route=%2Fwp%2Fv2%2Fproduct_cat&post=123371"},{"taxonomy":"product_tag","embeddable":true,"href":"https:\/\/www.hediyepazar.com\/index.php?rest_route=%2Fwp%2Fv2%2Fproduct_tag&post=123371"}],"curies":[{"name":"wp","href":"https:\/\/api.w.org\/{rel}","templated":true}]}}