{"id":123389,"date":"2026-05-06T12:33:15","date_gmt":"2026-05-06T15:33:15","guid":{"rendered":"https:\/\/www.hediyepazar.com\/?product=bluetooth-5-1-kablosuz-hoparlor-derin-bas-rgb-isikli-kopya"},"modified":"2026-05-06T12:33:15","modified_gmt":"2026-05-06T15:33:15","slug":"bluetooth-5-1-kablosuz-hoparlor-derin-bas-rgb-isikli-kopya","status":"publish","type":"product","link":"https:\/\/www.hediyepazar.com\/?product=bluetooth-5-1-kablosuz-hoparlor-derin-bas-rgb-isikli-kopya","title":{"rendered":"Bluetooth 5.1 Kablosuz Hoparl\u00f6r Derin Bas RGB I\u015f\u0131kl\u0131 (Kopya)"},"content":{"rendered":"<p>Bu ta\u015f\u0131nabilir kablosuz hoparl\u00f6r, g\u00fc\u00e7l\u00fc ses performans\u0131 ve modern RGB tasar\u0131m\u0131yla \u00f6ne \u00e7\u0131kar. Bluetooth 5.1 ba\u011flant\u0131 standard\u0131, 10 metreye kadar stabil ba\u011flant\u0131 sunar.20W toplam \u00e7\u0131k\u0131\u015f g\u00fcc\u00fc, derin bas ve net tizlerle zengin bir ses deneyimi sa\u011flar. Y\u00fcksek kaliteli hoparl\u00f6r bile\u015fenleri, sesi daha do\u011fal ve dengeli hale getirir. RGB LED \u0131\u015f\u0131klar, m\u00fczikle uyumlu \u00e7al\u0131\u015farak e\u011flenceli bir atmosfer olu\u015fturur.USB bellek, TF kart ve yard\u0131mc\u0131 giri\u015f deste\u011fi ile farkl\u0131 cihazlarla uyumludur. Eller serbest g\u00f6r\u00fc\u015fme \u00f6zelli\u011fi sayesinde g\u00fcnl\u00fck kullan\u0131mda da pratiklik sunar.<\/p>\n","protected":false},"excerpt":{"rendered":"<p>Bu ta\u015f\u0131nabilir kablosuz hoparl\u00f6r, g\u00fc\u00e7l\u00fc ses performans\u0131 ve modern RGB tasar\u0131m\u0131yla \u00f6ne \u00e7\u0131kar. Bluetooth 5.1 ba\u011flant\u0131 standard\u0131, 10 metreye kadar stabil ba\u011flant\u0131 sunar.20W toplam \u00e7\u0131k\u0131\u015f g\u00fcc\u00fc, derin bas ve net tizlerle zengin bir ses deneyimi sa\u011flar. Y\u00fcksek kaliteli hoparl\u00f6r bile\u015fenleri, sesi daha do\u011fal ve dengeli hale getirir. RGB LED \u0131\u015f\u0131klar, m\u00fczikle uyumlu \u00e7al\u0131\u015farak e\u011flenceli bir&#8230;<\/p>\n","protected":false},"featured_media":123388,"comment_status":"open","ping_status":"closed","template":"","meta":{"_kad_post_transparent":"","_kad_post_title":"","_kad_post_layout":"","_kad_post_sidebar_id":"","_kad_post_content_style":"","_kad_post_vertical_padding":"","_kad_post_feature":"","_kad_post_feature_position":"","_kad_post_header":false,"_kad_post_footer":false,"_kad_post_classname":""},"product_brand":[],"product_cat":[14911],"product_tag":[],"class_list":{"0":"post-123389","1":"product","2":"type-product","3":"status-publish","4":"has-post-thumbnail","6":"product_cat-kablosuz-hoparlor-kablosuz-hoparlor","8":"first","9":"instock","10":"purchasable","11":"product-type-simple","12":"entry","13":"content-bg","14":"loop-entry"},"_links":{"self":[{"href":"https:\/\/www.hediyepazar.com\/index.php?rest_route=\/wp\/v2\/product\/123389","targetHints":{"allow":["GET"]}}],"collection":[{"href":"https:\/\/www.hediyepazar.com\/index.php?rest_route=\/wp\/v2\/product"}],"about":[{"href":"https:\/\/www.hediyepazar.com\/index.php?rest_route=\/wp\/v2\/types\/product"}],"replies":[{"embeddable":true,"href":"https:\/\/www.hediyepazar.com\/index.php?rest_route=%2Fwp%2Fv2%2Fcomments&post=123389"}],"wp:featuredmedia":[{"embeddable":true,"href":"https:\/\/www.hediyepazar.com\/index.php?rest_route=\/wp\/v2\/media\/123388"}],"wp:attachment":[{"href":"https:\/\/www.hediyepazar.com\/index.php?rest_route=%2Fwp%2Fv2%2Fmedia&parent=123389"}],"wp:term":[{"taxonomy":"product_brand","embeddable":true,"href":"https:\/\/www.hediyepazar.com\/index.php?rest_route=%2Fwp%2Fv2%2Fproduct_brand&post=123389"},{"taxonomy":"product_cat","embeddable":true,"href":"https:\/\/www.hediyepazar.com\/index.php?rest_route=%2Fwp%2Fv2%2Fproduct_cat&post=123389"},{"taxonomy":"product_tag","embeddable":true,"href":"https:\/\/www.hediyepazar.com\/index.php?rest_route=%2Fwp%2Fv2%2Fproduct_tag&post=123389"}],"curies":[{"name":"wp","href":"https:\/\/api.w.org\/{rel}","templated":true}]}}