{"id":123393,"date":"2026-05-06T12:34:12","date_gmt":"2026-05-06T15:34:12","guid":{"rendered":"https:\/\/www.hediyepazar.com\/?product=10w-cift-cikis-guclu-bluetooth-hoparlor-eller-serbest"},"modified":"2026-05-06T12:34:12","modified_gmt":"2026-05-06T15:34:12","slug":"10w-cift-cikis-guclu-bluetooth-hoparlor-eller-serbest","status":"publish","type":"product","link":"https:\/\/www.hediyepazar.com\/?product=10w-cift-cikis-guclu-bluetooth-hoparlor-eller-serbest","title":{"rendered":"10W \u00c7ift \u00c7\u0131k\u0131\u015f G\u00fc\u00e7l\u00fc Bluetooth Hoparl\u00f6r Eller Serbest"},"content":{"rendered":"<p>Bu y\u00fcksek performansl\u0131 kablosuz hoparl\u00f6r, derin bas ve net stereo ses arayan kullan\u0131c\u0131lar i\u00e7in ideal bir \u00e7\u00f6z\u00fcmd\u00fcr. Bluetooth 5.1 ba\u011flant\u0131 standard\u0131 sayesinde daha stabil, h\u0131zl\u0131 ve g\u00fcvenilir bir kablosuz deneyim sunar. 10 metreye kadar ba\u011flant\u0131 mesafesi, hoparl\u00f6r\u00fc farkl\u0131 alanlarda rahat\u00e7a kullanman\u0131za olanak tan\u0131r.Hoparl\u00f6r\u00fcn 20W toplam \u00e7\u0131k\u0131\u015f g\u00fcc\u00fc, g\u00fc\u00e7l\u00fc ve dengeli bir ses \u00fcretir. 100Hz \u2013 10kHz frekans aral\u0131\u011f\u0131, m\u00fczi\u011fin t\u00fcm detaylar\u0131n\u0131 net bir \u015fekilde yans\u0131t\u0131r. Y\u00fcksek kaliteli hoparl\u00f6r bile\u015fenleri, sesi daha do\u011fal ve hassas hale getirerek uzun s\u00fcreli dinlemelerde bile kulak yormaz.RGB \u0131\u015f\u0131k efektleri, m\u00fczik deneyimini g\u00f6rsel olarak destekler. I\u015f\u0131klar\u0131n ritimle uyumlu yanmas\u0131, ortam\u0131n enerjisini y\u00fckseltir. USB bellek, TF kart ve AUX ba\u011flant\u0131 se\u00e7enekleri ile \u00e7ok y\u00f6nl\u00fc kullan\u0131m sa\u011flar.Eller serbest g\u00f6r\u00fc\u015fme \u00f6zelli\u011fi sayesinde telefonunuza gelen \u00e7a\u011fr\u0131lar\u0131 hoparl\u00f6r \u00fczerinden yan\u0131tlayabilirsiniz. 5V 1A giri\u015f g\u00fcc\u00fc ile kolayca \u015farj edilir ve g\u00fcvenli enerji t\u00fcketimi sunar. Hem ev hem de ta\u015f\u0131nabilir kullan\u0131m i\u00e7in idealdir.<\/p>\n","protected":false},"excerpt":{"rendered":"<p>Bu y\u00fcksek performansl\u0131 kablosuz hoparl\u00f6r, derin bas ve net stereo ses arayan kullan\u0131c\u0131lar i\u00e7in ideal bir \u00e7\u00f6z\u00fcmd\u00fcr. Bluetooth 5.1 ba\u011flant\u0131 standard\u0131 sayesinde daha stabil, h\u0131zl\u0131 ve g\u00fcvenilir bir kablosuz deneyim sunar. 10 metreye kadar ba\u011flant\u0131 mesafesi, hoparl\u00f6r\u00fc farkl\u0131 alanlarda rahat\u00e7a kullanman\u0131za olanak tan\u0131r.Hoparl\u00f6r\u00fcn 20W toplam \u00e7\u0131k\u0131\u015f g\u00fcc\u00fc, g\u00fc\u00e7l\u00fc ve dengeli bir ses \u00fcretir. 100Hz \u2013&#8230;<\/p>\n","protected":false},"featured_media":123392,"comment_status":"open","ping_status":"closed","template":"","meta":{"_kad_post_transparent":"","_kad_post_title":"","_kad_post_layout":"","_kad_post_sidebar_id":"","_kad_post_content_style":"","_kad_post_vertical_padding":"","_kad_post_feature":"","_kad_post_feature_position":"","_kad_post_header":false,"_kad_post_footer":false,"_kad_post_classname":""},"product_brand":[],"product_cat":[14911],"product_tag":[],"class_list":{"0":"post-123393","1":"product","2":"type-product","3":"status-publish","4":"has-post-thumbnail","6":"product_cat-kablosuz-hoparlor-kablosuz-hoparlor","8":"first","9":"instock","10":"purchasable","11":"product-type-simple","12":"entry","13":"content-bg","14":"loop-entry"},"_links":{"self":[{"href":"https:\/\/www.hediyepazar.com\/index.php?rest_route=\/wp\/v2\/product\/123393","targetHints":{"allow":["GET"]}}],"collection":[{"href":"https:\/\/www.hediyepazar.com\/index.php?rest_route=\/wp\/v2\/product"}],"about":[{"href":"https:\/\/www.hediyepazar.com\/index.php?rest_route=\/wp\/v2\/types\/product"}],"replies":[{"embeddable":true,"href":"https:\/\/www.hediyepazar.com\/index.php?rest_route=%2Fwp%2Fv2%2Fcomments&post=123393"}],"wp:featuredmedia":[{"embeddable":true,"href":"https:\/\/www.hediyepazar.com\/index.php?rest_route=\/wp\/v2\/media\/123392"}],"wp:attachment":[{"href":"https:\/\/www.hediyepazar.com\/index.php?rest_route=%2Fwp%2Fv2%2Fmedia&parent=123393"}],"wp:term":[{"taxonomy":"product_brand","embeddable":true,"href":"https:\/\/www.hediyepazar.com\/index.php?rest_route=%2Fwp%2Fv2%2Fproduct_brand&post=123393"},{"taxonomy":"product_cat","embeddable":true,"href":"https:\/\/www.hediyepazar.com\/index.php?rest_route=%2Fwp%2Fv2%2Fproduct_cat&post=123393"},{"taxonomy":"product_tag","embeddable":true,"href":"https:\/\/www.hediyepazar.com\/index.php?rest_route=%2Fwp%2Fv2%2Fproduct_tag&post=123393"}],"curies":[{"name":"wp","href":"https:\/\/api.w.org\/{rel}","templated":true}]}}