{"id":123413,"date":"2026-05-06T12:41:12","date_gmt":"2026-05-06T15:41:12","guid":{"rendered":"https:\/\/www.hediyepazar.com\/?product=aromatik-oda-kokusu-difuzoru-alev-tasarimli-led-isikli-nemlendirici"},"modified":"2026-05-06T12:41:12","modified_gmt":"2026-05-06T15:41:12","slug":"aromatik-oda-kokusu-difuzoru-alev-tasarimli-led-isikli-nemlendirici","status":"publish","type":"product","link":"https:\/\/www.hediyepazar.com\/?product=aromatik-oda-kokusu-difuzoru-alev-tasarimli-led-isikli-nemlendirici","title":{"rendered":"Aromatik Oda Kokusu Dif\u00fcz\u00f6r\u00fc Alev Tasar\u0131ml\u0131 LED I\u015f\u0131kl\u0131 Nemlendirici"},"content":{"rendered":"<p>Modern teknolojiyi estetik tasar\u0131mla birle\u015ftiren Alev Efektli Aromatik Oda Kokusu Dif\u00fcz\u00f6r\u00fc, ya\u015fam alanlar\u0131nda fark yaratan bir deneyim sunar. LED \u0131\u015f\u0131klarla desteklenen alev g\u00f6r\u00fcn\u00fcm\u00fc, klasik nemlendiricilerden ayr\u0131larak dekoratif bir atmosfer olu\u015fturur. \u00d6zellikle ak\u015fam saatlerinde ortama katt\u0131\u011f\u0131 s\u0131cak \u0131\u015f\u0131k, dinlendirici ve huzur verici bir ortam yarat\u0131r.Cihaz, hava nemlendirici fonksiyonu sayesinde kuru hava sorunlar\u0131n\u0131 azalt\u0131r ve ortam\u0131n nem dengesini korur. Bu \u00f6zellik, \u00f6zellikle klima veya kalorifer kullan\u0131lan alanlarda daha sa\u011fl\u0131kl\u0131 bir solunum ortam\u0131 sa\u011flar. Ayn\u0131 zamanda aromaterapi \u00f6zelli\u011fi ile u\u00e7ucu ya\u011flar\u0131n ortama e\u015fit \u015fekilde yay\u0131lmas\u0131n\u0131 sa\u011flayarak ferah ve ho\u015f kokulu bir hava olu\u015fturur.Kumandal\u0131 kontrol sistemi sayesinde kullan\u0131m son derece pratiktir. I\u015f\u0131k modu, buhar ayar\u0131 ve \u00e7al\u0131\u015fma se\u00e7enekleri tek tu\u015fla kontrol edilebilir. LED \u0131\u015f\u0131klar yaln\u0131zca g\u00f6rsel ama\u00e7l\u0131 de\u011fil, ayn\u0131 zamanda ortam ayd\u0131nlatmas\u0131 olarak da kullan\u0131labilir.Siyah renkli \u015f\u0131k g\u00f6vdesi ile her dekorasyona uyum sa\u011flayan bu \u00fcr\u00fcn, 2 y\u0131l garanti s\u00fcresi, \u00fcr\u00fcn\u00fc uzun vadeli ve g\u00fcvenle kullanman\u0131za olanak tan\u0131r. Dayan\u0131kl\u0131 malzeme yap\u0131s\u0131 ve sessiz \u00e7al\u0131\u015fma \u00f6zelli\u011fi sayesinde ev, ofis ve dinlenme alanlar\u0131nda rahatl\u0131kla tercih edilebilir.Fonksiyonel \u00f6zellikleri ve estetik tasar\u0131m\u0131 ile EN S\u0130GA alev g\u00f6r\u00fcn\u00fcml\u00fc dif\u00fcz\u00f6r, ya\u015fam alanlar\u0131n\u0131z\u0131 daha konforlu ve keyifli hale getirmek i\u00e7in ideal bir \u00e7\u00f6z\u00fcmd\u00fcr.<\/p>\n","protected":false},"excerpt":{"rendered":"<p>Modern teknolojiyi estetik tasar\u0131mla birle\u015ftiren Alev Efektli Aromatik Oda Kokusu Dif\u00fcz\u00f6r\u00fc, ya\u015fam alanlar\u0131nda fark yaratan bir deneyim sunar. LED \u0131\u015f\u0131klarla desteklenen alev g\u00f6r\u00fcn\u00fcm\u00fc, klasik nemlendiricilerden ayr\u0131larak dekoratif bir atmosfer olu\u015fturur. \u00d6zellikle ak\u015fam saatlerinde ortama katt\u0131\u011f\u0131 s\u0131cak \u0131\u015f\u0131k, dinlendirici ve huzur verici bir ortam yarat\u0131r.Cihaz, hava nemlendirici fonksiyonu sayesinde kuru hava sorunlar\u0131n\u0131 azalt\u0131r ve ortam\u0131n nem&#8230;<\/p>\n","protected":false},"featured_media":123412,"comment_status":"open","ping_status":"closed","template":"","meta":{"_kad_post_transparent":"","_kad_post_title":"","_kad_post_layout":"","_kad_post_sidebar_id":"","_kad_post_content_style":"","_kad_post_vertical_padding":"","_kad_post_feature":"","_kad_post_feature_position":"","_kad_post_header":false,"_kad_post_footer":false,"_kad_post_classname":""},"product_brand":[],"product_cat":[14965],"product_tag":[],"class_list":{"0":"post-123413","1":"product","2":"type-product","3":"status-publish","4":"has-post-thumbnail","6":"product_cat-hava-nemlendirici-hava-nemlendirici","8":"first","9":"instock","10":"purchasable","11":"product-type-simple","12":"entry","13":"content-bg","14":"loop-entry"},"_links":{"self":[{"href":"https:\/\/www.hediyepazar.com\/index.php?rest_route=\/wp\/v2\/product\/123413","targetHints":{"allow":["GET"]}}],"collection":[{"href":"https:\/\/www.hediyepazar.com\/index.php?rest_route=\/wp\/v2\/product"}],"about":[{"href":"https:\/\/www.hediyepazar.com\/index.php?rest_route=\/wp\/v2\/types\/product"}],"replies":[{"embeddable":true,"href":"https:\/\/www.hediyepazar.com\/index.php?rest_route=%2Fwp%2Fv2%2Fcomments&post=123413"}],"wp:featuredmedia":[{"embeddable":true,"href":"https:\/\/www.hediyepazar.com\/index.php?rest_route=\/wp\/v2\/media\/123412"}],"wp:attachment":[{"href":"https:\/\/www.hediyepazar.com\/index.php?rest_route=%2Fwp%2Fv2%2Fmedia&parent=123413"}],"wp:term":[{"taxonomy":"product_brand","embeddable":true,"href":"https:\/\/www.hediyepazar.com\/index.php?rest_route=%2Fwp%2Fv2%2Fproduct_brand&post=123413"},{"taxonomy":"product_cat","embeddable":true,"href":"https:\/\/www.hediyepazar.com\/index.php?rest_route=%2Fwp%2Fv2%2Fproduct_cat&post=123413"},{"taxonomy":"product_tag","embeddable":true,"href":"https:\/\/www.hediyepazar.com\/index.php?rest_route=%2Fwp%2Fv2%2Fproduct_tag&post=123413"}],"curies":[{"name":"wp","href":"https:\/\/api.w.org\/{rel}","templated":true}]}}