{"id":123417,"date":"2026-05-06T12:43:03","date_gmt":"2026-05-06T15:43:03","guid":{"rendered":"https:\/\/www.hediyepazar.com\/?product=alev-gorunumlu-hava-nemlendirici-kumandali-led-isikli-aromatik-difuzor"},"modified":"2026-05-06T12:43:03","modified_gmt":"2026-05-06T15:43:03","slug":"alev-gorunumlu-hava-nemlendirici-kumandali-led-isikli-aromatik-difuzor","status":"publish","type":"product","link":"https:\/\/www.hediyepazar.com\/?product=alev-gorunumlu-hava-nemlendirici-kumandali-led-isikli-aromatik-difuzor","title":{"rendered":"Alev G\u00f6r\u00fcn\u00fcml\u00fc Hava Nemlendirici Kumandal\u0131 LED I\u015f\u0131kl\u0131 Aromatik Dif\u00fcz\u00f6r"},"content":{"rendered":"<p>Alev g\u00f6r\u00fcn\u00fcml\u00fc tasar\u0131m\u0131 ile ya\u015fam alanlar\u0131n\u0131za hem modern hem de s\u0131cak bir atmosfer kazand\u0131ran  Alev G\u00f6r\u00fcn\u00fcml\u00fc Hava Nemlendirici ve Aromatik Oda Kokusu Dif\u00fcz\u00f6r\u00fc, estetik ve fonksiyonelli\u011fi bir arada sunan yenilik\u00e7i bir \u00fcr\u00fcnd\u00fcr. \u00d6zellikle ev, ofis, yatak odas\u0131 ve dinlenme alanlar\u0131nda g\u00f6rsel ambiyans\u0131 g\u00fc\u00e7lendiren bu \u00f6zel tasar\u0131m, LED \u0131\u015f\u0131klarla desteklenen alev efekti sayesinde bulundu\u011fu ortama \u015f\u00f6mine hissi katar.Cihaz\u0131n sundu\u011fu hava nemlendirici \u00f6zelli\u011fi, kuru havan\u0131n neden oldu\u011fu bo\u011faz kurulu\u011fu, cilt hassasiyeti ve solunum rahats\u0131zl\u0131klar\u0131n\u0131 azaltmaya yard\u0131mc\u0131 olur. \u0130nce buhar teknolojisi sayesinde ortam havas\u0131n\u0131 dengeli bir \u015fekilde nemlendirirken, ferah ve sa\u011fl\u0131kl\u0131 bir ya\u015fam alan\u0131 olu\u015fturur. Ayn\u0131 zamanda aromatik dif\u00fcz\u00f6r fonksiyonu sayesinde su haznesine eklenen u\u00e7ucu ya\u011flar ile ho\u015f kokular yayarak stresin azalmas\u0131na ve rahatlamaya katk\u0131 sa\u011flar.Kumandal\u0131 kullan\u0131m \u00f6zelli\u011fi, cihaz\u0131 bulundu\u011funuz yerden kolayca kontrol etmenizi sa\u011flar. A\u00e7ma-kapama, \u0131\u015f\u0131k modu ve buhar ayarlar\u0131n\u0131 zahmetsizce y\u00f6netebilir, maksimum konfor elde edebilirsiniz. LED \u0131\u015f\u0131k sistemi, hem dekoratif bir ayd\u0131nlatma sunar hem de lo\u015f ortamlarda huzur verici bir ambiyans yarat\u0131r.Siyah renkli \u015f\u0131k g\u00f6vdesi ile modern dekorasyonlara m\u00fckemmel uyum sa\u011flayan  alev g\u00f6r\u00fcn\u00fcml\u00fc nemlendirici, 2 y\u0131l garanti s\u00fcresi ile g\u00fcvenli bir kullan\u0131m sunar. Dayan\u0131kl\u0131 yap\u0131s\u0131 ve kullan\u0131c\u0131 dostu tasar\u0131m\u0131 sayesinde uzun \u00f6m\u00fcrl\u00fc performans sa\u011flar. Hem i\u015flevselli\u011fi hem de estetik g\u00f6r\u00fcn\u00fcm\u00fc ile ya\u015fam kalitenizi art\u0131rmak isteyenler i\u00e7in ideal bir tercihtir.<\/p>\n","protected":false},"excerpt":{"rendered":"<p>Alev g\u00f6r\u00fcn\u00fcml\u00fc tasar\u0131m\u0131 ile ya\u015fam alanlar\u0131n\u0131za hem modern hem de s\u0131cak bir atmosfer kazand\u0131ran Alev G\u00f6r\u00fcn\u00fcml\u00fc Hava Nemlendirici ve Aromatik Oda Kokusu Dif\u00fcz\u00f6r\u00fc, estetik ve fonksiyonelli\u011fi bir arada sunan yenilik\u00e7i bir \u00fcr\u00fcnd\u00fcr. \u00d6zellikle ev, ofis, yatak odas\u0131 ve dinlenme alanlar\u0131nda g\u00f6rsel ambiyans\u0131 g\u00fc\u00e7lendiren bu \u00f6zel tasar\u0131m, LED \u0131\u015f\u0131klarla desteklenen alev efekti sayesinde bulundu\u011fu ortama \u015f\u00f6mine&#8230;<\/p>\n","protected":false},"featured_media":123416,"comment_status":"open","ping_status":"closed","template":"","meta":{"_kad_post_transparent":"","_kad_post_title":"","_kad_post_layout":"","_kad_post_sidebar_id":"","_kad_post_content_style":"","_kad_post_vertical_padding":"","_kad_post_feature":"","_kad_post_feature_position":"","_kad_post_header":false,"_kad_post_footer":false,"_kad_post_classname":""},"product_brand":[],"product_cat":[14965],"product_tag":[],"class_list":{"0":"post-123417","1":"product","2":"type-product","3":"status-publish","4":"has-post-thumbnail","6":"product_cat-hava-nemlendirici-hava-nemlendirici","8":"first","9":"instock","10":"purchasable","11":"product-type-simple","12":"entry","13":"content-bg","14":"loop-entry"},"_links":{"self":[{"href":"https:\/\/www.hediyepazar.com\/index.php?rest_route=\/wp\/v2\/product\/123417","targetHints":{"allow":["GET"]}}],"collection":[{"href":"https:\/\/www.hediyepazar.com\/index.php?rest_route=\/wp\/v2\/product"}],"about":[{"href":"https:\/\/www.hediyepazar.com\/index.php?rest_route=\/wp\/v2\/types\/product"}],"replies":[{"embeddable":true,"href":"https:\/\/www.hediyepazar.com\/index.php?rest_route=%2Fwp%2Fv2%2Fcomments&post=123417"}],"wp:featuredmedia":[{"embeddable":true,"href":"https:\/\/www.hediyepazar.com\/index.php?rest_route=\/wp\/v2\/media\/123416"}],"wp:attachment":[{"href":"https:\/\/www.hediyepazar.com\/index.php?rest_route=%2Fwp%2Fv2%2Fmedia&parent=123417"}],"wp:term":[{"taxonomy":"product_brand","embeddable":true,"href":"https:\/\/www.hediyepazar.com\/index.php?rest_route=%2Fwp%2Fv2%2Fproduct_brand&post=123417"},{"taxonomy":"product_cat","embeddable":true,"href":"https:\/\/www.hediyepazar.com\/index.php?rest_route=%2Fwp%2Fv2%2Fproduct_cat&post=123417"},{"taxonomy":"product_tag","embeddable":true,"href":"https:\/\/www.hediyepazar.com\/index.php?rest_route=%2Fwp%2Fv2%2Fproduct_tag&post=123417"}],"curies":[{"name":"wp","href":"https:\/\/api.w.org\/{rel}","templated":true}]}}