{"id":123419,"date":"2026-05-06T12:43:10","date_gmt":"2026-05-06T15:43:10","guid":{"rendered":"https:\/\/www.hediyepazar.com\/?product=hsnet-high-torque-avucici-duz-yildiz-uclu-tornavida-seti"},"modified":"2026-05-06T12:43:10","modified_gmt":"2026-05-06T15:43:10","slug":"hsnet-high-torque-avucici-duz-yildiz-uclu-tornavida-seti","status":"publish","type":"product","link":"https:\/\/www.hediyepazar.com\/?product=hsnet-high-torque-avucici-duz-yildiz-uclu-tornavida-seti","title":{"rendered":"HSNET High-Torque Avu\u00e7i\u00e7i D\u00dcZ-YILDIZ U\u00e7lu Tornavida Seti"},"content":{"rendered":"<p>\n\t<span style=\"color:#ff0000;\"><strong>Spesifikasyonlar : <\/strong><\/span><\/p>\n<p>\n\t<span style=\"color:#008000;\"><strong>Renk : Resimdeki\u00a0 KIRMIZI Renk\u00a0 birebir g\u00f6nderilir. DETAY RES\u0130MLERDEK\u0130 RENKLER \u00d6RNEKT\u0130R.<\/strong><\/span><\/p>\n<p>\n\t<span style=\"color:#ff0000;\"><strong>Materyal : Plastik Sap +\u00a0\u00a0Y\u00fcksek kaliteli Is\u0131l i\u015flemden sonra krom vanadyum \u00e7eli\u011fi y\u00fcksek sertli\u011fe, g\u00fc\u00e7l\u00fc toklu\u011fa ve dirence sahiptir<\/strong><\/span><\/p>\n<p>\n\t<span style=\"color:#ff0000;\"><strong>Adet : 1 X YILDIZ U\u00c7 + 1 X D\u00dcZ U\u00c7\u00a0<\/strong><\/span><\/p>\n<p>\n\t<strong style=\"color: rgb(255, 0, 0);\">\u00d6l\u00e7\u00fcler : 12 CM &#8211; Ekran yan\u0131lmalar\u0131na kar\u015f\u0131 l\u00fctfen \u00f6l\u00e7\u00fcleri kar\u015f\u0131la\u015ft\u0131r\u0131n.<\/strong><\/p>\n<p>\n\t<strong style=\"color: rgb(255, 0, 0);\">NOT : Manuel \u00f6l\u00e7\u00fcm nedeniyle MM fark, ekran fark\u0131 nedeniyle, renk tonlar\u0131 %0,5 oran\u0131nda fark olabilir. L\u00fctfen anlay\u0131\u015f g\u00f6sterin<\/strong><\/p>\n<p>\n\t<span style=\"color:#008000;\"><strong>GEN\u0130\u015e KULLANIM ALANI : K\u0131sa sapl\u0131 tornavidalar dar alanlarda veya s\u0131n\u0131rl\u0131 alanlarda kullan\u0131labilir. \u00d6zelikle bayanlar i\u00e7in de ideldir. <\/strong><\/span><\/p>\n<p>\n\tY\u00fcksek kaliteli Is\u0131l i\u015flemden sonra krom vanadyum \u00e7eli\u011fi y\u00fcksek sertli\u011fe, g\u00fc\u00e7l\u00fc toklu\u011fa ve dirence sahiptir, g\u00fc\u00e7l\u00fc korozyon direncine, oksidasyon direncine ve son derece rahat bir his verir. tornavida \u00e7ubu\u011fu, klasik g\u00f6r\u00fcn\u00fcml\u00fcd\u00fcr ve basit tasar\u0131ma sahiptir.<\/p>\n<p>\n\t<br \/>\n\t<strong>Parmak tasar\u0131m\u0131:<\/strong> Plastik hhalka ile tam olarak e\u015fle\u015ftirilmi\u015ftir, sap\u0131n alt k\u0131sm\u0131, kullan\u0131m s\u0131ras\u0131nda parmaklar\u0131 desteklemek ve d\u00f6nerken sabit parmak bas\u0131nc\u0131n\u0131 korumak i\u00e7in tasarlanm\u0131\u015ft\u0131r; dayan\u0131kl\u0131 \u00e7elik tornavida ile birle\u015ftirilen plastik sap, uzun s\u00fcreli kullan\u0131m sa\u011flar<\/p>\n<p>\t<strong>Ta\u015f\u0131nabilir Cep Tornavida Setleri, G\u00fcnl\u00fck Onar\u0131m Kullan\u0131m\u0131:\u00a0<\/strong>\u00a0Bu tornavida ve somun vidalar\u0131 seti, ta\u015f\u0131mas\u0131 \u00e7ok uygundur, g\u00fcnl\u00fck onar\u0131mlar veya kamp vb. i\u00e7in kullan\u0131labilir. Bu d\u00fcz ve y\u0131ld\u0131z ba\u015fl\u0131 tornavidalar bir zorunluluktur\u00a0<\/p>\n","protected":false},"excerpt":{"rendered":"<p>Spesifikasyonlar : Renk : Resimdeki\u00a0 KIRMIZI Renk\u00a0 birebir g\u00f6nderilir. DETAY RES\u0130MLERDEK\u0130 RENKLER \u00d6RNEKT\u0130R. Materyal : Plastik Sap +\u00a0\u00a0Y\u00fcksek kaliteli Is\u0131l i\u015flemden sonra krom vanadyum \u00e7eli\u011fi y\u00fcksek sertli\u011fe, g\u00fc\u00e7l\u00fc toklu\u011fa ve dirence sahiptir Adet : 1 X YILDIZ U\u00c7 + 1 X D\u00dcZ U\u00c7\u00a0 \u00d6l\u00e7\u00fcler : 12 CM &#8211; Ekran yan\u0131lmalar\u0131na kar\u015f\u0131 l\u00fctfen \u00f6l\u00e7\u00fcleri kar\u015f\u0131la\u015ft\u0131r\u0131n. NOT&#8230;<\/p>\n","protected":false},"featured_media":123418,"comment_status":"open","ping_status":"closed","template":"","meta":{"_kad_post_transparent":"","_kad_post_title":"","_kad_post_layout":"","_kad_post_sidebar_id":"","_kad_post_content_style":"","_kad_post_vertical_padding":"","_kad_post_feature":"","_kad_post_feature_position":"","_kad_post_header":false,"_kad_post_footer":false,"_kad_post_classname":""},"product_brand":[],"product_cat":[14810],"product_tag":[],"class_list":{"0":"post-123419","1":"product","2":"type-product","3":"status-publish","4":"has-post-thumbnail","6":"product_cat-hirdavat-urunleri-yapi-market-bahce-yapi-market-ev-yasam-testereler","8":"first","9":"instock","10":"purchasable","11":"product-type-simple","12":"entry","13":"content-bg","14":"loop-entry"},"_links":{"self":[{"href":"https:\/\/www.hediyepazar.com\/index.php?rest_route=\/wp\/v2\/product\/123419","targetHints":{"allow":["GET"]}}],"collection":[{"href":"https:\/\/www.hediyepazar.com\/index.php?rest_route=\/wp\/v2\/product"}],"about":[{"href":"https:\/\/www.hediyepazar.com\/index.php?rest_route=\/wp\/v2\/types\/product"}],"replies":[{"embeddable":true,"href":"https:\/\/www.hediyepazar.com\/index.php?rest_route=%2Fwp%2Fv2%2Fcomments&post=123419"}],"wp:featuredmedia":[{"embeddable":true,"href":"https:\/\/www.hediyepazar.com\/index.php?rest_route=\/wp\/v2\/media\/123418"}],"wp:attachment":[{"href":"https:\/\/www.hediyepazar.com\/index.php?rest_route=%2Fwp%2Fv2%2Fmedia&parent=123419"}],"wp:term":[{"taxonomy":"product_brand","embeddable":true,"href":"https:\/\/www.hediyepazar.com\/index.php?rest_route=%2Fwp%2Fv2%2Fproduct_brand&post=123419"},{"taxonomy":"product_cat","embeddable":true,"href":"https:\/\/www.hediyepazar.com\/index.php?rest_route=%2Fwp%2Fv2%2Fproduct_cat&post=123419"},{"taxonomy":"product_tag","embeddable":true,"href":"https:\/\/www.hediyepazar.com\/index.php?rest_route=%2Fwp%2Fv2%2Fproduct_tag&post=123419"}],"curies":[{"name":"wp","href":"https:\/\/api.w.org\/{rel}","templated":true}]}}