{"id":123421,"date":"2026-05-06T12:43:16","date_gmt":"2026-05-06T15:43:16","guid":{"rendered":"https:\/\/www.hediyepazar.com\/?product=fg5-saat-sim-kartli"},"modified":"2026-05-06T12:43:16","modified_gmt":"2026-05-06T15:43:16","slug":"fg5-saat-sim-kartli","status":"publish","type":"product","link":"https:\/\/www.hediyepazar.com\/?product=fg5-saat-sim-kartli","title":{"rendered":"FG5 SAAT S\u0130M KARTLI"},"content":{"rendered":"<p>Bu GPS\u2019li SIM kartl\u0131 ak\u0131ll\u0131 saat, ileti\u015fim, sa\u011fl\u0131k ve navigasyonu tek cihazda toplar. Telefon olmadan arama yapabilir, bildirimleri titre\u015fimle alabilirsiniz.Uzun batarya \u00f6mr\u00fc, suya ve toza dayan\u0131kl\u0131l\u0131\u011f\u0131, siyah kasa tasar\u0131m\u0131 ve yetkili servis deste\u011fiyle g\u00fcvenilir bir kullan\u0131m sunar. G\u00fcnl\u00fck ya\u015fam ve maceralar i\u00e7in ideal bir ak\u0131ll\u0131 saat se\u00e7ene\u011fidir.<\/p>\n","protected":false},"excerpt":{"rendered":"<p>Bu GPS\u2019li SIM kartl\u0131 ak\u0131ll\u0131 saat, ileti\u015fim, sa\u011fl\u0131k ve navigasyonu tek cihazda toplar. Telefon olmadan arama yapabilir, bildirimleri titre\u015fimle alabilirsiniz.Uzun batarya \u00f6mr\u00fc, suya ve toza dayan\u0131kl\u0131l\u0131\u011f\u0131, siyah kasa tasar\u0131m\u0131 ve yetkili servis deste\u011fiyle g\u00fcvenilir bir kullan\u0131m sunar. G\u00fcnl\u00fck ya\u015fam ve maceralar i\u00e7in ideal bir ak\u0131ll\u0131 saat se\u00e7ene\u011fidir.<\/p>\n","protected":false},"featured_media":123420,"comment_status":"open","ping_status":"closed","template":"","meta":{"_kad_post_transparent":"","_kad_post_title":"","_kad_post_layout":"","_kad_post_sidebar_id":"","_kad_post_content_style":"","_kad_post_vertical_padding":"","_kad_post_feature":"","_kad_post_feature_position":"","_kad_post_header":false,"_kad_post_footer":false,"_kad_post_classname":""},"product_brand":[],"product_cat":[14935],"product_tag":[],"class_list":{"0":"post-123421","1":"product","2":"type-product","3":"status-publish","4":"has-post-thumbnail","6":"product_cat-akilli-saatler-akilli-saatler","8":"first","9":"instock","10":"purchasable","11":"product-type-simple","12":"entry","13":"content-bg","14":"loop-entry"},"_links":{"self":[{"href":"https:\/\/www.hediyepazar.com\/index.php?rest_route=\/wp\/v2\/product\/123421","targetHints":{"allow":["GET"]}}],"collection":[{"href":"https:\/\/www.hediyepazar.com\/index.php?rest_route=\/wp\/v2\/product"}],"about":[{"href":"https:\/\/www.hediyepazar.com\/index.php?rest_route=\/wp\/v2\/types\/product"}],"replies":[{"embeddable":true,"href":"https:\/\/www.hediyepazar.com\/index.php?rest_route=%2Fwp%2Fv2%2Fcomments&post=123421"}],"wp:featuredmedia":[{"embeddable":true,"href":"https:\/\/www.hediyepazar.com\/index.php?rest_route=\/wp\/v2\/media\/123420"}],"wp:attachment":[{"href":"https:\/\/www.hediyepazar.com\/index.php?rest_route=%2Fwp%2Fv2%2Fmedia&parent=123421"}],"wp:term":[{"taxonomy":"product_brand","embeddable":true,"href":"https:\/\/www.hediyepazar.com\/index.php?rest_route=%2Fwp%2Fv2%2Fproduct_brand&post=123421"},{"taxonomy":"product_cat","embeddable":true,"href":"https:\/\/www.hediyepazar.com\/index.php?rest_route=%2Fwp%2Fv2%2Fproduct_cat&post=123421"},{"taxonomy":"product_tag","embeddable":true,"href":"https:\/\/www.hediyepazar.com\/index.php?rest_route=%2Fwp%2Fv2%2Fproduct_tag&post=123421"}],"curies":[{"name":"wp","href":"https:\/\/api.w.org\/{rel}","templated":true}]}}