{"id":123425,"date":"2026-05-06T12:44:06","date_gmt":"2026-05-06T15:44:06","guid":{"rendered":"https:\/\/www.hediyepazar.com\/?product=10-metre-papatya-desenli-kaymaz-cok-amacli-dolap-ici-ortu"},"modified":"2026-05-06T12:44:06","modified_gmt":"2026-05-06T15:44:06","slug":"10-metre-papatya-desenli-kaymaz-cok-amacli-dolap-ici-ortu","status":"publish","type":"product","link":"https:\/\/www.hediyepazar.com\/?product=10-metre-papatya-desenli-kaymaz-cok-amacli-dolap-ici-ortu","title":{"rendered":"10 Metre Papatya Desenli Kaymaz \u00c7ok Ama\u00e7l\u0131 Dolap \u0130\u00e7i \u00d6rt\u00fc"},"content":{"rendered":"<p>Papatya desenli bu \u00e7ekmece ve dolap i\u00e7i \u00f6rt\u00fc, 10 metre uzunlu\u011fu ile \u00e7oklu kullan\u0131m imk\u00e2n\u0131 sunar. Kesilerek farkl\u0131 alanlarda kullan\u0131labilir.Kaymaz yap\u0131s\u0131 sayesinde e\u015fyalar sabit kal\u0131r. Yap\u0131\u015fmaz \u00f6zelli\u011fi y\u00fczeylere zarar vermez. Kolay temizlenir ve uzun s\u00fcre kullan\u0131labilir.<\/p>\n","protected":false},"excerpt":{"rendered":"<p>Papatya desenli bu \u00e7ekmece ve dolap i\u00e7i \u00f6rt\u00fc, 10 metre uzunlu\u011fu ile \u00e7oklu kullan\u0131m imk\u00e2n\u0131 sunar. Kesilerek farkl\u0131 alanlarda kullan\u0131labilir.Kaymaz yap\u0131s\u0131 sayesinde e\u015fyalar sabit kal\u0131r. Yap\u0131\u015fmaz \u00f6zelli\u011fi y\u00fczeylere zarar vermez. Kolay temizlenir ve uzun s\u00fcre kullan\u0131labilir.<\/p>\n","protected":false},"featured_media":123424,"comment_status":"open","ping_status":"closed","template":"","meta":{"_kad_post_transparent":"","_kad_post_title":"","_kad_post_layout":"","_kad_post_sidebar_id":"","_kad_post_content_style":"","_kad_post_vertical_padding":"","_kad_post_feature":"","_kad_post_feature_position":"","_kad_post_header":false,"_kad_post_footer":false,"_kad_post_classname":""},"product_brand":[],"product_cat":[15068],"product_tag":[],"class_list":{"0":"post-123425","1":"product","2":"type-product","3":"status-publish","4":"has-post-thumbnail","6":"product_cat-pratik-mutfak-gerecleri-pratik-mutfak-gerecleri-2","8":"first","9":"instock","10":"purchasable","11":"product-type-simple","12":"entry","13":"content-bg","14":"loop-entry"},"_links":{"self":[{"href":"https:\/\/www.hediyepazar.com\/index.php?rest_route=\/wp\/v2\/product\/123425","targetHints":{"allow":["GET"]}}],"collection":[{"href":"https:\/\/www.hediyepazar.com\/index.php?rest_route=\/wp\/v2\/product"}],"about":[{"href":"https:\/\/www.hediyepazar.com\/index.php?rest_route=\/wp\/v2\/types\/product"}],"replies":[{"embeddable":true,"href":"https:\/\/www.hediyepazar.com\/index.php?rest_route=%2Fwp%2Fv2%2Fcomments&post=123425"}],"wp:featuredmedia":[{"embeddable":true,"href":"https:\/\/www.hediyepazar.com\/index.php?rest_route=\/wp\/v2\/media\/123424"}],"wp:attachment":[{"href":"https:\/\/www.hediyepazar.com\/index.php?rest_route=%2Fwp%2Fv2%2Fmedia&parent=123425"}],"wp:term":[{"taxonomy":"product_brand","embeddable":true,"href":"https:\/\/www.hediyepazar.com\/index.php?rest_route=%2Fwp%2Fv2%2Fproduct_brand&post=123425"},{"taxonomy":"product_cat","embeddable":true,"href":"https:\/\/www.hediyepazar.com\/index.php?rest_route=%2Fwp%2Fv2%2Fproduct_cat&post=123425"},{"taxonomy":"product_tag","embeddable":true,"href":"https:\/\/www.hediyepazar.com\/index.php?rest_route=%2Fwp%2Fv2%2Fproduct_tag&post=123425"}],"curies":[{"name":"wp","href":"https:\/\/api.w.org\/{rel}","templated":true}]}}