{"id":123427,"date":"2026-05-06T12:44:11","date_gmt":"2026-05-06T15:44:11","guid":{"rendered":"https:\/\/www.hediyepazar.com\/?product=10-metre-papatya-desenli-kolay-temizlenebilir-cekmece-mati"},"modified":"2026-05-06T12:44:11","modified_gmt":"2026-05-06T15:44:11","slug":"10-metre-papatya-desenli-kolay-temizlenebilir-cekmece-mati","status":"publish","type":"product","link":"https:\/\/www.hediyepazar.com\/?product=10-metre-papatya-desenli-kolay-temizlenebilir-cekmece-mati","title":{"rendered":"10 Metre Papatya Desenli Kolay Temizlenebilir \u00c7ekmece Mat\u0131"},"content":{"rendered":"<p>Bu 10 metre papatya desenli kaymaz \u00e7ekmece mat\u0131, y\u00fczeyleri korurken d\u00fczeni de sa\u011flar. Uzun yap\u0131s\u0131 sayesinde geni\u015f \u00e7ekmecelerde tek par\u00e7a halinde kullan\u0131labilir.Kayd\u0131rmaz \u00f6zelli\u011fi, e\u015fyalar\u0131n g\u00fcvenle saklanmas\u0131n\u0131 sa\u011flar. Yap\u0131\u015fkan kal\u0131nt\u0131 b\u0131rakmaz. Kolay temizlenebilir olmas\u0131 hijyenik kullan\u0131m sunar. Papatya desenleri ile estetik bir g\u00f6r\u00fcn\u00fcm sa\u011flar.<\/p>\n","protected":false},"excerpt":{"rendered":"<p>Bu 10 metre papatya desenli kaymaz \u00e7ekmece mat\u0131, y\u00fczeyleri korurken d\u00fczeni de sa\u011flar. Uzun yap\u0131s\u0131 sayesinde geni\u015f \u00e7ekmecelerde tek par\u00e7a halinde kullan\u0131labilir.Kayd\u0131rmaz \u00f6zelli\u011fi, e\u015fyalar\u0131n g\u00fcvenle saklanmas\u0131n\u0131 sa\u011flar. Yap\u0131\u015fkan kal\u0131nt\u0131 b\u0131rakmaz. Kolay temizlenebilir olmas\u0131 hijyenik kullan\u0131m sunar. Papatya desenleri ile estetik bir g\u00f6r\u00fcn\u00fcm sa\u011flar.<\/p>\n","protected":false},"featured_media":123426,"comment_status":"open","ping_status":"closed","template":"","meta":{"_kad_post_transparent":"","_kad_post_title":"","_kad_post_layout":"","_kad_post_sidebar_id":"","_kad_post_content_style":"","_kad_post_vertical_padding":"","_kad_post_feature":"","_kad_post_feature_position":"","_kad_post_header":false,"_kad_post_footer":false,"_kad_post_classname":""},"product_brand":[],"product_cat":[15068],"product_tag":[],"class_list":{"0":"post-123427","1":"product","2":"type-product","3":"status-publish","4":"has-post-thumbnail","6":"product_cat-pratik-mutfak-gerecleri-pratik-mutfak-gerecleri-2","8":"first","9":"instock","10":"purchasable","11":"product-type-simple","12":"entry","13":"content-bg","14":"loop-entry"},"_links":{"self":[{"href":"https:\/\/www.hediyepazar.com\/index.php?rest_route=\/wp\/v2\/product\/123427","targetHints":{"allow":["GET"]}}],"collection":[{"href":"https:\/\/www.hediyepazar.com\/index.php?rest_route=\/wp\/v2\/product"}],"about":[{"href":"https:\/\/www.hediyepazar.com\/index.php?rest_route=\/wp\/v2\/types\/product"}],"replies":[{"embeddable":true,"href":"https:\/\/www.hediyepazar.com\/index.php?rest_route=%2Fwp%2Fv2%2Fcomments&post=123427"}],"wp:featuredmedia":[{"embeddable":true,"href":"https:\/\/www.hediyepazar.com\/index.php?rest_route=\/wp\/v2\/media\/123426"}],"wp:attachment":[{"href":"https:\/\/www.hediyepazar.com\/index.php?rest_route=%2Fwp%2Fv2%2Fmedia&parent=123427"}],"wp:term":[{"taxonomy":"product_brand","embeddable":true,"href":"https:\/\/www.hediyepazar.com\/index.php?rest_route=%2Fwp%2Fv2%2Fproduct_brand&post=123427"},{"taxonomy":"product_cat","embeddable":true,"href":"https:\/\/www.hediyepazar.com\/index.php?rest_route=%2Fwp%2Fv2%2Fproduct_cat&post=123427"},{"taxonomy":"product_tag","embeddable":true,"href":"https:\/\/www.hediyepazar.com\/index.php?rest_route=%2Fwp%2Fv2%2Fproduct_tag&post=123427"}],"curies":[{"name":"wp","href":"https:\/\/api.w.org\/{rel}","templated":true}]}}