{"id":123431,"date":"2026-05-06T12:44:22","date_gmt":"2026-05-06T15:44:22","guid":{"rendered":"https:\/\/www.hediyepazar.com\/?product=10-metre-papatya-desenli-yapismaz-kaydirmaz-cekmece-ortusu"},"modified":"2026-05-06T12:44:22","modified_gmt":"2026-05-06T15:44:22","slug":"10-metre-papatya-desenli-yapismaz-kaydirmaz-cekmece-ortusu","status":"publish","type":"product","link":"https:\/\/www.hediyepazar.com\/?product=10-metre-papatya-desenli-yapismaz-kaydirmaz-cekmece-ortusu","title":{"rendered":"10 Metre Papatya Desenli Yap\u0131\u015fmaz Kayd\u0131rmaz \u00c7ekmece \u00d6rt\u00fcs\u00fc"},"content":{"rendered":"<p>Bu 10 metre papatya desenli kaymaz dolap i\u00e7i \u00f6rt\u00fc, evinizde d\u00fczeni korumak ve y\u00fczeyleri temiz tutmak i\u00e7in tasarlanm\u0131\u015ft\u0131r. Tek par\u00e7a halinde sunulan \u00fcr\u00fcn, uzun yap\u0131s\u0131 sayesinde geni\u015f alanlarda kesintisiz kullan\u0131m sa\u011flar. \u0130htiyaca g\u00f6re kesilerek farkl\u0131 \u00e7ekmecelerde ve raflarda rahatl\u0131kla de\u011ferlendirilebilir.Papatya desenleri, \u00e7ekmece ve dolap i\u00e7lerine ferah ve d\u00fczenli bir g\u00f6r\u00fcn\u00fcm kazand\u0131r\u0131r. \u015eeffaf yap\u0131s\u0131, i\u00e7eri\u011fin kolayca g\u00f6r\u00fclmesini sa\u011flar ve arad\u0131\u011f\u0131n\u0131z e\u015fyaya h\u0131zl\u0131ca ula\u015fman\u0131za yard\u0131mc\u0131 olur. Tozdan koruyucu \u00f6zelli\u011fi, e\u015fyalar\u0131n daha hijyenik kalmas\u0131na katk\u0131 sa\u011flar.Kayd\u0131rmaz y\u00fczeyi sayesinde \u00e7ekmece i\u00e7inde sabit durur. \u00c7ekmece hareket ettirildi\u011finde mat kaymaz ve e\u015fyalar da\u011f\u0131lmaz. Yap\u0131\u015fkan i\u00e7ermeyen yap\u0131s\u0131, y\u00fczeylere zarar vermez ve iz b\u0131rakmaz.Kolay temizlenebilir olmas\u0131, g\u00fcnl\u00fck kullan\u0131m i\u00e7in b\u00fcy\u00fck avantaj sa\u011flar. 10 metrelik uzunlu\u011fu, mutfak ve banyo gibi \u00e7ok \u00e7ekmeceli alanlarda tek \u00fcr\u00fcnle d\u00fczenleme imk\u00e2n\u0131 sunar. Hem dekoratif hem de i\u015flevsel bir \u00fcr\u00fcnd\u00fcr.<\/p>\n","protected":false},"excerpt":{"rendered":"<p>Bu 10 metre papatya desenli kaymaz dolap i\u00e7i \u00f6rt\u00fc, evinizde d\u00fczeni korumak ve y\u00fczeyleri temiz tutmak i\u00e7in tasarlanm\u0131\u015ft\u0131r. Tek par\u00e7a halinde sunulan \u00fcr\u00fcn, uzun yap\u0131s\u0131 sayesinde geni\u015f alanlarda kesintisiz kullan\u0131m sa\u011flar. \u0130htiyaca g\u00f6re kesilerek farkl\u0131 \u00e7ekmecelerde ve raflarda rahatl\u0131kla de\u011ferlendirilebilir.Papatya desenleri, \u00e7ekmece ve dolap i\u00e7lerine ferah ve d\u00fczenli bir g\u00f6r\u00fcn\u00fcm kazand\u0131r\u0131r. \u015eeffaf yap\u0131s\u0131, i\u00e7eri\u011fin kolayca&#8230;<\/p>\n","protected":false},"featured_media":123430,"comment_status":"open","ping_status":"closed","template":"","meta":{"_kad_post_transparent":"","_kad_post_title":"","_kad_post_layout":"","_kad_post_sidebar_id":"","_kad_post_content_style":"","_kad_post_vertical_padding":"","_kad_post_feature":"","_kad_post_feature_position":"","_kad_post_header":false,"_kad_post_footer":false,"_kad_post_classname":""},"product_brand":[],"product_cat":[15068],"product_tag":[],"class_list":{"0":"post-123431","1":"product","2":"type-product","3":"status-publish","4":"has-post-thumbnail","6":"product_cat-pratik-mutfak-gerecleri-pratik-mutfak-gerecleri-2","8":"first","9":"instock","10":"purchasable","11":"product-type-simple","12":"entry","13":"content-bg","14":"loop-entry"},"_links":{"self":[{"href":"https:\/\/www.hediyepazar.com\/index.php?rest_route=\/wp\/v2\/product\/123431","targetHints":{"allow":["GET"]}}],"collection":[{"href":"https:\/\/www.hediyepazar.com\/index.php?rest_route=\/wp\/v2\/product"}],"about":[{"href":"https:\/\/www.hediyepazar.com\/index.php?rest_route=\/wp\/v2\/types\/product"}],"replies":[{"embeddable":true,"href":"https:\/\/www.hediyepazar.com\/index.php?rest_route=%2Fwp%2Fv2%2Fcomments&post=123431"}],"wp:featuredmedia":[{"embeddable":true,"href":"https:\/\/www.hediyepazar.com\/index.php?rest_route=\/wp\/v2\/media\/123430"}],"wp:attachment":[{"href":"https:\/\/www.hediyepazar.com\/index.php?rest_route=%2Fwp%2Fv2%2Fmedia&parent=123431"}],"wp:term":[{"taxonomy":"product_brand","embeddable":true,"href":"https:\/\/www.hediyepazar.com\/index.php?rest_route=%2Fwp%2Fv2%2Fproduct_brand&post=123431"},{"taxonomy":"product_cat","embeddable":true,"href":"https:\/\/www.hediyepazar.com\/index.php?rest_route=%2Fwp%2Fv2%2Fproduct_cat&post=123431"},{"taxonomy":"product_tag","embeddable":true,"href":"https:\/\/www.hediyepazar.com\/index.php?rest_route=%2Fwp%2Fv2%2Fproduct_tag&post=123431"}],"curies":[{"name":"wp","href":"https:\/\/api.w.org\/{rel}","templated":true}]}}