{"id":123435,"date":"2026-05-06T12:45:04","date_gmt":"2026-05-06T15:45:04","guid":{"rendered":"https:\/\/www.hediyepazar.com\/?product=10-metre-dayanikli-plastik-silikonlu-cekmece-duzenleyici"},"modified":"2026-05-06T12:45:04","modified_gmt":"2026-05-06T15:45:04","slug":"10-metre-dayanikli-plastik-silikonlu-cekmece-duzenleyici","status":"publish","type":"product","link":"https:\/\/www.hediyepazar.com\/?product=10-metre-dayanikli-plastik-silikonlu-cekmece-duzenleyici","title":{"rendered":"10 Metre Dayan\u0131kl\u0131 Plastik Silikonlu \u00c7ekmece D\u00fczenleyici"},"content":{"rendered":"<p>Bu kaymaz \u015feffaf \u00e7ekmece organizeri, \u00e7ekmece i\u00e7i d\u00fczeni korumak isteyenler i\u00e7in pratik bir \u00e7\u00f6z\u00fcmd\u00fcr. \u00dcr\u00fcn 10 metre uzunlu\u011fundad\u0131r ve tek par\u00e7a halinde g\u00f6nderilir. Uzun yap\u0131s\u0131 sayesinde geni\u015f \u00e7ekmecelerde kesintisiz koruma sa\u011flar.Silikon taban\u0131, \u00e7ekmece i\u00e7inde kaymas\u0131n\u0131 \u00f6nler. \u015eeffaf tasar\u0131m\u0131 sayesinde e\u015fyalar rahat\u00e7a g\u00f6r\u00fclebilir. Dayan\u0131kl\u0131 plastik malzeme, s\u0131k kullan\u0131ma uygundur. Kolay temizlenebilir olmas\u0131 hijyenik kullan\u0131m sa\u011flar. 10 metrelik uzunluk, \u00e7oklu \u00e7ekmeceler i\u00e7in ekonomik ve pratik bir \u00e7\u00f6z\u00fcm sunar.<\/p>\n","protected":false},"excerpt":{"rendered":"<p>Bu kaymaz \u015feffaf \u00e7ekmece organizeri, \u00e7ekmece i\u00e7i d\u00fczeni korumak isteyenler i\u00e7in pratik bir \u00e7\u00f6z\u00fcmd\u00fcr. \u00dcr\u00fcn 10 metre uzunlu\u011fundad\u0131r ve tek par\u00e7a halinde g\u00f6nderilir. Uzun yap\u0131s\u0131 sayesinde geni\u015f \u00e7ekmecelerde kesintisiz koruma sa\u011flar.Silikon taban\u0131, \u00e7ekmece i\u00e7inde kaymas\u0131n\u0131 \u00f6nler. \u015eeffaf tasar\u0131m\u0131 sayesinde e\u015fyalar rahat\u00e7a g\u00f6r\u00fclebilir. Dayan\u0131kl\u0131 plastik malzeme, s\u0131k kullan\u0131ma uygundur. Kolay temizlenebilir olmas\u0131 hijyenik kullan\u0131m sa\u011flar. 10&#8230;<\/p>\n","protected":false},"featured_media":123434,"comment_status":"open","ping_status":"closed","template":"","meta":{"_kad_post_transparent":"","_kad_post_title":"","_kad_post_layout":"","_kad_post_sidebar_id":"","_kad_post_content_style":"","_kad_post_vertical_padding":"","_kad_post_feature":"","_kad_post_feature_position":"","_kad_post_header":false,"_kad_post_footer":false,"_kad_post_classname":""},"product_brand":[],"product_cat":[15068],"product_tag":[],"class_list":{"0":"post-123435","1":"product","2":"type-product","3":"status-publish","4":"has-post-thumbnail","6":"product_cat-pratik-mutfak-gerecleri-pratik-mutfak-gerecleri-2","8":"first","9":"instock","10":"purchasable","11":"product-type-simple","12":"entry","13":"content-bg","14":"loop-entry"},"_links":{"self":[{"href":"https:\/\/www.hediyepazar.com\/index.php?rest_route=\/wp\/v2\/product\/123435","targetHints":{"allow":["GET"]}}],"collection":[{"href":"https:\/\/www.hediyepazar.com\/index.php?rest_route=\/wp\/v2\/product"}],"about":[{"href":"https:\/\/www.hediyepazar.com\/index.php?rest_route=\/wp\/v2\/types\/product"}],"replies":[{"embeddable":true,"href":"https:\/\/www.hediyepazar.com\/index.php?rest_route=%2Fwp%2Fv2%2Fcomments&post=123435"}],"wp:featuredmedia":[{"embeddable":true,"href":"https:\/\/www.hediyepazar.com\/index.php?rest_route=\/wp\/v2\/media\/123434"}],"wp:attachment":[{"href":"https:\/\/www.hediyepazar.com\/index.php?rest_route=%2Fwp%2Fv2%2Fmedia&parent=123435"}],"wp:term":[{"taxonomy":"product_brand","embeddable":true,"href":"https:\/\/www.hediyepazar.com\/index.php?rest_route=%2Fwp%2Fv2%2Fproduct_brand&post=123435"},{"taxonomy":"product_cat","embeddable":true,"href":"https:\/\/www.hediyepazar.com\/index.php?rest_route=%2Fwp%2Fv2%2Fproduct_cat&post=123435"},{"taxonomy":"product_tag","embeddable":true,"href":"https:\/\/www.hediyepazar.com\/index.php?rest_route=%2Fwp%2Fv2%2Fproduct_tag&post=123435"}],"curies":[{"name":"wp","href":"https:\/\/api.w.org\/{rel}","templated":true}]}}