{"id":123437,"date":"2026-05-06T12:45:10","date_gmt":"2026-05-06T15:45:10","guid":{"rendered":"https:\/\/www.hediyepazar.com\/?product=10-metre-kolay-temizlenebilir-kaymaz-cekmece-ici-organizer"},"modified":"2026-05-06T12:45:10","modified_gmt":"2026-05-06T15:45:10","slug":"10-metre-kolay-temizlenebilir-kaymaz-cekmece-ici-organizer","status":"publish","type":"product","link":"https:\/\/www.hediyepazar.com\/?product=10-metre-kolay-temizlenebilir-kaymaz-cekmece-ici-organizer","title":{"rendered":"10 Metre Kolay Temizlenebilir Kaymaz \u00c7ekmece \u0130\u00e7i Organizer"},"content":{"rendered":"<p>Evinizde ve ofisinizde d\u00fczeni korumak i\u00e7in geli\u015ftirilen bu silikon tabanl\u0131 \u015feffaf \u00e7ekmece d\u00fczenleyici, hem fonksiyonel hem de kullan\u0131\u015fl\u0131 bir \u00fcr\u00fcnd\u00fcr. \u00dcr\u00fcn 10 metre uzunlu\u011fa sahiptir ve tek par\u00e7a halinde sunulur. Geni\u015f y\u00fczeylerde kesintisiz kullan\u0131m sa\u011flarken, istenirse \u00f6l\u00e7\u00fclere g\u00f6re kesilerek farkl\u0131 \u00e7ekmecelerde kullan\u0131labilir.\u015eeffaf yap\u0131s\u0131 sayesinde \u00e7ekmece i\u00e7indeki e\u015fyalar net bir \u015fekilde g\u00f6r\u00fclebilir. Tozdan koruyan y\u00fczeyi, \u00e7ekmece i\u00e7i hijyeni destekler. Silikonlu taban\u0131 kaymay\u0131 \u00f6nler ve e\u015fyalar\u0131n sabit kalmas\u0131n\u0131 sa\u011flar.Dayan\u0131kl\u0131 plastik malzeme uzun \u00f6m\u00fcrl\u00fc kullan\u0131m sunar. Kolay temizlenebilir olmas\u0131, \u00fcr\u00fcn\u00fc g\u00fcnl\u00fck kullan\u0131m i\u00e7in ideal hale getirir. 10 metrelik uzunluk, mutfak, banyo, makyaj masas\u0131 ve ofis \u00e7ekmecelerinde geni\u015f kullan\u0131m alan\u0131 sunar.<\/p>\n","protected":false},"excerpt":{"rendered":"<p>Evinizde ve ofisinizde d\u00fczeni korumak i\u00e7in geli\u015ftirilen bu silikon tabanl\u0131 \u015feffaf \u00e7ekmece d\u00fczenleyici, hem fonksiyonel hem de kullan\u0131\u015fl\u0131 bir \u00fcr\u00fcnd\u00fcr. \u00dcr\u00fcn 10 metre uzunlu\u011fa sahiptir ve tek par\u00e7a halinde sunulur. Geni\u015f y\u00fczeylerde kesintisiz kullan\u0131m sa\u011flarken, istenirse \u00f6l\u00e7\u00fclere g\u00f6re kesilerek farkl\u0131 \u00e7ekmecelerde kullan\u0131labilir.\u015eeffaf yap\u0131s\u0131 sayesinde \u00e7ekmece i\u00e7indeki e\u015fyalar net bir \u015fekilde g\u00f6r\u00fclebilir. Tozdan koruyan y\u00fczeyi, \u00e7ekmece&#8230;<\/p>\n","protected":false},"featured_media":123436,"comment_status":"open","ping_status":"closed","template":"","meta":{"_kad_post_transparent":"","_kad_post_title":"","_kad_post_layout":"","_kad_post_sidebar_id":"","_kad_post_content_style":"","_kad_post_vertical_padding":"","_kad_post_feature":"","_kad_post_feature_position":"","_kad_post_header":false,"_kad_post_footer":false,"_kad_post_classname":""},"product_brand":[],"product_cat":[15068],"product_tag":[],"class_list":{"0":"post-123437","1":"product","2":"type-product","3":"status-publish","4":"has-post-thumbnail","6":"product_cat-pratik-mutfak-gerecleri-pratik-mutfak-gerecleri-2","8":"first","9":"instock","10":"purchasable","11":"product-type-simple","12":"entry","13":"content-bg","14":"loop-entry"},"_links":{"self":[{"href":"https:\/\/www.hediyepazar.com\/index.php?rest_route=\/wp\/v2\/product\/123437","targetHints":{"allow":["GET"]}}],"collection":[{"href":"https:\/\/www.hediyepazar.com\/index.php?rest_route=\/wp\/v2\/product"}],"about":[{"href":"https:\/\/www.hediyepazar.com\/index.php?rest_route=\/wp\/v2\/types\/product"}],"replies":[{"embeddable":true,"href":"https:\/\/www.hediyepazar.com\/index.php?rest_route=%2Fwp%2Fv2%2Fcomments&post=123437"}],"wp:featuredmedia":[{"embeddable":true,"href":"https:\/\/www.hediyepazar.com\/index.php?rest_route=\/wp\/v2\/media\/123436"}],"wp:attachment":[{"href":"https:\/\/www.hediyepazar.com\/index.php?rest_route=%2Fwp%2Fv2%2Fmedia&parent=123437"}],"wp:term":[{"taxonomy":"product_brand","embeddable":true,"href":"https:\/\/www.hediyepazar.com\/index.php?rest_route=%2Fwp%2Fv2%2Fproduct_brand&post=123437"},{"taxonomy":"product_cat","embeddable":true,"href":"https:\/\/www.hediyepazar.com\/index.php?rest_route=%2Fwp%2Fv2%2Fproduct_cat&post=123437"},{"taxonomy":"product_tag","embeddable":true,"href":"https:\/\/www.hediyepazar.com\/index.php?rest_route=%2Fwp%2Fv2%2Fproduct_tag&post=123437"}],"curies":[{"name":"wp","href":"https:\/\/api.w.org\/{rel}","templated":true}]}}