{"id":123443,"date":"2026-05-06T12:47:02","date_gmt":"2026-05-06T15:47:02","guid":{"rendered":"https:\/\/www.hediyepazar.com\/?product=10-metre-seffaf-silikonlu-kaymaz-cekmece-ici-duzenleyici"},"modified":"2026-05-06T12:47:02","modified_gmt":"2026-05-06T15:47:02","slug":"10-metre-seffaf-silikonlu-kaymaz-cekmece-ici-duzenleyici","status":"publish","type":"product","link":"https:\/\/www.hediyepazar.com\/?product=10-metre-seffaf-silikonlu-kaymaz-cekmece-ici-duzenleyici","title":{"rendered":"10 Metre \u015eeffaf Silikonlu Kaymaz \u00c7ekmece \u0130\u00e7i D\u00fczenleyici"},"content":{"rendered":"<p>\u00c7ekmece i\u00e7i d\u00fczeni uzun s\u00fcre korumak ve e\u015fyalar\u0131n\u0131z\u0131 hem d\u00fczenli hem de temiz tutmak i\u00e7in tasarlanan bu \u015feffaf silikonlu \u00e7ekmece i\u00e7i d\u00fczenleyici, fonksiyonel yap\u0131s\u0131 ve pratik kullan\u0131m\u0131yla \u00f6ne \u00e7\u0131kar. \u00dcr\u00fcn 10 metre uzunlu\u011fa sahiptir ve tek par\u00e7a halinde g\u00f6nderilir. Bu uzunluk sayesinde geni\u015f \u00e7ekmecelerde kesintisiz kullan\u0131m sa\u011flar, ayn\u0131 zamanda ihtiyaca g\u00f6re kesilerek birden fazla \u00e7ekmecede rahatl\u0131kla kullan\u0131labilir.\u015eeffaf yap\u0131s\u0131 sayesinde \u00e7ekmece i\u00e7indeki e\u015fyalar kolayca g\u00f6r\u00fcl\u00fcr. Ka\u015f\u0131k, \u00e7atal, mutfak gere\u00e7leri, kozmetik \u00fcr\u00fcnleri, tak\u0131lar, k\u0131rtasiye malzemeleri ve k\u00fc\u00e7\u00fck ev e\u015fyalar\u0131 i\u00e7in ideal bir \u00e7\u00f6z\u00fcmd\u00fcr. Tozdan koruyucu yap\u0131s\u0131, \u00e7ekmece i\u00e7indeki e\u015fyalar\u0131n daha hijyenik kalmas\u0131na yard\u0131mc\u0131 olur ve d\u00fczenli bir g\u00f6r\u00fcn\u00fcm sa\u011flar.\u00dcr\u00fcn tek par\u00e7a halinde sunulur ve herhangi bir montaj veya ek par\u00e7a gerektirmez. \u00c7ekmeceye serildi\u011fi anda kullan\u0131ma haz\u0131rd\u0131r. Silikonlu taban\u0131, kaymaz ve kayd\u0131rmaz \u00f6zellik g\u00f6stererek \u00e7ekmece a\u00e7\u0131l\u0131p kapat\u0131ld\u0131\u011f\u0131nda \u00fcr\u00fcn\u00fcn ve e\u015fyalar\u0131n yerinden oynamas\u0131n\u0131 engeller. Bu \u00f6zellik \u00f6zellikle s\u0131k kullan\u0131lan \u00e7ekmecelerde b\u00fcy\u00fck avantaj sa\u011flar.Dayan\u0131kl\u0131 plastik materyalden \u00fcretilmi\u015f d\u0131\u015f y\u00fczeyi uzun \u00f6m\u00fcrl\u00fc kullan\u0131m sunarken, kolay temizlenebilir yap\u0131s\u0131 hijyen a\u00e7\u0131s\u0131ndan avantaj sa\u011flar. Y\u0131kama talimat\u0131na uygun \u015fekilde temizlenebilir. 10 metrelik uzunlu\u011fu, mutfak, banyo, yatak odas\u0131 ve ofis \u00e7ekmecelerinde tek \u00fcr\u00fcnle \u00e7oklu kullan\u0131m imk\u00e2n\u0131 sunar.<\/p>\n","protected":false},"excerpt":{"rendered":"<p>\u00c7ekmece i\u00e7i d\u00fczeni uzun s\u00fcre korumak ve e\u015fyalar\u0131n\u0131z\u0131 hem d\u00fczenli hem de temiz tutmak i\u00e7in tasarlanan bu \u015feffaf silikonlu \u00e7ekmece i\u00e7i d\u00fczenleyici, fonksiyonel yap\u0131s\u0131 ve pratik kullan\u0131m\u0131yla \u00f6ne \u00e7\u0131kar. \u00dcr\u00fcn 10 metre uzunlu\u011fa sahiptir ve tek par\u00e7a halinde g\u00f6nderilir. Bu uzunluk sayesinde geni\u015f \u00e7ekmecelerde kesintisiz kullan\u0131m sa\u011flar, ayn\u0131 zamanda ihtiyaca g\u00f6re kesilerek birden fazla \u00e7ekmecede&#8230;<\/p>\n","protected":false},"featured_media":123442,"comment_status":"open","ping_status":"closed","template":"","meta":{"_kad_post_transparent":"","_kad_post_title":"","_kad_post_layout":"","_kad_post_sidebar_id":"","_kad_post_content_style":"","_kad_post_vertical_padding":"","_kad_post_feature":"","_kad_post_feature_position":"","_kad_post_header":false,"_kad_post_footer":false,"_kad_post_classname":""},"product_brand":[],"product_cat":[15068],"product_tag":[],"class_list":{"0":"post-123443","1":"product","2":"type-product","3":"status-publish","4":"has-post-thumbnail","6":"product_cat-pratik-mutfak-gerecleri-pratik-mutfak-gerecleri-2","8":"first","9":"instock","10":"purchasable","11":"product-type-simple","12":"entry","13":"content-bg","14":"loop-entry"},"_links":{"self":[{"href":"https:\/\/www.hediyepazar.com\/index.php?rest_route=\/wp\/v2\/product\/123443","targetHints":{"allow":["GET"]}}],"collection":[{"href":"https:\/\/www.hediyepazar.com\/index.php?rest_route=\/wp\/v2\/product"}],"about":[{"href":"https:\/\/www.hediyepazar.com\/index.php?rest_route=\/wp\/v2\/types\/product"}],"replies":[{"embeddable":true,"href":"https:\/\/www.hediyepazar.com\/index.php?rest_route=%2Fwp%2Fv2%2Fcomments&post=123443"}],"wp:featuredmedia":[{"embeddable":true,"href":"https:\/\/www.hediyepazar.com\/index.php?rest_route=\/wp\/v2\/media\/123442"}],"wp:attachment":[{"href":"https:\/\/www.hediyepazar.com\/index.php?rest_route=%2Fwp%2Fv2%2Fmedia&parent=123443"}],"wp:term":[{"taxonomy":"product_brand","embeddable":true,"href":"https:\/\/www.hediyepazar.com\/index.php?rest_route=%2Fwp%2Fv2%2Fproduct_brand&post=123443"},{"taxonomy":"product_cat","embeddable":true,"href":"https:\/\/www.hediyepazar.com\/index.php?rest_route=%2Fwp%2Fv2%2Fproduct_cat&post=123443"},{"taxonomy":"product_tag","embeddable":true,"href":"https:\/\/www.hediyepazar.com\/index.php?rest_route=%2Fwp%2Fv2%2Fproduct_tag&post=123443"}],"curies":[{"name":"wp","href":"https:\/\/api.w.org\/{rel}","templated":true}]}}