{"id":123445,"date":"2026-05-06T12:47:10","date_gmt":"2026-05-06T15:47:10","guid":{"rendered":"https:\/\/www.hediyepazar.com\/?product=led-gostergeli-2000mah-cep-tipi-hizli-sarj-powerbank"},"modified":"2026-05-06T12:47:10","modified_gmt":"2026-05-06T15:47:10","slug":"led-gostergeli-2000mah-cep-tipi-hizli-sarj-powerbank","status":"publish","type":"product","link":"https:\/\/www.hediyepazar.com\/?product=led-gostergeli-2000mah-cep-tipi-hizli-sarj-powerbank","title":{"rendered":"LED G\u00f6stergeli 2000mAh Cep Tipi H\u0131zl\u0131 \u015earj Powerbank"},"content":{"rendered":"<p>Cep tipi bu 2000mAh h\u0131zl\u0131 \u015farj powerbank, hafifli\u011fi ve pratik kullan\u0131m\u0131yla \u00f6ne \u00e7\u0131kar. Dahili konekt\u00f6r yap\u0131s\u0131, kablo karma\u015fas\u0131n\u0131 ortadan kald\u0131r\u0131r ve h\u0131zl\u0131 kullan\u0131m sa\u011flar.2000mAh kapasite, g\u00fcnl\u00fck acil \u015farj ihtiya\u00e7lar\u0131n\u0131 kar\u015f\u0131lamak i\u00e7in idealdir. PD 20W h\u0131zl\u0131 \u015farj deste\u011fi ve LED pil g\u00f6stergesi ile kullan\u0131c\u0131ya tam kontrol sunar. Seyahat ve g\u00fcnl\u00fck kullan\u0131m i\u00e7in uygundur.<\/p>\n","protected":false},"excerpt":{"rendered":"<p>Cep tipi bu 2000mAh h\u0131zl\u0131 \u015farj powerbank, hafifli\u011fi ve pratik kullan\u0131m\u0131yla \u00f6ne \u00e7\u0131kar. Dahili konekt\u00f6r yap\u0131s\u0131, kablo karma\u015fas\u0131n\u0131 ortadan kald\u0131r\u0131r ve h\u0131zl\u0131 kullan\u0131m sa\u011flar.2000mAh kapasite, g\u00fcnl\u00fck acil \u015farj ihtiya\u00e7lar\u0131n\u0131 kar\u015f\u0131lamak i\u00e7in idealdir. PD 20W h\u0131zl\u0131 \u015farj deste\u011fi ve LED pil g\u00f6stergesi ile kullan\u0131c\u0131ya tam kontrol sunar. Seyahat ve g\u00fcnl\u00fck kullan\u0131m i\u00e7in uygundur.<\/p>\n","protected":false},"featured_media":123444,"comment_status":"open","ping_status":"closed","template":"","meta":{"_kad_post_transparent":"","_kad_post_title":"","_kad_post_layout":"","_kad_post_sidebar_id":"","_kad_post_content_style":"","_kad_post_vertical_padding":"","_kad_post_feature":"","_kad_post_feature_position":"","_kad_post_header":false,"_kad_post_footer":false,"_kad_post_classname":""},"product_brand":[],"product_cat":[14937],"product_tag":[],"class_list":{"0":"post-123445","1":"product","2":"type-product","3":"status-publish","4":"has-post-thumbnail","6":"product_cat-powerbank-powerbank-2","8":"first","9":"instock","10":"purchasable","11":"product-type-simple","12":"entry","13":"content-bg","14":"loop-entry"},"_links":{"self":[{"href":"https:\/\/www.hediyepazar.com\/index.php?rest_route=\/wp\/v2\/product\/123445","targetHints":{"allow":["GET"]}}],"collection":[{"href":"https:\/\/www.hediyepazar.com\/index.php?rest_route=\/wp\/v2\/product"}],"about":[{"href":"https:\/\/www.hediyepazar.com\/index.php?rest_route=\/wp\/v2\/types\/product"}],"replies":[{"embeddable":true,"href":"https:\/\/www.hediyepazar.com\/index.php?rest_route=%2Fwp%2Fv2%2Fcomments&post=123445"}],"wp:featuredmedia":[{"embeddable":true,"href":"https:\/\/www.hediyepazar.com\/index.php?rest_route=\/wp\/v2\/media\/123444"}],"wp:attachment":[{"href":"https:\/\/www.hediyepazar.com\/index.php?rest_route=%2Fwp%2Fv2%2Fmedia&parent=123445"}],"wp:term":[{"taxonomy":"product_brand","embeddable":true,"href":"https:\/\/www.hediyepazar.com\/index.php?rest_route=%2Fwp%2Fv2%2Fproduct_brand&post=123445"},{"taxonomy":"product_cat","embeddable":true,"href":"https:\/\/www.hediyepazar.com\/index.php?rest_route=%2Fwp%2Fv2%2Fproduct_cat&post=123445"},{"taxonomy":"product_tag","embeddable":true,"href":"https:\/\/www.hediyepazar.com\/index.php?rest_route=%2Fwp%2Fv2%2Fproduct_tag&post=123445"}],"curies":[{"name":"wp","href":"https:\/\/api.w.org\/{rel}","templated":true}]}}