{"id":123597,"date":"2026-05-06T13:16:16","date_gmt":"2026-05-06T16:16:16","guid":{"rendered":"https:\/\/www.hediyepazar.com\/?product=banyo-icin-filtreli-dus-basligi-pratik-kullanim"},"modified":"2026-05-06T13:16:16","modified_gmt":"2026-05-06T16:16:16","slug":"banyo-icin-filtreli-dus-basligi-pratik-kullanim","status":"publish","type":"product","link":"https:\/\/www.hediyepazar.com\/?product=banyo-icin-filtreli-dus-basligi-pratik-kullanim","title":{"rendered":"Banyo \u0130\u00e7in Filtreli Du\u015f Ba\u015fl\u0131\u011f\u0131 Pratik Kullan\u0131m"},"content":{"rendered":"<p>Masaj fonksiyonlu filtreli du\u015f ba\u015fl\u0131\u011f\u0131, banyo rutinini daha keyifli ve rahatlat\u0131c\u0131 hale getirmek i\u00e7in tasarlanm\u0131\u015ft\u0131r. A\u00e7 kapa tu\u015fu sayesinde su ak\u0131\u015f\u0131 kolayca kontrol edilir ve kullan\u0131c\u0131ya pratik bir deneyim sunar.Masaj etkisi yaratan su \u00e7\u0131k\u0131\u015f sistemi, du\u015f s\u0131ras\u0131nda v\u00fccutta rahatlat\u0131c\u0131 bir his olu\u015fturur. Bu \u00f6zellik, \u00f6zellikle yo\u011fun g\u00fcnlerin ard\u0131ndan du\u015fu bir dinlenme an\u0131na d\u00f6n\u00fc\u015ft\u00fcr\u00fcr.Filtreli yap\u0131, suyun i\u00e7erisindeki tortu ve partik\u00fcllerin azalt\u0131lmas\u0131na katk\u0131 sa\u011flar. Bu sayede daha berrak ve yumu\u015fak bir su hissi elde edilir. Dayan\u0131kl\u0131 plastik malzeme, uzun \u00f6m\u00fcrl\u00fc kullan\u0131m sunar ve kolay temizlenebilir.Yeni nesil tasar\u0131m\u0131 ile banyonuza modern bir g\u00f6r\u00fcn\u00fcm kazand\u0131r\u0131r. Fonksiyonel yap\u0131s\u0131 sayesinde g\u00fcnl\u00fck kullan\u0131mda s\u0131k\u00e7a tercih edilir.<\/p>\n","protected":false},"excerpt":{"rendered":"<p>Masaj fonksiyonlu filtreli du\u015f ba\u015fl\u0131\u011f\u0131, banyo rutinini daha keyifli ve rahatlat\u0131c\u0131 hale getirmek i\u00e7in tasarlanm\u0131\u015ft\u0131r. A\u00e7 kapa tu\u015fu sayesinde su ak\u0131\u015f\u0131 kolayca kontrol edilir ve kullan\u0131c\u0131ya pratik bir deneyim sunar.Masaj etkisi yaratan su \u00e7\u0131k\u0131\u015f sistemi, du\u015f s\u0131ras\u0131nda v\u00fccutta rahatlat\u0131c\u0131 bir his olu\u015fturur. Bu \u00f6zellik, \u00f6zellikle yo\u011fun g\u00fcnlerin ard\u0131ndan du\u015fu bir dinlenme an\u0131na d\u00f6n\u00fc\u015ft\u00fcr\u00fcr.Filtreli yap\u0131, suyun&#8230;<\/p>\n","protected":false},"featured_media":123596,"comment_status":"open","ping_status":"closed","template":"","meta":{"_kad_post_transparent":"","_kad_post_title":"","_kad_post_layout":"","_kad_post_sidebar_id":"","_kad_post_content_style":"","_kad_post_vertical_padding":"","_kad_post_feature":"","_kad_post_feature_position":"","_kad_post_header":false,"_kad_post_footer":false,"_kad_post_classname":""},"product_brand":[],"product_cat":[14915],"product_tag":[],"class_list":{"0":"post-123597","1":"product","2":"type-product","3":"status-publish","4":"has-post-thumbnail","6":"product_cat-dus-basligi-dus-basligi","8":"first","9":"instock","10":"purchasable","11":"product-type-simple","12":"entry","13":"content-bg","14":"loop-entry"},"_links":{"self":[{"href":"https:\/\/www.hediyepazar.com\/index.php?rest_route=\/wp\/v2\/product\/123597","targetHints":{"allow":["GET"]}}],"collection":[{"href":"https:\/\/www.hediyepazar.com\/index.php?rest_route=\/wp\/v2\/product"}],"about":[{"href":"https:\/\/www.hediyepazar.com\/index.php?rest_route=\/wp\/v2\/types\/product"}],"replies":[{"embeddable":true,"href":"https:\/\/www.hediyepazar.com\/index.php?rest_route=%2Fwp%2Fv2%2Fcomments&post=123597"}],"wp:featuredmedia":[{"embeddable":true,"href":"https:\/\/www.hediyepazar.com\/index.php?rest_route=\/wp\/v2\/media\/123596"}],"wp:attachment":[{"href":"https:\/\/www.hediyepazar.com\/index.php?rest_route=%2Fwp%2Fv2%2Fmedia&parent=123597"}],"wp:term":[{"taxonomy":"product_brand","embeddable":true,"href":"https:\/\/www.hediyepazar.com\/index.php?rest_route=%2Fwp%2Fv2%2Fproduct_brand&post=123597"},{"taxonomy":"product_cat","embeddable":true,"href":"https:\/\/www.hediyepazar.com\/index.php?rest_route=%2Fwp%2Fv2%2Fproduct_cat&post=123597"},{"taxonomy":"product_tag","embeddable":true,"href":"https:\/\/www.hediyepazar.com\/index.php?rest_route=%2Fwp%2Fv2%2Fproduct_tag&post=123597"}],"curies":[{"name":"wp","href":"https:\/\/api.w.org\/{rel}","templated":true}]}}