{"id":123609,"date":"2026-05-06T13:18:23","date_gmt":"2026-05-06T16:18:23","guid":{"rendered":"https:\/\/www.hediyepazar.com\/?product=turkce-destekli-akilli-saat-suya-dayanikli-cok-fonksiyonlu"},"modified":"2026-05-06T13:18:23","modified_gmt":"2026-05-06T16:18:23","slug":"turkce-destekli-akilli-saat-suya-dayanikli-cok-fonksiyonlu","status":"publish","type":"product","link":"https:\/\/www.hediyepazar.com\/?product=turkce-destekli-akilli-saat-suya-dayanikli-cok-fonksiyonlu","title":{"rendered":"T\u00fcrk\u00e7e Destekli Ak\u0131ll\u0131 Saat Suya Dayan\u0131kl\u0131 \u00c7ok Fonksiyonlu"},"content":{"rendered":"<p>Modern tasar\u0131m\u0131 ve fonksiyonel yap\u0131s\u0131 ile bu ak\u0131ll\u0131 saat, g\u00fcnl\u00fck hayat\u0131 kolayla\u015ft\u0131r\u0131r. AMOLED ekran\u0131 sayesinde net g\u00f6r\u00fcnt\u00fc sunar. T\u00fcrk\u00e7e men\u00fc ve \u00e7oklu dil deste\u011fi ile kullan\u0131c\u0131 dostudur.iOS ve Android uyumlulu\u011fu sayesinde geni\u015f kullan\u0131m alan\u0131 sunar. Bluetooth arama ve bildirim \u00f6zellikleri ile ileti\u015fim her an bile\u011finizdedir. Sa\u011fl\u0131k takibi ve spor modlar\u0131 ile aktif ya\u015fam desteklenir.<\/p>\n","protected":false},"excerpt":{"rendered":"<p>Modern tasar\u0131m\u0131 ve fonksiyonel yap\u0131s\u0131 ile bu ak\u0131ll\u0131 saat, g\u00fcnl\u00fck hayat\u0131 kolayla\u015ft\u0131r\u0131r. AMOLED ekran\u0131 sayesinde net g\u00f6r\u00fcnt\u00fc sunar. T\u00fcrk\u00e7e men\u00fc ve \u00e7oklu dil deste\u011fi ile kullan\u0131c\u0131 dostudur.iOS ve Android uyumlulu\u011fu sayesinde geni\u015f kullan\u0131m alan\u0131 sunar. Bluetooth arama ve bildirim \u00f6zellikleri ile ileti\u015fim her an bile\u011finizdedir. Sa\u011fl\u0131k takibi ve spor modlar\u0131 ile aktif ya\u015fam desteklenir.<\/p>\n","protected":false},"featured_media":123608,"comment_status":"open","ping_status":"closed","template":"","meta":{"_kad_post_transparent":"","_kad_post_title":"","_kad_post_layout":"","_kad_post_sidebar_id":"","_kad_post_content_style":"","_kad_post_vertical_padding":"","_kad_post_feature":"","_kad_post_feature_position":"","_kad_post_header":false,"_kad_post_footer":false,"_kad_post_classname":""},"product_brand":[],"product_cat":[14935],"product_tag":[],"class_list":{"0":"post-123609","1":"product","2":"type-product","3":"status-publish","4":"has-post-thumbnail","6":"product_cat-akilli-saatler-akilli-saatler","8":"first","9":"instock","10":"purchasable","11":"product-type-simple","12":"entry","13":"content-bg","14":"loop-entry"},"_links":{"self":[{"href":"https:\/\/www.hediyepazar.com\/index.php?rest_route=\/wp\/v2\/product\/123609","targetHints":{"allow":["GET"]}}],"collection":[{"href":"https:\/\/www.hediyepazar.com\/index.php?rest_route=\/wp\/v2\/product"}],"about":[{"href":"https:\/\/www.hediyepazar.com\/index.php?rest_route=\/wp\/v2\/types\/product"}],"replies":[{"embeddable":true,"href":"https:\/\/www.hediyepazar.com\/index.php?rest_route=%2Fwp%2Fv2%2Fcomments&post=123609"}],"wp:featuredmedia":[{"embeddable":true,"href":"https:\/\/www.hediyepazar.com\/index.php?rest_route=\/wp\/v2\/media\/123608"}],"wp:attachment":[{"href":"https:\/\/www.hediyepazar.com\/index.php?rest_route=%2Fwp%2Fv2%2Fmedia&parent=123609"}],"wp:term":[{"taxonomy":"product_brand","embeddable":true,"href":"https:\/\/www.hediyepazar.com\/index.php?rest_route=%2Fwp%2Fv2%2Fproduct_brand&post=123609"},{"taxonomy":"product_cat","embeddable":true,"href":"https:\/\/www.hediyepazar.com\/index.php?rest_route=%2Fwp%2Fv2%2Fproduct_cat&post=123609"},{"taxonomy":"product_tag","embeddable":true,"href":"https:\/\/www.hediyepazar.com\/index.php?rest_route=%2Fwp%2Fv2%2Fproduct_tag&post=123609"}],"curies":[{"name":"wp","href":"https:\/\/api.w.org\/{rel}","templated":true}]}}