{"id":123613,"date":"2026-05-06T13:18:36","date_gmt":"2026-05-06T16:18:36","guid":{"rendered":"https:\/\/www.hediyepazar.com\/?product=bluetooth-arama-ozellikli-akilli-saat-uzun-pil-omurlu"},"modified":"2026-05-06T13:18:36","modified_gmt":"2026-05-06T16:18:36","slug":"bluetooth-arama-ozellikli-akilli-saat-uzun-pil-omurlu","status":"publish","type":"product","link":"https:\/\/www.hediyepazar.com\/?product=bluetooth-arama-ozellikli-akilli-saat-uzun-pil-omurlu","title":{"rendered":"Bluetooth Arama \u00d6zellikli Ak\u0131ll\u0131 Saat Uzun Pil \u00d6m\u00fcrl\u00fc"},"content":{"rendered":"<p>Bu ak\u0131ll\u0131 saat, geli\u015fmi\u015f teknolojik \u00f6zellikleri ve modern tasar\u0131m\u0131 ile g\u00fcnl\u00fck ya\u015fam\u0131n vazge\u00e7ilmez bir par\u00e7as\u0131 olmaya adayd\u0131r. 41 mm kavisli kasa yap\u0131s\u0131, bile\u011fe tam oturarak hem \u015f\u0131k hem de konforlu bir kullan\u0131m sunar. De\u011fi\u015ftirilebilir kordon \u00f6zelli\u011fi sayesinde tarz\u0131n\u0131za g\u00f6re ki\u015fiselle\u015ftirilebilir.AMOLED teknolojili 1,70 in\u00e7 HD ekran, y\u00fcksek parlakl\u0131k ve netlik sa\u011flar. T\u00fcrk\u00e7e men\u00fc deste\u011fi, cihaz\u0131n t\u00fcm fonksiyonlar\u0131na kolay eri\u015fim imk\u00e2n\u0131 sunar. iOS ve Android uyumlulu\u011fu sayesinde geni\u015f bir kullan\u0131c\u0131 kitlesine hitap eder.Bluetooth ba\u011flant\u0131 \u00f6zelli\u011fi ile telefon g\u00f6r\u00fc\u015fmelerinizi do\u011frudan saat \u00fczerinden ger\u00e7ekle\u015ftirebilirsiniz. Ayn\u0131 zamanda m\u00fczik dinleme keyfi sunan yap\u0131s\u0131, g\u00fcnl\u00fck aktivitelerinizi daha keyifli hale getirir. Bildirimler ve mesajlar an\u0131nda g\u00f6r\u00fcnt\u00fclenir.Uzun pil \u00f6mr\u00fc sayesinde s\u0131k \u015farj etme ihtiyac\u0131n\u0131 azalt\u0131r. Sa\u011fl\u0131k izleme \u00f6zellikleri ile g\u00fcn boyunca v\u00fccut verilerinizi takip edebilirsiniz. 117 spor modu, spor yaparken detayl\u0131 analiz imk\u00e2n\u0131 sunar.<\/p>\n","protected":false},"excerpt":{"rendered":"<p>Bu ak\u0131ll\u0131 saat, geli\u015fmi\u015f teknolojik \u00f6zellikleri ve modern tasar\u0131m\u0131 ile g\u00fcnl\u00fck ya\u015fam\u0131n vazge\u00e7ilmez bir par\u00e7as\u0131 olmaya adayd\u0131r. 41 mm kavisli kasa yap\u0131s\u0131, bile\u011fe tam oturarak hem \u015f\u0131k hem de konforlu bir kullan\u0131m sunar. De\u011fi\u015ftirilebilir kordon \u00f6zelli\u011fi sayesinde tarz\u0131n\u0131za g\u00f6re ki\u015fiselle\u015ftirilebilir.AMOLED teknolojili 1,70 in\u00e7 HD ekran, y\u00fcksek parlakl\u0131k ve netlik sa\u011flar. T\u00fcrk\u00e7e men\u00fc deste\u011fi, cihaz\u0131n t\u00fcm&#8230;<\/p>\n","protected":false},"featured_media":123612,"comment_status":"open","ping_status":"closed","template":"","meta":{"_kad_post_transparent":"","_kad_post_title":"","_kad_post_layout":"","_kad_post_sidebar_id":"","_kad_post_content_style":"","_kad_post_vertical_padding":"","_kad_post_feature":"","_kad_post_feature_position":"","_kad_post_header":false,"_kad_post_footer":false,"_kad_post_classname":""},"product_brand":[],"product_cat":[14935],"product_tag":[],"class_list":{"0":"post-123613","1":"product","2":"type-product","3":"status-publish","4":"has-post-thumbnail","6":"product_cat-akilli-saatler-akilli-saatler","8":"first","9":"instock","10":"purchasable","11":"product-type-simple","12":"entry","13":"content-bg","14":"loop-entry"},"_links":{"self":[{"href":"https:\/\/www.hediyepazar.com\/index.php?rest_route=\/wp\/v2\/product\/123613","targetHints":{"allow":["GET"]}}],"collection":[{"href":"https:\/\/www.hediyepazar.com\/index.php?rest_route=\/wp\/v2\/product"}],"about":[{"href":"https:\/\/www.hediyepazar.com\/index.php?rest_route=\/wp\/v2\/types\/product"}],"replies":[{"embeddable":true,"href":"https:\/\/www.hediyepazar.com\/index.php?rest_route=%2Fwp%2Fv2%2Fcomments&post=123613"}],"wp:featuredmedia":[{"embeddable":true,"href":"https:\/\/www.hediyepazar.com\/index.php?rest_route=\/wp\/v2\/media\/123612"}],"wp:attachment":[{"href":"https:\/\/www.hediyepazar.com\/index.php?rest_route=%2Fwp%2Fv2%2Fmedia&parent=123613"}],"wp:term":[{"taxonomy":"product_brand","embeddable":true,"href":"https:\/\/www.hediyepazar.com\/index.php?rest_route=%2Fwp%2Fv2%2Fproduct_brand&post=123613"},{"taxonomy":"product_cat","embeddable":true,"href":"https:\/\/www.hediyepazar.com\/index.php?rest_route=%2Fwp%2Fv2%2Fproduct_cat&post=123613"},{"taxonomy":"product_tag","embeddable":true,"href":"https:\/\/www.hediyepazar.com\/index.php?rest_route=%2Fwp%2Fv2%2Fproduct_tag&post=123613"}],"curies":[{"name":"wp","href":"https:\/\/api.w.org\/{rel}","templated":true}]}}