{"id":123615,"date":"2026-05-06T13:18:43","date_gmt":"2026-05-06T16:18:43","guid":{"rendered":"https:\/\/www.hediyepazar.com\/?product=41-mm-kavisli-kasa-akilli-saat-ios-ve-android-uyumlu"},"modified":"2026-05-06T13:18:43","modified_gmt":"2026-05-06T16:18:43","slug":"41-mm-kavisli-kasa-akilli-saat-ios-ve-android-uyumlu","status":"publish","type":"product","link":"https:\/\/www.hediyepazar.com\/?product=41-mm-kavisli-kasa-akilli-saat-ios-ve-android-uyumlu","title":{"rendered":"41 mm Kavisli Kasa Ak\u0131ll\u0131 Saat IOS ve Android Uyumlu"},"content":{"rendered":"<p>Teknoloji ve \u015f\u0131kl\u0131\u011f\u0131 bir araya getiren bu ak\u0131ll\u0131 saat, g\u00fcnl\u00fck ya\u015fam\u0131n her an\u0131nda kullan\u0131c\u0131ya pratik \u00e7\u00f6z\u00fcmler sunmak \u00fczere tasarlanm\u0131\u015ft\u0131r. 41 mm kavisli oval kenarl\u0131 kasa yap\u0131s\u0131, bile\u011fe do\u011fal bir uyum sa\u011flar ve estetik bir g\u00f6r\u00fcn\u00fcm sunar. Hafif yap\u0131s\u0131 sayesinde spor yaparken ya da g\u00fcn boyu kullan\u0131mda rahats\u0131zl\u0131k vermez.1,70 in\u00e7 AMOLED ekran, y\u00fcksek \u00e7\u00f6z\u00fcn\u00fcrl\u00fc\u011f\u00fc sayesinde net ve canl\u0131 g\u00f6r\u00fcnt\u00fcler sunar. Saat aray\u00fcz\u00fc T\u00fcrk\u00e7e men\u00fc desteklidir ve kullan\u0131c\u0131 dostu tasar\u0131m\u0131 sayesinde her ya\u015ftan kullan\u0131c\u0131 i\u00e7in kolay kullan\u0131m sa\u011flar. Kurulumu h\u0131zl\u0131d\u0131r ve k\u0131sa s\u00fcrede telefon ile e\u015fle\u015ftirilebilir.Bluetooth 5.1 teknolojisi ile donat\u0131lm\u0131\u015f olan bu ak\u0131ll\u0131 saat, \u00e7a\u011fr\u0131 cevaplama ve arama yapma \u00f6zelli\u011fi sunar. Saat \u00fczerinden konu\u015fma imk\u00e2n\u0131 sa\u011flayan bu \u00f6zellik, \u00f6zellikle yo\u011fun anlarda b\u00fcy\u00fck avantaj sa\u011flar. Ayr\u0131ca t\u00fcm mesajlar ve bildirimler an\u0131nda ekrana d\u00fc\u015fer.Uzun pil \u00f6mr\u00fc, bu ak\u0131ll\u0131 saatin en g\u00fc\u00e7l\u00fc yanlar\u0131ndan biridir. Normal kullan\u0131mda 3 g\u00fcn, bekleme modunda ise 45 g\u00fcne kadar dayanabilen bataryas\u0131, g\u00fcnl\u00fck hayat\u0131n temposuna rahatl\u0131kla ayak uydurur.Sa\u011fl\u0131k izleme fonksiyonlar\u0131 sayesinde v\u00fccudunuzla ilgili temel verileri anl\u0131k olarak takip edebilirsiniz. Nab\u0131z, uyku takibi, tansiyon, kan bas\u0131nc\u0131, EKG ve v\u00fccut s\u0131cakl\u0131\u011f\u0131 \u00f6l\u00e7\u00fcm\u00fc gibi \u00f6zellikler, g\u00fcn i\u00e7indeki performans\u0131n\u0131z\u0131 ve dinlenme kalitenizi analiz etmenize yard\u0131mc\u0131 olur.117 adet spor modu ile geni\u015f bir aktivite yelpazesi sunar. Ak\u0131ll\u0131 hat\u0131rlat\u0131c\u0131lar sayesinde su i\u00e7me ve hareketsizlik uyar\u0131lar\u0131 ile daha sa\u011fl\u0131kl\u0131 bir ya\u015fam tarz\u0131 desteklenir. Suya dayan\u0131kl\u0131 yap\u0131s\u0131 ile g\u00fcnl\u00fck kullan\u0131m i\u00e7in uygundur.<\/p>\n","protected":false},"excerpt":{"rendered":"<p>Teknoloji ve \u015f\u0131kl\u0131\u011f\u0131 bir araya getiren bu ak\u0131ll\u0131 saat, g\u00fcnl\u00fck ya\u015fam\u0131n her an\u0131nda kullan\u0131c\u0131ya pratik \u00e7\u00f6z\u00fcmler sunmak \u00fczere tasarlanm\u0131\u015ft\u0131r. 41 mm kavisli oval kenarl\u0131 kasa yap\u0131s\u0131, bile\u011fe do\u011fal bir uyum sa\u011flar ve estetik bir g\u00f6r\u00fcn\u00fcm sunar. Hafif yap\u0131s\u0131 sayesinde spor yaparken ya da g\u00fcn boyu kullan\u0131mda rahats\u0131zl\u0131k vermez.1,70 in\u00e7 AMOLED ekran, y\u00fcksek \u00e7\u00f6z\u00fcn\u00fcrl\u00fc\u011f\u00fc sayesinde net&#8230;<\/p>\n","protected":false},"featured_media":123614,"comment_status":"open","ping_status":"closed","template":"","meta":{"_kad_post_transparent":"","_kad_post_title":"","_kad_post_layout":"","_kad_post_sidebar_id":"","_kad_post_content_style":"","_kad_post_vertical_padding":"","_kad_post_feature":"","_kad_post_feature_position":"","_kad_post_header":false,"_kad_post_footer":false,"_kad_post_classname":""},"product_brand":[],"product_cat":[14935],"product_tag":[],"class_list":{"0":"post-123615","1":"product","2":"type-product","3":"status-publish","4":"has-post-thumbnail","6":"product_cat-akilli-saatler-akilli-saatler","8":"first","9":"instock","10":"purchasable","11":"product-type-simple","12":"entry","13":"content-bg","14":"loop-entry"},"_links":{"self":[{"href":"https:\/\/www.hediyepazar.com\/index.php?rest_route=\/wp\/v2\/product\/123615","targetHints":{"allow":["GET"]}}],"collection":[{"href":"https:\/\/www.hediyepazar.com\/index.php?rest_route=\/wp\/v2\/product"}],"about":[{"href":"https:\/\/www.hediyepazar.com\/index.php?rest_route=\/wp\/v2\/types\/product"}],"replies":[{"embeddable":true,"href":"https:\/\/www.hediyepazar.com\/index.php?rest_route=%2Fwp%2Fv2%2Fcomments&post=123615"}],"wp:featuredmedia":[{"embeddable":true,"href":"https:\/\/www.hediyepazar.com\/index.php?rest_route=\/wp\/v2\/media\/123614"}],"wp:attachment":[{"href":"https:\/\/www.hediyepazar.com\/index.php?rest_route=%2Fwp%2Fv2%2Fmedia&parent=123615"}],"wp:term":[{"taxonomy":"product_brand","embeddable":true,"href":"https:\/\/www.hediyepazar.com\/index.php?rest_route=%2Fwp%2Fv2%2Fproduct_brand&post=123615"},{"taxonomy":"product_cat","embeddable":true,"href":"https:\/\/www.hediyepazar.com\/index.php?rest_route=%2Fwp%2Fv2%2Fproduct_cat&post=123615"},{"taxonomy":"product_tag","embeddable":true,"href":"https:\/\/www.hediyepazar.com\/index.php?rest_route=%2Fwp%2Fv2%2Fproduct_tag&post=123615"}],"curies":[{"name":"wp","href":"https:\/\/api.w.org\/{rel}","templated":true}]}}