{"id":123621,"date":"2026-05-06T13:20:10","date_gmt":"2026-05-06T16:20:10","guid":{"rendered":"https:\/\/www.hediyepazar.com\/?product=motosiklet-icin-su-toz-ve-gunes-korumali-branda"},"modified":"2026-05-06T13:20:10","modified_gmt":"2026-05-06T16:20:10","slug":"motosiklet-icin-su-toz-ve-gunes-korumali-branda","status":"publish","type":"product","link":"https:\/\/www.hediyepazar.com\/?product=motosiklet-icin-su-toz-ve-gunes-korumali-branda","title":{"rendered":"Motosiklet \u0130\u00e7in Su Toz ve G\u00fcne\u015f Korumal\u0131 Branda"},"content":{"rendered":"<p>Bu motosiklet brandas\u0131, motosikletinizi d\u00f6rt mevsim boyunca d\u0131\u015f etkenlere kar\u015f\u0131 korumak i\u00e7in geli\u015ftirilmi\u015ftir. Dayan\u0131kl\u0131 yap\u0131s\u0131 sayesinde zorlu hava ko\u015fullar\u0131nda bile g\u00fcvenilir performans sunar. \u015eehir i\u00e7i kullan\u0131mda ya da uzun s\u00fcre park edilen motosikletlerde ideal bir \u00e7\u00f6z\u00fcmd\u00fcr.D\u0131\u015f y\u00fczeyi PVC lamine kaplama ile \u00fcretilmi\u015ftir ve su ge\u00e7irmez yap\u0131dad\u0131r. Toz, polen ve ku\u015f pisli\u011fi gibi d\u0131\u015f etkenlerin motosiklet y\u00fczeyine ula\u015fmas\u0131n\u0131 engeller. \u0130\u00e7 y\u00fczeyde kullan\u0131lan \u00f6zel kuma\u015f, boyaya zarar vermez ve \u00e7izilme riskini ortadan kald\u0131r\u0131r.Terleme yapmayan yap\u0131s\u0131 sayesinde motosiklet \u00fczerinde nem olu\u015fmaz. Bu durum paslanma ve korozyon riskini azalt\u0131r. Hava ve polen filtrelerinin daha uzun s\u00fcre temiz kalmas\u0131na katk\u0131 sa\u011flar.Yaz\u0131n a\u015f\u0131r\u0131 s\u0131caklarda g\u00fcne\u015f \u0131\u015f\u0131nlar\u0131na kar\u015f\u0131 koruma sunar, k\u0131\u015f\u0131n ise ya\u011f\u0131\u015f ve don olaylar\u0131na kar\u015f\u0131 etkili bir bariyer olu\u015fturur. Geni\u015f s\u0131cakl\u0131k aral\u0131\u011f\u0131nda sorunsuz kullan\u0131labilir.H\u0131rs\u0131zl\u0131\u011fa kar\u015f\u0131 cayd\u0131r\u0131c\u0131 g\u00f6r\u00fcn\u00fcm sunar.<\/p>\n","protected":false},"excerpt":{"rendered":"<p>Bu motosiklet brandas\u0131, motosikletinizi d\u00f6rt mevsim boyunca d\u0131\u015f etkenlere kar\u015f\u0131 korumak i\u00e7in geli\u015ftirilmi\u015ftir. Dayan\u0131kl\u0131 yap\u0131s\u0131 sayesinde zorlu hava ko\u015fullar\u0131nda bile g\u00fcvenilir performans sunar. \u015eehir i\u00e7i kullan\u0131mda ya da uzun s\u00fcre park edilen motosikletlerde ideal bir \u00e7\u00f6z\u00fcmd\u00fcr.D\u0131\u015f y\u00fczeyi PVC lamine kaplama ile \u00fcretilmi\u015ftir ve su ge\u00e7irmez yap\u0131dad\u0131r. Toz, polen ve ku\u015f pisli\u011fi gibi d\u0131\u015f etkenlerin motosiklet&#8230;<\/p>\n","protected":false},"featured_media":123620,"comment_status":"open","ping_status":"closed","template":"","meta":{"_kad_post_transparent":"","_kad_post_title":"","_kad_post_layout":"","_kad_post_sidebar_id":"","_kad_post_content_style":"","_kad_post_vertical_padding":"","_kad_post_feature":"","_kad_post_feature_position":"","_kad_post_header":false,"_kad_post_footer":false,"_kad_post_classname":""},"product_brand":[],"product_cat":[14921],"product_tag":[],"class_list":{"0":"post-123621","1":"product","2":"type-product","3":"status-publish","4":"has-post-thumbnail","6":"product_cat-oto-guneslik-perde-oto-guneslik-perde-2","8":"first","9":"instock","10":"purchasable","11":"product-type-simple","12":"entry","13":"content-bg","14":"loop-entry"},"_links":{"self":[{"href":"https:\/\/www.hediyepazar.com\/index.php?rest_route=\/wp\/v2\/product\/123621","targetHints":{"allow":["GET"]}}],"collection":[{"href":"https:\/\/www.hediyepazar.com\/index.php?rest_route=\/wp\/v2\/product"}],"about":[{"href":"https:\/\/www.hediyepazar.com\/index.php?rest_route=\/wp\/v2\/types\/product"}],"replies":[{"embeddable":true,"href":"https:\/\/www.hediyepazar.com\/index.php?rest_route=%2Fwp%2Fv2%2Fcomments&post=123621"}],"wp:featuredmedia":[{"embeddable":true,"href":"https:\/\/www.hediyepazar.com\/index.php?rest_route=\/wp\/v2\/media\/123620"}],"wp:attachment":[{"href":"https:\/\/www.hediyepazar.com\/index.php?rest_route=%2Fwp%2Fv2%2Fmedia&parent=123621"}],"wp:term":[{"taxonomy":"product_brand","embeddable":true,"href":"https:\/\/www.hediyepazar.com\/index.php?rest_route=%2Fwp%2Fv2%2Fproduct_brand&post=123621"},{"taxonomy":"product_cat","embeddable":true,"href":"https:\/\/www.hediyepazar.com\/index.php?rest_route=%2Fwp%2Fv2%2Fproduct_cat&post=123621"},{"taxonomy":"product_tag","embeddable":true,"href":"https:\/\/www.hediyepazar.com\/index.php?rest_route=%2Fwp%2Fv2%2Fproduct_tag&post=123621"}],"curies":[{"name":"wp","href":"https:\/\/api.w.org\/{rel}","templated":true}]}}