{"id":123629,"date":"2026-05-06T13:22:12","date_gmt":"2026-05-06T16:22:12","guid":{"rendered":"https:\/\/www.hediyepazar.com\/?product=ic-mekan-uyumlu-yildiz-peri-led-perde-3x3-metre"},"modified":"2026-05-06T13:22:12","modified_gmt":"2026-05-06T16:22:12","slug":"ic-mekan-uyumlu-yildiz-peri-led-perde-3x3-metre","status":"publish","type":"product","link":"https:\/\/www.hediyepazar.com\/?product=ic-mekan-uyumlu-yildiz-peri-led-perde-3x3-metre","title":{"rendered":"\u0130\u00e7 Mekan Uyumlu Y\u0131ld\u0131z Peri Led Perde 3&#215;3 Metre"},"content":{"rendered":"<p>\u0130\u00e7 Mekan Uyumlu Y\u0131ld\u0131z Peri Led Perde 3&#215;3 Metre, modern ve romantik dekorasyon anlay\u0131\u015f\u0131na uyum sa\u011flayan \u015f\u0131k bir ayd\u0131nlatma \u00fcr\u00fcn\u00fcd\u00fcr. Y\u0131ld\u0131z fig\u00fcrleri ile tasarlanm\u0131\u015f yap\u0131s\u0131, ortamda masals\u0131 bir g\u00f6r\u00fcn\u00fcm olu\u015fturur.Geni\u015f \u00f6l\u00e7\u00fcs\u00fc sayesinde b\u00fcy\u00fck alanlarda etkili bir \u0131\u015f\u0131k d\u00fczeni sa\u011flar. Yumu\u015fak \u0131\u015f\u0131k yay\u0131l\u0131m\u0131 ile g\u00f6z yormaz ve uzun s\u00fcreli kullan\u0131mlarda konfor sunar. Yatak odas\u0131, salon ve gen\u00e7 odalar\u0131 i\u00e7in idealdir.Dekoratif ama\u00e7l\u0131 kullan\u0131mlar\u0131n yan\u0131 s\u0131ra \u00f6zel g\u00fcn organizasyonlar\u0131nda da estetik bir tamamlay\u0131c\u0131d\u0131r. Minimal ve zarif tasar\u0131m\u0131 sayesinde her dekorasyon stiline uyum sa\u011flar.<\/p>\n","protected":false},"excerpt":{"rendered":"<p>\u0130\u00e7 Mekan Uyumlu Y\u0131ld\u0131z Peri Led Perde 3&#215;3 Metre, modern ve romantik dekorasyon anlay\u0131\u015f\u0131na uyum sa\u011flayan \u015f\u0131k bir ayd\u0131nlatma \u00fcr\u00fcn\u00fcd\u00fcr. Y\u0131ld\u0131z fig\u00fcrleri ile tasarlanm\u0131\u015f yap\u0131s\u0131, ortamda masals\u0131 bir g\u00f6r\u00fcn\u00fcm olu\u015fturur.Geni\u015f \u00f6l\u00e7\u00fcs\u00fc sayesinde b\u00fcy\u00fck alanlarda etkili bir \u0131\u015f\u0131k d\u00fczeni sa\u011flar. Yumu\u015fak \u0131\u015f\u0131k yay\u0131l\u0131m\u0131 ile g\u00f6z yormaz ve uzun s\u00fcreli kullan\u0131mlarda konfor sunar. Yatak odas\u0131, salon ve&#8230;<\/p>\n","protected":false},"featured_media":123628,"comment_status":"open","ping_status":"closed","template":"","meta":{"_kad_post_transparent":"","_kad_post_title":"","_kad_post_layout":"","_kad_post_sidebar_id":"","_kad_post_content_style":"","_kad_post_vertical_padding":"","_kad_post_feature":"","_kad_post_feature_position":"","_kad_post_header":false,"_kad_post_footer":false,"_kad_post_classname":""},"product_brand":[],"product_cat":[14933],"product_tag":[],"class_list":{"0":"post-123629","1":"product","2":"type-product","3":"status-publish","4":"has-post-thumbnail","6":"product_cat-led-isik-led-isik","8":"first","9":"instock","10":"purchasable","11":"product-type-simple","12":"entry","13":"content-bg","14":"loop-entry"},"_links":{"self":[{"href":"https:\/\/www.hediyepazar.com\/index.php?rest_route=\/wp\/v2\/product\/123629","targetHints":{"allow":["GET"]}}],"collection":[{"href":"https:\/\/www.hediyepazar.com\/index.php?rest_route=\/wp\/v2\/product"}],"about":[{"href":"https:\/\/www.hediyepazar.com\/index.php?rest_route=\/wp\/v2\/types\/product"}],"replies":[{"embeddable":true,"href":"https:\/\/www.hediyepazar.com\/index.php?rest_route=%2Fwp%2Fv2%2Fcomments&post=123629"}],"wp:featuredmedia":[{"embeddable":true,"href":"https:\/\/www.hediyepazar.com\/index.php?rest_route=\/wp\/v2\/media\/123628"}],"wp:attachment":[{"href":"https:\/\/www.hediyepazar.com\/index.php?rest_route=%2Fwp%2Fv2%2Fmedia&parent=123629"}],"wp:term":[{"taxonomy":"product_brand","embeddable":true,"href":"https:\/\/www.hediyepazar.com\/index.php?rest_route=%2Fwp%2Fv2%2Fproduct_brand&post=123629"},{"taxonomy":"product_cat","embeddable":true,"href":"https:\/\/www.hediyepazar.com\/index.php?rest_route=%2Fwp%2Fv2%2Fproduct_cat&post=123629"},{"taxonomy":"product_tag","embeddable":true,"href":"https:\/\/www.hediyepazar.com\/index.php?rest_route=%2Fwp%2Fv2%2Fproduct_tag&post=123629"}],"curies":[{"name":"wp","href":"https:\/\/api.w.org\/{rel}","templated":true}]}}