{"id":123631,"date":"2026-05-06T13:22:19","date_gmt":"2026-05-06T16:22:19","guid":{"rendered":"https:\/\/www.hediyepazar.com\/?product=dekoratif-yildiz-peri-led-perde-3x3-metre-ortam-isigi"},"modified":"2026-05-06T13:22:19","modified_gmt":"2026-05-06T16:22:19","slug":"dekoratif-yildiz-peri-led-perde-3x3-metre-ortam-isigi","status":"publish","type":"product","link":"https:\/\/www.hediyepazar.com\/?product=dekoratif-yildiz-peri-led-perde-3x3-metre-ortam-isigi","title":{"rendered":"Dekoratif Y\u0131ld\u0131z Peri Led Perde 3&#215;3 Metre Ortam I\u015f\u0131\u011f\u0131"},"content":{"rendered":"<p>Dekoratif Y\u0131ld\u0131z Peri Led Perde 3&#215;3 Metre, i\u00e7 mek\u00e2n dekorasyonunda estetik ve s\u0131cak bir \u0131\u015f\u0131k arayanlar i\u00e7in tasarlanm\u0131\u015ft\u0131r. Y\u0131ld\u0131z fig\u00fcrleri, ortama romantik ve huzurlu bir hava katar. Ak\u015fam saatlerinde olu\u015fturdu\u011fu lo\u015f ayd\u0131nlatma sayesinde dinlendirici bir ortam sa\u011flar.3 metre geni\u015flik ve 3 metre y\u00fckseklik, \u00fcr\u00fcn\u00fc geni\u015f alanlar i\u00e7in ideal hale getirir. Duvar, pencere ve perde arkas\u0131 kullan\u0131m\u0131nda estetik bir g\u00f6r\u00fcn\u00fcm sunar. Y\u0131ld\u0131z formundaki \u0131\u015f\u0131klar, mek\u00e2nda b\u00fct\u00fcnl\u00fck sa\u011flar ve dekorasyonu tamamlar.\u00d6zel g\u00fcnlerde organizasyon s\u00fcslemeleri i\u00e7in de s\u0131kl\u0131kla tercih edilir. Do\u011fum g\u00fcn\u00fc partileri, ni\u015fan ve ev kutlamalar\u0131nda \u015f\u0131k bir arka plan olu\u015fturur. Ayn\u0131 zamanda foto\u011fraf \u00e7ekimleri i\u00e7in de olduk\u00e7a uygundur.Uzun \u00f6m\u00fcrl\u00fc led yap\u0131s\u0131 ile defalarca kullan\u0131labilir. Kolay kurulumu sayesinde zahmetsiz kullan\u0131m sunar ve dekorasyonunuza de\u011fer katar.<\/p>\n","protected":false},"excerpt":{"rendered":"<p>Dekoratif Y\u0131ld\u0131z Peri Led Perde 3&#215;3 Metre, i\u00e7 mek\u00e2n dekorasyonunda estetik ve s\u0131cak bir \u0131\u015f\u0131k arayanlar i\u00e7in tasarlanm\u0131\u015ft\u0131r. Y\u0131ld\u0131z fig\u00fcrleri, ortama romantik ve huzurlu bir hava katar. Ak\u015fam saatlerinde olu\u015fturdu\u011fu lo\u015f ayd\u0131nlatma sayesinde dinlendirici bir ortam sa\u011flar.3 metre geni\u015flik ve 3 metre y\u00fckseklik, \u00fcr\u00fcn\u00fc geni\u015f alanlar i\u00e7in ideal hale getirir. Duvar, pencere ve perde arkas\u0131&#8230;<\/p>\n","protected":false},"featured_media":123630,"comment_status":"open","ping_status":"closed","template":"","meta":{"_kad_post_transparent":"","_kad_post_title":"","_kad_post_layout":"","_kad_post_sidebar_id":"","_kad_post_content_style":"","_kad_post_vertical_padding":"","_kad_post_feature":"","_kad_post_feature_position":"","_kad_post_header":false,"_kad_post_footer":false,"_kad_post_classname":""},"product_brand":[],"product_cat":[14933],"product_tag":[],"class_list":{"0":"post-123631","1":"product","2":"type-product","3":"status-publish","4":"has-post-thumbnail","6":"product_cat-led-isik-led-isik","8":"first","9":"instock","10":"purchasable","11":"product-type-simple","12":"entry","13":"content-bg","14":"loop-entry"},"_links":{"self":[{"href":"https:\/\/www.hediyepazar.com\/index.php?rest_route=\/wp\/v2\/product\/123631","targetHints":{"allow":["GET"]}}],"collection":[{"href":"https:\/\/www.hediyepazar.com\/index.php?rest_route=\/wp\/v2\/product"}],"about":[{"href":"https:\/\/www.hediyepazar.com\/index.php?rest_route=\/wp\/v2\/types\/product"}],"replies":[{"embeddable":true,"href":"https:\/\/www.hediyepazar.com\/index.php?rest_route=%2Fwp%2Fv2%2Fcomments&post=123631"}],"wp:featuredmedia":[{"embeddable":true,"href":"https:\/\/www.hediyepazar.com\/index.php?rest_route=\/wp\/v2\/media\/123630"}],"wp:attachment":[{"href":"https:\/\/www.hediyepazar.com\/index.php?rest_route=%2Fwp%2Fv2%2Fmedia&parent=123631"}],"wp:term":[{"taxonomy":"product_brand","embeddable":true,"href":"https:\/\/www.hediyepazar.com\/index.php?rest_route=%2Fwp%2Fv2%2Fproduct_brand&post=123631"},{"taxonomy":"product_cat","embeddable":true,"href":"https:\/\/www.hediyepazar.com\/index.php?rest_route=%2Fwp%2Fv2%2Fproduct_cat&post=123631"},{"taxonomy":"product_tag","embeddable":true,"href":"https:\/\/www.hediyepazar.com\/index.php?rest_route=%2Fwp%2Fv2%2Fproduct_tag&post=123631"}],"curies":[{"name":"wp","href":"https:\/\/api.w.org\/{rel}","templated":true}]}}