{"id":123633,"date":"2026-05-06T13:23:59","date_gmt":"2026-05-06T16:23:59","guid":{"rendered":"https:\/\/www.hediyepazar.com\/?product=yildiz-desenli-perde-tipi-peri-led-3x3-metre-aydinlatma"},"modified":"2026-05-06T13:23:59","modified_gmt":"2026-05-06T16:23:59","slug":"yildiz-desenli-perde-tipi-peri-led-3x3-metre-aydinlatma","status":"publish","type":"product","link":"https:\/\/www.hediyepazar.com\/?product=yildiz-desenli-perde-tipi-peri-led-3x3-metre-aydinlatma","title":{"rendered":"Y\u0131ld\u0131z Desenli Perde Tipi Peri Led 3&#215;3 Metre Ayd\u0131nlatma"},"content":{"rendered":"<p>Y\u0131ld\u0131z Desenli Perde Tipi Peri Led 3&#215;3 Metre, dekorasyonuna zarif bir dokunu\u015f katmak isteyenler i\u00e7in ideal bir ayd\u0131nlatma \u00fcr\u00fcn\u00fcd\u00fcr. Y\u0131ld\u0131z fig\u00fcrl\u00fc tasar\u0131m\u0131, klasik \u0131\u015f\u0131kland\u0131rmalardan farkl\u0131 olarak mek\u00e2na masals\u0131 ve romantik bir hava kazand\u0131r\u0131r. I\u015f\u0131\u011f\u0131n yumu\u015fak ve dengeli yay\u0131lmas\u0131 sayesinde g\u00f6z yormaz ve huzurlu bir ortam olu\u015fturur.3&#215;3 metre \u00f6l\u00e7\u00fcs\u00fc, \u00f6zellikle geni\u015f pencere ve duvar alanlar\u0131nda tam kaplama sa\u011flar. Perde formu sayesinde \u0131\u015f\u0131klar d\u00fczenli bir \u015fekilde a\u015fa\u011f\u0131 do\u011fru sarkar ve estetik bir g\u00f6r\u00fcn\u00fcm sunar. Y\u0131ld\u0131z fig\u00fcrleri, \u0131\u015f\u0131\u011f\u0131n daha homojen yay\u0131lmas\u0131n\u0131 sa\u011flar ve dekorasyonun \u00f6n plana \u00e7\u0131kmas\u0131na yard\u0131mc\u0131 olur.Bu perde peri led, hem ev dekorasyonu hem de organizasyon s\u00fcslemeleri i\u00e7in uygundur. Yatak odas\u0131, salon, balkon kap\u0131s\u0131, duvar ve foto\u011fraf k\u00f6\u015felerinde rahatl\u0131kla kullan\u0131labilir. \u00d6zellikle romantik bir atmosfer yaratmak isteyenler i\u00e7in ideal bir tercihtir.Do\u011fum g\u00fcn\u00fc, ni\u015fan, y\u0131l d\u00f6n\u00fcm\u00fc ve \u00f6zel davetlerde mek\u00e2n\u0131n havas\u0131n\u0131 tamamen de\u011fi\u015ftiren bir etki yarat\u0131r. Minimal tasar\u0131m\u0131 sayesinde ortam\u0131 bo\u011fmaz, aksine daha ferah ve estetik bir g\u00f6r\u00fcn\u00fcm sunar.Hafif yap\u0131s\u0131 sayesinde kurulumu olduk\u00e7a kolayd\u0131r. S\u00f6k\u00fcl\u00fcp tekrar tak\u0131labilir ve farkl\u0131 alanlarda tekrar tekrar kullan\u0131labilir. Dayan\u0131kl\u0131 led yap\u0131s\u0131 sayesinde uzun \u00f6m\u00fcrl\u00fc kullan\u0131m sa\u011flar.<\/p>\n","protected":false},"excerpt":{"rendered":"<p>Y\u0131ld\u0131z Desenli Perde Tipi Peri Led 3&#215;3 Metre, dekorasyonuna zarif bir dokunu\u015f katmak isteyenler i\u00e7in ideal bir ayd\u0131nlatma \u00fcr\u00fcn\u00fcd\u00fcr. Y\u0131ld\u0131z fig\u00fcrl\u00fc tasar\u0131m\u0131, klasik \u0131\u015f\u0131kland\u0131rmalardan farkl\u0131 olarak mek\u00e2na masals\u0131 ve romantik bir hava kazand\u0131r\u0131r. I\u015f\u0131\u011f\u0131n yumu\u015fak ve dengeli yay\u0131lmas\u0131 sayesinde g\u00f6z yormaz ve huzurlu bir ortam olu\u015fturur.3&#215;3 metre \u00f6l\u00e7\u00fcs\u00fc, \u00f6zellikle geni\u015f pencere ve duvar alanlar\u0131nda tam&#8230;<\/p>\n","protected":false},"featured_media":123632,"comment_status":"open","ping_status":"closed","template":"","meta":{"_kad_post_transparent":"","_kad_post_title":"","_kad_post_layout":"","_kad_post_sidebar_id":"","_kad_post_content_style":"","_kad_post_vertical_padding":"","_kad_post_feature":"","_kad_post_feature_position":"","_kad_post_header":false,"_kad_post_footer":false,"_kad_post_classname":""},"product_brand":[],"product_cat":[14933],"product_tag":[],"class_list":{"0":"post-123633","1":"product","2":"type-product","3":"status-publish","4":"has-post-thumbnail","6":"product_cat-led-isik-led-isik","8":"first","9":"instock","10":"purchasable","11":"product-type-simple","12":"entry","13":"content-bg","14":"loop-entry"},"_links":{"self":[{"href":"https:\/\/www.hediyepazar.com\/index.php?rest_route=\/wp\/v2\/product\/123633","targetHints":{"allow":["GET"]}}],"collection":[{"href":"https:\/\/www.hediyepazar.com\/index.php?rest_route=\/wp\/v2\/product"}],"about":[{"href":"https:\/\/www.hediyepazar.com\/index.php?rest_route=\/wp\/v2\/types\/product"}],"replies":[{"embeddable":true,"href":"https:\/\/www.hediyepazar.com\/index.php?rest_route=%2Fwp%2Fv2%2Fcomments&post=123633"}],"wp:featuredmedia":[{"embeddable":true,"href":"https:\/\/www.hediyepazar.com\/index.php?rest_route=\/wp\/v2\/media\/123632"}],"wp:attachment":[{"href":"https:\/\/www.hediyepazar.com\/index.php?rest_route=%2Fwp%2Fv2%2Fmedia&parent=123633"}],"wp:term":[{"taxonomy":"product_brand","embeddable":true,"href":"https:\/\/www.hediyepazar.com\/index.php?rest_route=%2Fwp%2Fv2%2Fproduct_brand&post=123633"},{"taxonomy":"product_cat","embeddable":true,"href":"https:\/\/www.hediyepazar.com\/index.php?rest_route=%2Fwp%2Fv2%2Fproduct_cat&post=123633"},{"taxonomy":"product_tag","embeddable":true,"href":"https:\/\/www.hediyepazar.com\/index.php?rest_route=%2Fwp%2Fv2%2Fproduct_tag&post=123633"}],"curies":[{"name":"wp","href":"https:\/\/api.w.org\/{rel}","templated":true}]}}