{"id":123649,"date":"2026-05-06T13:27:11","date_gmt":"2026-05-06T16:27:11","guid":{"rendered":"https:\/\/www.hediyepazar.com\/?product=seksi-siyah-tul-babydoll-gecelik-15500"},"modified":"2026-05-06T13:27:11","modified_gmt":"2026-05-06T16:27:11","slug":"seksi-siyah-tul-babydoll-gecelik-15500","status":"publish","type":"product","link":"https:\/\/www.hediyepazar.com\/?product=seksi-siyah-tul-babydoll-gecelik-15500","title":{"rendered":"Seksi Siyah T\u00fcl Babydoll\u00a0Gecelik 15500"},"content":{"rendered":"<p> Seksi Siyah T\u00fcl Babydoll&nbsp;Gecelik 15500<\/p>\n<p>Paket \u0130\u00e7eri\u011fi; *Gecelik&nbsp;*slip<\/p>\n<p>Bedenler : S\/M &#8211; L\/XL &#8211; 2XL\/3XL<\/p>\n<p>\u00dcr\u00fcn\u00fcm\u00fcz&nbsp; ince t\u00fcl ve dantelden&nbsp;\u00fcretilmi\u015fdir.Transparan yap\u0131s\u0131 sayesinde bayan gecelik katagorisinde en \u00e7ok tercih edilen modeller aras\u0131dad\u0131r.<\/p>\n<p>Not:Omuz sabit ask\u0131d\u0131r.Ayarlamal\u0131 de\u011fildir.Daha rahat giyilmesi amac\u0131yla bu sekilde \u00fcretilmi\u015fdir.<\/p>\n<p>%100 poyester<\/p>\n<p> Not :\u0130ncelediginiz \u00dcr\u00fcn Hijyen Kurallar\u0131 Gere\u011fi \u0130ade Ve De\u011fi\u015fimi Bulunmamaktad\u0131r.<\/p>\n","protected":false},"excerpt":{"rendered":"<p>Seksi Siyah T\u00fcl Babydoll&nbsp;Gecelik 15500 Paket \u0130\u00e7eri\u011fi; *Gecelik&nbsp;*slip Bedenler : S\/M &#8211; L\/XL &#8211; 2XL\/3XL \u00dcr\u00fcn\u00fcm\u00fcz&nbsp; ince t\u00fcl ve dantelden&nbsp;\u00fcretilmi\u015fdir.Transparan yap\u0131s\u0131 sayesinde bayan gecelik katagorisinde en \u00e7ok tercih edilen modeller aras\u0131dad\u0131r. Not:Omuz sabit ask\u0131d\u0131r.Ayarlamal\u0131 de\u011fildir.Daha rahat giyilmesi amac\u0131yla bu sekilde \u00fcretilmi\u015fdir. %100 poyester Not :\u0130ncelediginiz \u00dcr\u00fcn Hijyen Kurallar\u0131 Gere\u011fi \u0130ade Ve De\u011fi\u015fimi Bulunmamaktad\u0131r.<\/p>\n","protected":false},"featured_media":123648,"comment_status":"open","ping_status":"closed","template":"","meta":{"_kad_post_transparent":"","_kad_post_title":"","_kad_post_layout":"","_kad_post_sidebar_id":"","_kad_post_content_style":"","_kad_post_vertical_padding":"","_kad_post_feature":"","_kad_post_feature_position":"","_kad_post_header":false,"_kad_post_footer":false,"_kad_post_classname":""},"product_brand":[],"product_cat":[15167],"product_tag":[],"class_list":{"0":"post-123649","1":"product","2":"type-product","3":"status-publish","4":"has-post-thumbnail","6":"product_cat-fantezi-gecelik-fantezi-gecelik","8":"first","9":"instock","10":"purchasable","11":"product-type-simple","12":"entry","13":"content-bg","14":"loop-entry"},"_links":{"self":[{"href":"https:\/\/www.hediyepazar.com\/index.php?rest_route=\/wp\/v2\/product\/123649","targetHints":{"allow":["GET"]}}],"collection":[{"href":"https:\/\/www.hediyepazar.com\/index.php?rest_route=\/wp\/v2\/product"}],"about":[{"href":"https:\/\/www.hediyepazar.com\/index.php?rest_route=\/wp\/v2\/types\/product"}],"replies":[{"embeddable":true,"href":"https:\/\/www.hediyepazar.com\/index.php?rest_route=%2Fwp%2Fv2%2Fcomments&post=123649"}],"wp:featuredmedia":[{"embeddable":true,"href":"https:\/\/www.hediyepazar.com\/index.php?rest_route=\/wp\/v2\/media\/123648"}],"wp:attachment":[{"href":"https:\/\/www.hediyepazar.com\/index.php?rest_route=%2Fwp%2Fv2%2Fmedia&parent=123649"}],"wp:term":[{"taxonomy":"product_brand","embeddable":true,"href":"https:\/\/www.hediyepazar.com\/index.php?rest_route=%2Fwp%2Fv2%2Fproduct_brand&post=123649"},{"taxonomy":"product_cat","embeddable":true,"href":"https:\/\/www.hediyepazar.com\/index.php?rest_route=%2Fwp%2Fv2%2Fproduct_cat&post=123649"},{"taxonomy":"product_tag","embeddable":true,"href":"https:\/\/www.hediyepazar.com\/index.php?rest_route=%2Fwp%2Fv2%2Fproduct_tag&post=123649"}],"curies":[{"name":"wp","href":"https:\/\/api.w.org\/{rel}","templated":true}]}}